{"id":151569,"date":"2022-06-27T11:49:34","date_gmt":"2025-06-29T11:44:01","guid":{"rendered":"https:\/\/kingarms.ee\/product\/mre-racion-hotel-3-maitinimas-741g\/"},"modified":"2025-06-29T14:44:01","modified_gmt":"2025-06-29T11:44:01","slug":"mre-racion-hotel-3-maitinimas-741g","status":"publish","type":"product","link":"https:\/\/kingarms.ee\/lt\/product\/mre-racion-hotel-3-maitinimas-741g\/","title":{"rendered":"MRE racion HOTEL 3 maitinimas 741g"},"content":{"rendered":"","protected":false},"excerpt":{"rendered":"<p>&#8222;Tactical Foodpack&#8221; maisto daviniai &#8222;Golf&#8221;, &#8222;Hotel&#8221; ir &#8222;India&#8221; yra skirti pad\u0117ti jums patiems planuoti savo laik\u0105 ir maist\u0105. Didel\u0117s maistin\u0117s vert\u0117s pakuot\u0117se yra trys &#8222;Tactical Foodpack&#8221; patiekalai, \u012fvair\u016bs u\u017ekand\u017eiai ir liofilizuoti ledai desertui. Gaivinan\u010diam g\u0117rimui galite pasigaminti kavos arba kakavos. Prieduose yra \u0161auk\u0161telis, &#8222;Tactical&#8221; g\u0117rim\u0173 u\u017epildas ir &#8222;Tactical&#8221; du\u0161o ir dezinfekuojamosios rank\u0173 servet\u0117l\u0117s asmens higienai. Raciono pakuot\u0117 yra daugkartinio naudojimo.    <\/p>\n<p><strong>Neleiskite sau nusileisti \u012f raudon\u0105j\u0105 pus\u0119 &#8211; palaikykite auk\u0161t\u0105 energijos lyg\u012f!<\/strong><\/p>\n<p>Paket\u0105 sudaro:<\/p>\n<ul>\n<li>Ry\u017ei\u0173 pudingas su uogomis-grynasis svoris 90 g, energin\u0117 vert\u0117 porcijoje 425 kcal<\/li>\n<li>Ry\u017ei\u0173 patiekalas su kiauliena-neto svoris 115 g, energin\u0117 vert\u0117 porcijoje 523 kcal<\/li>\n<li>Spage\u010diai Bolognese-grynasis svoris 115 g, energin\u0117 vert\u0117 porcijoje 542 kcal<\/li>\n<li>Duona &#8211; neto mas\u0117 100 g, vienos porcijos energin\u0117 vert\u0117 262 kcal<\/li>\n<li>Core Shake Fresh Green-grynasis svoris 60 g, energin\u0117 vert\u0117 porcijoje 320 kcal<\/li>\n<li>Jautienos tr\u016bk\u010diojantis Teriyaki-neto svoris 40 g, energin\u0117 vert\u0117 porcijoje 112,4 kcal<\/li>\n<li>Energy bar multi vitamin-neto svoris 125 g, energin\u0117 vert\u0117 porcijoje 613,75 kcal<\/li>\n<li>Liofilizuoti ledai vaniliniai-grynasis svoris 38 g, energin\u0117 vert\u0117 porcijoje 165 kcal<\/li>\n<li>Kavos grynasis svoris 2,4 g<\/li>\n<li>Cukrus-neto svoris 6 g, energin\u0117 vert\u0117 porcijoje 23,7 kcal<\/li>\n<li>Kakava-grynasis svoris 25 g, energin\u0117 vert\u0117 porcijoje 97,5 kcal<\/li>\n<li>\u0160auk\u0161tas<\/li>\n<li>Yogi vir\u0161us<\/li>\n<li>Taktinis du\u0161as<\/li>\n<li>3x Dezinfekuojanti rank\u0173 valymo servet\u0117l\u0117<\/li>\n<\/ul>\n<p>3 Maitinimas racionas vie\u0161butis energetin\u0117 vert\u0117: 3080 kcal<\/p>\n<p>Grynasis svoris: 741 g<\/p>\n<p><strong>Geriausia prie\u0161:<\/strong><br clear=\"none\">8 metai pagrindiniams maisto produktams<br clear=\"none\">3 metai interludams<\/p>\n","protected":false},"featured_media":122703,"template":"","meta":{"_acf_changed":false},"product_brand":[],"product_cat":[1272],"product_tag":[],"class_list":{"0":"post-151569","1":"product","2":"type-product","3":"status-publish","4":"has-post-thumbnail","6":"product_cat-taktine-maisto-pakuote","8":"first","9":"instock","10":"taxable","11":"shipping-taxable","12":"purchasable","13":"product-type-simple"},"acf":[],"_links":{"self":[{"href":"https:\/\/kingarms.ee\/lt\/wp-json\/wp\/v2\/product\/151569","targetHints":{"allow":["GET"]}}],"collection":[{"href":"https:\/\/kingarms.ee\/lt\/wp-json\/wp\/v2\/product"}],"about":[{"href":"https:\/\/kingarms.ee\/lt\/wp-json\/wp\/v2\/types\/product"}],"wp:featuredmedia":[{"embeddable":true,"href":"https:\/\/kingarms.ee\/lt\/wp-json\/wp\/v2\/media\/122703"}],"wp:attachment":[{"href":"https:\/\/kingarms.ee\/lt\/wp-json\/wp\/v2\/media?parent=151569"}],"wp:term":[{"taxonomy":"product_brand","embeddable":true,"href":"https:\/\/kingarms.ee\/lt\/wp-json\/wp\/v2\/product_brand?post=151569"},{"taxonomy":"product_cat","embeddable":true,"href":"https:\/\/kingarms.ee\/lt\/wp-json\/wp\/v2\/product_cat?post=151569"},{"taxonomy":"product_tag","embeddable":true,"href":"https:\/\/kingarms.ee\/lt\/wp-json\/wp\/v2\/product_tag?post=151569"}],"curies":[{"name":"wp","href":"https:\/\/api.w.org\/{rel}","templated":true}]}}