{"id":151578,"date":"2022-05-16T14:10:32","date_gmt":"2025-06-29T11:47:35","guid":{"rendered":"https:\/\/kingarms.ee\/product\/atidaro-iii-2-xs-1-m-pistoleto-rinkinys-5-56-zurnalas-puches-molle\/"},"modified":"2025-06-29T14:47:35","modified_gmt":"2025-06-29T11:47:35","slug":"atidaro-iii-2-xs-1-m-pistoleto-rinkinys-5-56-zurnalas-puches-molle","status":"publish","type":"product","link":"https:\/\/kingarms.ee\/lt\/product\/atidaro-iii-2-xs-1-m-pistoleto-rinkinys-5-56-zurnalas-puches-molle\/","title":{"rendered":"Atidaro III 2 xs 1 m pistoleto rinkinys 5.56 \u017eurnalas \u201ePuches Molle\u201c"},"content":{"rendered":"","protected":false},"excerpt":{"rendered":"<p>Atidaro III 2 xs 1 m pistoleto rinkinys 5.56 \u017eurnalas \u201ePuches Molle\u201c<\/p>\n<p>2 Greit\u0173 Mai\u0161eli\u0173, pagamint\u0173 pat patvarijo polimero \u201epirminis pavara\u201c, rinkinys, skirtas \u017eurnalams \u201epistoletas\u201c ir mai\u0161elis, skirtas \u017eurnalams AR-15 ar Pana\u0161i\u0173 Dyd\u017ei\u0173. Jie netturi Atvart\u0173, Kurie leid\u017eia greitai patekti \u012f \u017durnalus, Tuo pa\u010divi laikelidami juos tikrai viet\u0117 ir neleid\u017eiant Atsitikaii iSkristi, kai montuojami auk\u0161yn Kojomis. Tai Palengvina Mai\u0161elio konstrukcija &#8211; J\u0105 Sudaro DVI PUSS, SANDARAI PAKEMOS KARTU SU SILICIO GUMOS JUOSTOMIS.  <\/p>\n","protected":false},"featured_media":119716,"template":"","meta":{"_acf_changed":false},"product_brand":[],"product_cat":[1240,1242],"product_tag":[],"class_list":{"0":"post-151578","1":"product","2":"type-product","3":"status-publish","4":"has-post-thumbnail","6":"product_cat-maiseliai-krepsiai-ir-dirzeliai","7":"product_cat-sandeliavimo-kisenes","9":"first","10":"instock","11":"purchasable","12":"product-type-simple"},"acf":[],"_links":{"self":[{"href":"https:\/\/kingarms.ee\/lt\/wp-json\/wp\/v2\/product\/151578","targetHints":{"allow":["GET"]}}],"collection":[{"href":"https:\/\/kingarms.ee\/lt\/wp-json\/wp\/v2\/product"}],"about":[{"href":"https:\/\/kingarms.ee\/lt\/wp-json\/wp\/v2\/types\/product"}],"wp:featuredmedia":[{"embeddable":true,"href":"https:\/\/kingarms.ee\/lt\/wp-json\/wp\/v2\/media\/119716"}],"wp:attachment":[{"href":"https:\/\/kingarms.ee\/lt\/wp-json\/wp\/v2\/media?parent=151578"}],"wp:term":[{"taxonomy":"product_brand","embeddable":true,"href":"https:\/\/kingarms.ee\/lt\/wp-json\/wp\/v2\/product_brand?post=151578"},{"taxonomy":"product_cat","embeddable":true,"href":"https:\/\/kingarms.ee\/lt\/wp-json\/wp\/v2\/product_cat?post=151578"},{"taxonomy":"product_tag","embeddable":true,"href":"https:\/\/kingarms.ee\/lt\/wp-json\/wp\/v2\/product_tag?post=151578"}],"curies":[{"name":"wp","href":"https:\/\/api.w.org\/{rel}","templated":true}]}}