{"id":151594,"date":"2022-05-15T23:46:29","date_gmt":"2025-06-29T11:52:01","guid":{"rendered":"https:\/\/kingarms.ee\/product\/raudonas-taskas-zvilgsnio-gfc\/"},"modified":"2025-06-29T14:52:01","modified_gmt":"2025-06-29T11:52:01","slug":"raudonas-taskas-zvilgsnio-gfc","status":"publish","type":"product","link":"https:\/\/kingarms.ee\/lt\/product\/raudonas-taskas-zvilgsnio-gfc\/","title":{"rendered":"Raudonas ta\u0161kas \u017evilgsnio GFC"},"content":{"rendered":"","protected":false},"excerpt":{"rendered":"<p>Raudonas ta\u0161kas \u017evilgsnio GFC<\/p>\n<p>Raudonas ta\u0161kas, beveik visi\u0161kai pagamintas i\u0161 metalo. Patvarus korpusas apsaugo nuo pa\u017eeidim\u0173. Maitinamas dviem 393a baterijomis.<br \/>\nTaikiklyje rodomas raudonos arba \u017ealios spalvos ta\u0161kas, kurio kiekvienas turi kelis ry\u0161kumo laipsnius. Vartotojas gali pasirinkti i\u0161 iki 4 skirting\u0173 aimpoints. Du reguliavimo var\u017etai leid\u017eia reguliuoti skyst\u012f horizontaliai ir vertikaliai.<br \/>\nTaikiklyje yra 22 mm UIP b\u0117gio laikiklis. Tai leid\u017eia pritvirtinti taikikl\u012f prie prakti\u0161kai kiekvienos kopijos, kurioje yra toks b\u0117gis. Kokyb\u0117s kontrol\u0117s sistema leid\u017eia greitai pritvirtinti be papildom\u0173 \u012franki\u0173.      <\/p>\n","protected":false},"featured_media":119306,"template":"","meta":{"_acf_changed":false},"product_brand":[],"product_cat":[1205],"product_tag":[],"class_list":{"0":"post-151594","1":"product","2":"type-product","3":"status-publish","4":"has-post-thumbnail","6":"product_cat-vaizdai-lt","8":"first","9":"onbackorder","10":"product-type-simple"},"acf":[],"_links":{"self":[{"href":"https:\/\/kingarms.ee\/lt\/wp-json\/wp\/v2\/product\/151594","targetHints":{"allow":["GET"]}}],"collection":[{"href":"https:\/\/kingarms.ee\/lt\/wp-json\/wp\/v2\/product"}],"about":[{"href":"https:\/\/kingarms.ee\/lt\/wp-json\/wp\/v2\/types\/product"}],"wp:featuredmedia":[{"embeddable":true,"href":"https:\/\/kingarms.ee\/lt\/wp-json\/wp\/v2\/media\/119306"}],"wp:attachment":[{"href":"https:\/\/kingarms.ee\/lt\/wp-json\/wp\/v2\/media?parent=151594"}],"wp:term":[{"taxonomy":"product_brand","embeddable":true,"href":"https:\/\/kingarms.ee\/lt\/wp-json\/wp\/v2\/product_brand?post=151594"},{"taxonomy":"product_cat","embeddable":true,"href":"https:\/\/kingarms.ee\/lt\/wp-json\/wp\/v2\/product_cat?post=151594"},{"taxonomy":"product_tag","embeddable":true,"href":"https:\/\/kingarms.ee\/lt\/wp-json\/wp\/v2\/product_tag?post=151594"}],"curies":[{"name":"wp","href":"https:\/\/api.w.org\/{rel}","templated":true}]}}