{"id":151595,"date":"2022-05-15T23:46:29","date_gmt":"2025-06-29T11:53:06","guid":{"rendered":"https:\/\/kingarms.ee\/product\/25-10h40-taikymo-sritis-teta-optika\/"},"modified":"2025-06-29T14:53:06","modified_gmt":"2025-06-29T11:53:06","slug":"25-10h40-taikymo-sritis-teta-optika","status":"publish","type":"product","link":"https:\/\/kingarms.ee\/lt\/product\/25-10h40-taikymo-sritis-teta-optika\/","title":{"rendered":"2,5-10h40 taikymo sritis [teta optika]"},"content":{"rendered":"","protected":false},"excerpt":{"rendered":"<p>Teta Optikos \u012franga yra auk\u0161tos kokyb\u0117s garantija u\u017e priimtin\u0105 kain\u0105. U\u017edaryta patvariame metaliniame korpuse, skaidri optika su kry\u017eminiu vaizdu \u012f middot tip\u0105 ir reguliuojam\u0105 didinim\u0105. D\u0117l kry\u017eminio ap\u0161vietimo (raudona, m\u0117lyna arba \u017ealia) galite s\u0117kmingai naudoti taikymo srit\u012f per dien\u0105 ir nakt\u012f. Maitinimo \u0161altin\u012f teikia CR2032 baterija. Kry\u017eelis reguliuojamas vertikaliai ir horizontaliai. Gamin\u012f galima montuoti ant standartinio 22 mm ris b\u0117gio.<br \/>\nTeta Optikos tikslas yra ne tik teikti auk\u0161tos kokyb\u0117s optin\u0119 \u012frang\u0105, bet ir nuolat praturtinti pasi\u016bl\u0105 naujovi\u0161kais sprendimais, da\u017eniausiai randamais auk\u0161tesn\u0117s klas\u0117s gaminiuose. Prie\u0161 paleid\u017eiant kiekvien\u0105 gamin\u012f, atliekami kokyb\u0117s bandymai. Teta optika yra puikus sprendimas ie\u0161kan\u010diam auk\u0161tos kokyb\u0117s produkto u\u017e priimtin\u0105 kain\u0105.<br \/>\n\u012e komplekt\u0105 \u012feina:<br \/>\n&#8211; Taikymo sritis-Len dangteliai-vartotojo vadovas-baterija &#8211; valymo \u0161luost\u0117       <\/p>\n","protected":false},"featured_media":119276,"template":"","meta":{"_acf_changed":false},"product_brand":[],"product_cat":[1205],"product_tag":[],"class_list":{"0":"post-151595","1":"product","2":"type-product","3":"status-publish","4":"has-post-thumbnail","6":"product_cat-vaizdai-lt","8":"first","9":"onbackorder","10":"product-type-simple"},"acf":[],"_links":{"self":[{"href":"https:\/\/kingarms.ee\/lt\/wp-json\/wp\/v2\/product\/151595","targetHints":{"allow":["GET"]}}],"collection":[{"href":"https:\/\/kingarms.ee\/lt\/wp-json\/wp\/v2\/product"}],"about":[{"href":"https:\/\/kingarms.ee\/lt\/wp-json\/wp\/v2\/types\/product"}],"wp:featuredmedia":[{"embeddable":true,"href":"https:\/\/kingarms.ee\/lt\/wp-json\/wp\/v2\/media\/119276"}],"wp:attachment":[{"href":"https:\/\/kingarms.ee\/lt\/wp-json\/wp\/v2\/media?parent=151595"}],"wp:term":[{"taxonomy":"product_brand","embeddable":true,"href":"https:\/\/kingarms.ee\/lt\/wp-json\/wp\/v2\/product_brand?post=151595"},{"taxonomy":"product_cat","embeddable":true,"href":"https:\/\/kingarms.ee\/lt\/wp-json\/wp\/v2\/product_cat?post=151595"},{"taxonomy":"product_tag","embeddable":true,"href":"https:\/\/kingarms.ee\/lt\/wp-json\/wp\/v2\/product_tag?post=151595"}],"curies":[{"name":"wp","href":"https:\/\/api.w.org\/{rel}","templated":true}]}}