{"id":151598,"date":"2022-05-15T23:46:29","date_gmt":"2025-06-29T11:56:41","guid":{"rendered":"https:\/\/kingarms.ee\/product\/rhino-4h32-taikymo-sritis-teta-optika\/"},"modified":"2025-06-29T14:56:41","modified_gmt":"2025-06-29T11:56:41","slug":"rhino-4h32-taikymo-sritis-teta-optika","status":"publish","type":"product","link":"https:\/\/kingarms.ee\/lt\/product\/rhino-4h32-taikymo-sritis-teta-optika\/","title":{"rendered":"Rhino 4h32 taikymo sritis teta optika"},"content":{"rendered":"","protected":false},"excerpt":{"rendered":"<p>Rhino 4h32 taikymo sritis teta optika<\/p>\n<p>Theta Optics oma taikymo sritis yra auk\u0161tos kokyb\u0117s ir priimtinos kainos garantija. U\u017edengtas patvariu metaliniu korpusu, ry\u0161kia optika su Mil-Dot tinkleliu, taip pat fiksuotu 4 kart\u0173 padidinimu. D\u0117l ap\u0161viest\u0173 kry\u017eeli\u0173 (raudonos, m\u0117lynos arba \u017ealios) taikymo srit\u012f galima lengvai naudoti operacijoms tiek dien\u0105, tiek nakt\u012f. Maitinamas viena CR1620 baterija. Tinklel\u012f galima skland\u017eiai reguliuoti tiek vertikaliai, tiek horizontaliai. Produktas yra pritvirtintas prie standartinio UIP 22 mm b\u0117gio.<br \/>\nTaikymo sritis yra su trumpais UIP b\u0117giais (i\u0161 viso 3), kad b\u016bt\u0173 galima pritvirtinti papildomus priedus.<br \/>\nTeta Optikos tikslas yra ne tik auk\u0161tos kokyb\u0117s optikos pristatymas, bet ir nuolat pl\u0117sti savo pasi\u016bl\u0105 inovatyviais sprendimais, su kuriais susiduriama auk\u0161tesn\u0117s klas\u0117s gaminiuose. Kiekvienas modelis prie\u0161 pristatydamas \u012f rink\u0105 praeina daugyb\u0119 bandym\u0173. Teta optika-tai pasi\u016blymas \u017emon\u0117ms, ie\u0161kantiems auk\u0161tos kokyb\u0117s u\u017e priimtin\u0105 kain\u0105.<br \/>\n\u012e komplekt\u0105 \u012feina:<br \/>\n&#8211; taikymo sritis-vartotojo vadovas-baterija &#8211; valymo \u0161luost\u0117       <\/p>\n","protected":false},"featured_media":119270,"template":"","meta":{"_acf_changed":false},"product_brand":[],"product_cat":[1205],"product_tag":[],"class_list":{"0":"post-151598","1":"product","2":"type-product","3":"status-publish","4":"has-post-thumbnail","6":"product_cat-vaizdai-lt","8":"first","9":"onbackorder","10":"product-type-simple"},"acf":[],"_links":{"self":[{"href":"https:\/\/kingarms.ee\/lt\/wp-json\/wp\/v2\/product\/151598","targetHints":{"allow":["GET"]}}],"collection":[{"href":"https:\/\/kingarms.ee\/lt\/wp-json\/wp\/v2\/product"}],"about":[{"href":"https:\/\/kingarms.ee\/lt\/wp-json\/wp\/v2\/types\/product"}],"wp:featuredmedia":[{"embeddable":true,"href":"https:\/\/kingarms.ee\/lt\/wp-json\/wp\/v2\/media\/119270"}],"wp:attachment":[{"href":"https:\/\/kingarms.ee\/lt\/wp-json\/wp\/v2\/media?parent=151598"}],"wp:term":[{"taxonomy":"product_brand","embeddable":true,"href":"https:\/\/kingarms.ee\/lt\/wp-json\/wp\/v2\/product_brand?post=151598"},{"taxonomy":"product_cat","embeddable":true,"href":"https:\/\/kingarms.ee\/lt\/wp-json\/wp\/v2\/product_cat?post=151598"},{"taxonomy":"product_tag","embeddable":true,"href":"https:\/\/kingarms.ee\/lt\/wp-json\/wp\/v2\/product_tag?post=151598"}],"curies":[{"name":"wp","href":"https:\/\/api.w.org\/{rel}","templated":true}]}}