{"id":151601,"date":"2022-05-15T23:46:29","date_gmt":"2025-06-29T12:17:15","guid":{"rendered":"https:\/\/kingarms.ee\/product\/greitas-zurnalas-deklas-rinkinys-5-56-zurnalu-tan-fma\/"},"modified":"2025-06-29T15:17:15","modified_gmt":"2025-06-29T12:17:15","slug":"greitas-zurnalas-deklas-rinkinys-5-56-zurnalu-tan-fma","status":"publish","type":"product","link":"https:\/\/kingarms.ee\/lt\/product\/greitas-zurnalas-deklas-rinkinys-5-56-zurnalu-tan-fma\/","title":{"rendered":"Greitas \u017eurnalas d\u0117klas rinkinys 5.56 \u017eurnal\u0173 tan FMA"},"content":{"rendered":"","protected":false},"excerpt":{"rendered":"<p>Greitas \u017eurnalas d\u0117klas rinkinys 5.56 \u017eurnal\u0173 tan FMA<\/p>\n<p>Greito tipo mai\u0161eliai, pagaminti i\u0161 stiprios polimerin\u0117s med\u017eiagos. Skirta 5,56 Tipo \u017eurnalams, tokiems kaip M4 \/ M16 ir dariniai (STANAG). Jie neturi atvart\u0173, kurie leid\u017eia greitai paimti \u017eurnal\u0105, ir tuo pa\u010diu saugiai j\u012f laikyti ir neleisti nety\u010dia i\u0161kristi, net ir sumontavus &#8220;auk\u0161tyn kojomis&#8221;. Tai u\u017etikrina krautuvo konstrukcija-jis susideda i\u0161 dviej\u0173 pusi\u0173, tvirtai suspaust\u0173 kartu su silikonin\u0117mis gumomis.   <\/p>\n<p>Rinkin\u012f sudaro du atskiri mai\u0161eliai. Galima juos sujungti arba ne\u0161iotis atskirai. Jie tinka montuoti ant bet kokios \u012frangos su MOLLE modulin\u0117s sistemos paraly\u017eiumi.  <\/p>\n<p>I\u0161versta su www.DeepL.com\/Translator (nemokama versija)<\/p>\n","protected":false},"featured_media":119200,"template":"","meta":{"_acf_changed":false},"product_brand":[],"product_cat":[1240,1242],"product_tag":[],"class_list":{"0":"post-151601","1":"product","2":"type-product","3":"status-publish","4":"has-post-thumbnail","6":"product_cat-maiseliai-krepsiai-ir-dirzeliai","7":"product_cat-sandeliavimo-kisenes","9":"first","10":"onbackorder","11":"product-type-simple"},"acf":[],"_links":{"self":[{"href":"https:\/\/kingarms.ee\/lt\/wp-json\/wp\/v2\/product\/151601","targetHints":{"allow":["GET"]}}],"collection":[{"href":"https:\/\/kingarms.ee\/lt\/wp-json\/wp\/v2\/product"}],"about":[{"href":"https:\/\/kingarms.ee\/lt\/wp-json\/wp\/v2\/types\/product"}],"wp:featuredmedia":[{"embeddable":true,"href":"https:\/\/kingarms.ee\/lt\/wp-json\/wp\/v2\/media\/119200"}],"wp:attachment":[{"href":"https:\/\/kingarms.ee\/lt\/wp-json\/wp\/v2\/media?parent=151601"}],"wp:term":[{"taxonomy":"product_brand","embeddable":true,"href":"https:\/\/kingarms.ee\/lt\/wp-json\/wp\/v2\/product_brand?post=151601"},{"taxonomy":"product_cat","embeddable":true,"href":"https:\/\/kingarms.ee\/lt\/wp-json\/wp\/v2\/product_cat?post=151601"},{"taxonomy":"product_tag","embeddable":true,"href":"https:\/\/kingarms.ee\/lt\/wp-json\/wp\/v2\/product_tag?post=151601"}],"curies":[{"name":"wp","href":"https:\/\/api.w.org\/{rel}","templated":true}]}}