{"id":151618,"date":"2022-05-15T23:46:17","date_gmt":"2025-06-29T12:19:36","guid":{"rendered":"https:\/\/kingarms.ee\/product\/m2-raudonos-tasko-matimo-replika-tiklas-o-2\/"},"modified":"2025-06-29T15:19:36","modified_gmt":"2025-06-29T12:19:36","slug":"m2-raudonos-tasko-matimo-replika-tiklas-o-2","status":"publish","type":"product","link":"https:\/\/kingarms.ee\/lt\/product\/m2-raudonos-tasko-matimo-replika-tiklas-o-2\/","title":{"rendered":"M2 Raudonos Ta\u0161ko Matimo Replika Tiklas O"},"content":{"rendered":"","protected":false},"excerpt":{"rendered":"<p>M2 Raudonos Ta\u0161ko Matimo Replika Tiklas O<\/p>\n<p>M2 red dot sight replika yra su skland\u017eiu nukreipimo tinklelio pad\u0117ties reguliavimu (dviej\u0173 ranken\u0117li\u0173 pagalba). Be to, \u0161aulys turi galimyb\u0119 reguliuoti taikinio tinklelio ry\u0161kum\u0105 penki\u0173 laipsni\u0173 skal\u0117je.<br \/>\nAtver\u010diami dangteliai leid\u017eia pritvirtinti l\u0119\u0161ius transportavimo metu ir leid\u017eia naudoti speciali\u0105 taikymo technik\u0105, kai vienas i\u0161 atver\u010diam\u0173 lang\u0173 yra u\u017edarytas, o tai \u017eymiai palengvina raudono ta\u0161ko taikiklio naudojim\u0105 \u0161viesiose patalpose ir esant stipriai dienos \u0161viesai, tuo pa\u010diu i\u0161saugant vaizdo ai\u0161kum\u0105 ir ry\u0161kum\u0105.<br \/>\nKomplekte yra \u017eemas laikiklis, leid\u017eiantis montuoti raudon\u0105 ta\u0161k\u0105 ant bet kurios kopijos, kurioje yra 22 mm plo\u010dio UIP b\u0117gis. <\/p>\n","protected":false},"featured_media":119328,"template":"","meta":{"_acf_changed":false},"product_brand":[],"product_cat":[1205],"product_tag":[],"class_list":{"0":"post-151618","1":"product","2":"type-product","3":"status-publish","4":"has-post-thumbnail","6":"product_cat-vaizdai-lt","8":"first","9":"instock","10":"purchasable","11":"product-type-simple"},"acf":[],"_links":{"self":[{"href":"https:\/\/kingarms.ee\/lt\/wp-json\/wp\/v2\/product\/151618","targetHints":{"allow":["GET"]}}],"collection":[{"href":"https:\/\/kingarms.ee\/lt\/wp-json\/wp\/v2\/product"}],"about":[{"href":"https:\/\/kingarms.ee\/lt\/wp-json\/wp\/v2\/types\/product"}],"wp:featuredmedia":[{"embeddable":true,"href":"https:\/\/kingarms.ee\/lt\/wp-json\/wp\/v2\/media\/119328"}],"wp:attachment":[{"href":"https:\/\/kingarms.ee\/lt\/wp-json\/wp\/v2\/media?parent=151618"}],"wp:term":[{"taxonomy":"product_brand","embeddable":true,"href":"https:\/\/kingarms.ee\/lt\/wp-json\/wp\/v2\/product_brand?post=151618"},{"taxonomy":"product_cat","embeddable":true,"href":"https:\/\/kingarms.ee\/lt\/wp-json\/wp\/v2\/product_cat?post=151618"},{"taxonomy":"product_tag","embeddable":true,"href":"https:\/\/kingarms.ee\/lt\/wp-json\/wp\/v2\/product_tag?post=151618"}],"curies":[{"name":"wp","href":"https:\/\/api.w.org\/{rel}","templated":true}]}}