{"id":151619,"date":"2022-05-15T23:46:17","date_gmt":"2025-06-29T12:21:04","guid":{"rendered":"https:\/\/kingarms.ee\/product\/3h30-et-stiliaus-didintuvo-tikslas-o\/"},"modified":"2025-06-29T15:21:04","modified_gmt":"2025-06-29T12:21:04","slug":"3h30-et-stiliaus-didintuvo-tikslas-o","status":"publish","type":"product","link":"https:\/\/kingarms.ee\/lt\/product\/3h30-et-stiliaus-didintuvo-tikslas-o\/","title":{"rendered":"3h30 ET stiliaus didintuvo tikslas O"},"content":{"rendered":"","protected":false},"excerpt":{"rendered":"<p>3h30 ET stiliaus didintuvo tikslas O<\/p>\n<p>Tvirtas Aimo didintuvas, pagamintas tik i\u0161 metalo, kuris suteikia jam didel\u012f patvarum\u0105 ir atsparum\u0105 i\u0161or\u0117s veiksniams. D\u0117l KD RIS \/ Picatinny laikiklio taikikl\u012f galima pritvirtinti prie bet kurios kopijos standartiniu RIS 22 mm b\u0117geliu.<br \/>\nDidintuvas sumontuotas ant skl\u0105s\u010dio, kuris yra ant kito skl\u0105s\u010dio, kuris leid\u017eia j\u012f pakreipti \u012f \u0161on\u0105, kai jis nenaudojamas. 30 mm Skersmuo u\u017etikrina suderinamum\u0105 su \u012fvairi\u0173 tip\u0173 raudon\u0173 ta\u0161k\u0173 taikikliais.<br \/>\n\u012e komplekt\u0105 \u012feina:<br \/>\n&#8211; didintuvas-papildomas laikiklis &#8211; valymo \u0161luost\u0117  <\/p>\n","protected":false},"featured_media":119318,"template":"","meta":{"_acf_changed":false},"product_brand":[],"product_cat":[1205],"product_tag":[],"class_list":{"0":"post-151619","1":"product","2":"type-product","3":"status-publish","4":"has-post-thumbnail","6":"product_cat-vaizdai-lt","8":"first","9":"onbackorder","10":"product-type-simple"},"acf":[],"_links":{"self":[{"href":"https:\/\/kingarms.ee\/lt\/wp-json\/wp\/v2\/product\/151619","targetHints":{"allow":["GET"]}}],"collection":[{"href":"https:\/\/kingarms.ee\/lt\/wp-json\/wp\/v2\/product"}],"about":[{"href":"https:\/\/kingarms.ee\/lt\/wp-json\/wp\/v2\/types\/product"}],"wp:featuredmedia":[{"embeddable":true,"href":"https:\/\/kingarms.ee\/lt\/wp-json\/wp\/v2\/media\/119318"}],"wp:attachment":[{"href":"https:\/\/kingarms.ee\/lt\/wp-json\/wp\/v2\/media?parent=151619"}],"wp:term":[{"taxonomy":"product_brand","embeddable":true,"href":"https:\/\/kingarms.ee\/lt\/wp-json\/wp\/v2\/product_brand?post=151619"},{"taxonomy":"product_cat","embeddable":true,"href":"https:\/\/kingarms.ee\/lt\/wp-json\/wp\/v2\/product_cat?post=151619"},{"taxonomy":"product_tag","embeddable":true,"href":"https:\/\/kingarms.ee\/lt\/wp-json\/wp\/v2\/product_tag?post=151619"}],"curies":[{"name":"wp","href":"https:\/\/api.w.org\/{rel}","templated":true}]}}