{"id":151620,"date":"2022-05-15T23:46:17","date_gmt":"2025-06-29T12:21:58","guid":{"rendered":"https:\/\/kingarms.ee\/product\/raudonas-taskas-zvilgsnio-gfc-2\/"},"modified":"2025-06-29T15:21:58","modified_gmt":"2025-06-29T12:21:58","slug":"raudonas-taskas-zvilgsnio-gfc-2","status":"publish","type":"product","link":"https:\/\/kingarms.ee\/lt\/product\/raudonas-taskas-zvilgsnio-gfc-2\/","title":{"rendered":"Raudonas ta\u0161kas \u017evilgsnio GFC"},"content":{"rendered":"","protected":false},"excerpt":{"rendered":"<p>Raudonas ta\u0161kas \u017evilgsnio GFC<\/p>\n<p>Raudonas ta\u0161kas, beveik visi\u0161kai pagamintas i\u0161 metalo. Patvarus korpusas apsaugo nuo pa\u017eeidim\u0173.<br \/>\nTaikiklyje rodomas raudonos arba \u017ealios spalvos ta\u0161kas. Taikiklis pasi\u017eymi skland\u017eiu vertikaliu ir horizontaliu reguliavimu. L\u0119\u0161iai yra apsaugoti guminiais dangteliais.<br \/>\nTaikiklyje yra 22 mm UIP b\u0117gio laikiklis. Tai leid\u017eia pritvirtinti taikikl\u012f prie prakti\u0161kai kiekvienos kopijos, kurioje yra toks b\u0117gis.<br \/>\n\u012e komplekt\u0105 \u012feina:<br \/>\n&#8211; Raudonas ta\u0161kas akyse<br \/>\n&#8211; \u0160e\u0161iakampis raktas<br \/>\n&#8211; Valymo \u0161luost\u0117<br \/>\n&#8211; Guminis dangtelis    <\/p>\n","protected":false},"featured_media":119312,"template":"","meta":{"_acf_changed":false},"product_brand":[],"product_cat":[1205],"product_tag":[],"class_list":{"0":"post-151620","1":"product","2":"type-product","3":"status-publish","4":"has-post-thumbnail","6":"product_cat-vaizdai-lt","8":"first","9":"instock","10":"purchasable","11":"product-type-simple"},"acf":[],"_links":{"self":[{"href":"https:\/\/kingarms.ee\/lt\/wp-json\/wp\/v2\/product\/151620","targetHints":{"allow":["GET"]}}],"collection":[{"href":"https:\/\/kingarms.ee\/lt\/wp-json\/wp\/v2\/product"}],"about":[{"href":"https:\/\/kingarms.ee\/lt\/wp-json\/wp\/v2\/types\/product"}],"wp:featuredmedia":[{"embeddable":true,"href":"https:\/\/kingarms.ee\/lt\/wp-json\/wp\/v2\/media\/119312"}],"wp:attachment":[{"href":"https:\/\/kingarms.ee\/lt\/wp-json\/wp\/v2\/media?parent=151620"}],"wp:term":[{"taxonomy":"product_brand","embeddable":true,"href":"https:\/\/kingarms.ee\/lt\/wp-json\/wp\/v2\/product_brand?post=151620"},{"taxonomy":"product_cat","embeddable":true,"href":"https:\/\/kingarms.ee\/lt\/wp-json\/wp\/v2\/product_cat?post=151620"},{"taxonomy":"product_tag","embeddable":true,"href":"https:\/\/kingarms.ee\/lt\/wp-json\/wp\/v2\/product_tag?post=151620"}],"curies":[{"name":"wp","href":"https:\/\/api.w.org\/{rel}","templated":true}]}}