{"id":151627,"date":"2022-04-25T12:55:07","date_gmt":"2025-06-29T13:48:25","guid":{"rendered":"https:\/\/kingarms.ee\/product\/legendos-kaubojaus-sautuvas-4-5-mm-aukso\/"},"modified":"2025-06-29T16:48:25","modified_gmt":"2025-06-29T13:48:25","slug":"legendos-kaubojaus-sautuvas-4-5-mm-aukso","status":"publish","type":"product","link":"https:\/\/kingarms.ee\/lt\/product\/legendos-kaubojaus-sautuvas-4-5-mm-aukso\/","title":{"rendered":"Legendos kaubojaus \u0161autuvas 4.5 mm aukso"},"content":{"rendered":"","protected":false},"excerpt":{"rendered":"<p>Legendos kaubojaus \u0161autuvas 4.5 mm aukso<\/p>\n<p>Cartridge kinetic energy [J] 7.5<br \/>\nCaliber [mm] 4.46 mm<br \/>\nRecreational accuracy class<br \/>\nMagazine capacity [pcs] 10<br \/>\nInitial velocity [m\/s] 180<br \/>\nBB \u0161\u016bvio tipas<br \/>\nSaugos funkcijos:<br \/>\nSaugikli\u0173 skai\u010dius 1<br \/>\nApsaugos tipas Reguliuojamas saugiklis<br \/>\nMaitinimas:<br \/>\nKadr\u0173 skai\u010dius i\u0161 maitinimo bloko 120<br \/>\nMaitinimo \u0161altinio tipas CO2 12 g<br \/>\nPapildoma informacija<br \/>\nSpalva: auksin\u0117, ruda<br \/>\nMatmenys:<br \/>\nBendras ilgis [mm] 966<br \/>\nSvoris [g] 2526<\/p>\n","protected":false},"featured_media":117156,"template":"","meta":{"_acf_changed":false},"product_brand":[],"product_cat":[1142,1145],"product_tag":[],"class_list":{"0":"post-151627","1":"product","2":"type-product","3":"status-publish","4":"has-post-thumbnail","6":"product_cat-oro-ginklai","7":"product_cat-snaiperio-sautuvai-4-5-mm","9":"first","10":"instock","11":"purchasable","12":"product-type-simple"},"acf":[],"_links":{"self":[{"href":"https:\/\/kingarms.ee\/lt\/wp-json\/wp\/v2\/product\/151627","targetHints":{"allow":["GET"]}}],"collection":[{"href":"https:\/\/kingarms.ee\/lt\/wp-json\/wp\/v2\/product"}],"about":[{"href":"https:\/\/kingarms.ee\/lt\/wp-json\/wp\/v2\/types\/product"}],"wp:featuredmedia":[{"embeddable":true,"href":"https:\/\/kingarms.ee\/lt\/wp-json\/wp\/v2\/media\/117156"}],"wp:attachment":[{"href":"https:\/\/kingarms.ee\/lt\/wp-json\/wp\/v2\/media?parent=151627"}],"wp:term":[{"taxonomy":"product_brand","embeddable":true,"href":"https:\/\/kingarms.ee\/lt\/wp-json\/wp\/v2\/product_brand?post=151627"},{"taxonomy":"product_cat","embeddable":true,"href":"https:\/\/kingarms.ee\/lt\/wp-json\/wp\/v2\/product_cat?post=151627"},{"taxonomy":"product_tag","embeddable":true,"href":"https:\/\/kingarms.ee\/lt\/wp-json\/wp\/v2\/product_tag?post=151627"}],"curies":[{"name":"wp","href":"https:\/\/api.w.org\/{rel}","templated":true}]}}