{"id":151628,"date":"2022-04-20T12:39:03","date_gmt":"2025-06-29T13:51:57","guid":{"rendered":"https:\/\/kingarms.ee\/product\/karo-sportas-lvoa-c-krytac\/"},"modified":"2025-06-29T16:51:57","modified_gmt":"2025-06-29T13:51:57","slug":"karo-sportas-lvoa-c-krytac","status":"publish","type":"product","link":"https:\/\/kingarms.ee\/lt\/product\/karo-sportas-lvoa-c-krytac\/","title":{"rendered":"Karo Sportas LVOA-C (Krytac)"},"content":{"rendered":"","protected":false},"excerpt":{"rendered":"<p>Techniniai duomenys:<\/p>\n<ul>\n<li>Karo Sportas LVOA-C (Krytac)<\/li>\n<li>I\u0161metimo greitis nuo 390 FPS \/ 119 m \/ s iki 410 FPS \/ 125 M \/ S<\/li>\n<li>\u0160audymo greitis 20 + kadr\u0173 per sekund\u0119<\/li>\n<li>Ressiver med\u017eiaga aliuminio lydinys<\/li>\n<li>Lub\u0173 kra\u0161tas oficialiai licencijuotas LVOA-C Rail<\/li>\n<li>Vidinio vamzd\u017eio ilgis 387,5 mm<\/li>\n<li>Vidinis vamzd\u017eio skersmuo 6.05 mm<\/li>\n<li>I\u0161orinis vamzd\u017eio ilgis 368 mm \/ 14.5&#8243;<\/li>\n<li>Vamzd\u017eio sriegis 14 mm neigiamas<\/li>\n<li>Bendras ilgis nuo 830 mm iki 910 mm<\/li>\n<li>Svoris 2,8 kg<\/li>\n<li>Auk\u0161tis 185 mm \/ 7.28&#8243;<\/li>\n<li>Kalibras 6 mm<\/li>\n<li>I\u0161 pirmo \u017evilgsnio nuimamas<\/li>\n<li>Galinis reg\u0117jimas nuimamas<\/li>\n<\/ul>\n","protected":false},"featured_media":117098,"template":"","meta":{"_acf_changed":false},"product_brand":[],"product_cat":[1139],"product_tag":[1318],"class_list":{"0":"post-151628","1":"product","2":"type-product","3":"status-publish","4":"has-post-thumbnail","6":"product_cat-elektro-pneumatiniai-ginklai","7":"product_tag-4blss3ph-lt","9":"first","10":"outofstock","11":"taxable","12":"shipping-taxable","13":"purchasable","14":"product-type-simple"},"acf":[],"_links":{"self":[{"href":"https:\/\/kingarms.ee\/lt\/wp-json\/wp\/v2\/product\/151628","targetHints":{"allow":["GET"]}}],"collection":[{"href":"https:\/\/kingarms.ee\/lt\/wp-json\/wp\/v2\/product"}],"about":[{"href":"https:\/\/kingarms.ee\/lt\/wp-json\/wp\/v2\/types\/product"}],"wp:featuredmedia":[{"embeddable":true,"href":"https:\/\/kingarms.ee\/lt\/wp-json\/wp\/v2\/media\/117098"}],"wp:attachment":[{"href":"https:\/\/kingarms.ee\/lt\/wp-json\/wp\/v2\/media?parent=151628"}],"wp:term":[{"taxonomy":"product_brand","embeddable":true,"href":"https:\/\/kingarms.ee\/lt\/wp-json\/wp\/v2\/product_brand?post=151628"},{"taxonomy":"product_cat","embeddable":true,"href":"https:\/\/kingarms.ee\/lt\/wp-json\/wp\/v2\/product_cat?post=151628"},{"taxonomy":"product_tag","embeddable":true,"href":"https:\/\/kingarms.ee\/lt\/wp-json\/wp\/v2\/product_tag?post=151628"}],"curies":[{"name":"wp","href":"https:\/\/api.w.org\/{rel}","templated":true}]}}