{"id":151631,"date":"2022-04-18T12:19:51","date_gmt":"2025-06-29T13:55:19","guid":{"rendered":"https:\/\/kingarms.ee\/product\/sveicarijos-veliavos-guminis-pleistras\/"},"modified":"2025-06-29T16:55:19","modified_gmt":"2025-06-29T13:55:19","slug":"sveicarijos-veliavos-guminis-pleistras","status":"publish","type":"product","link":"https:\/\/kingarms.ee\/lt\/product\/sveicarijos-veliavos-guminis-pleistras\/","title":{"rendered":"\u0160veicarijos V\u0117liavos Guminis Pleistras"},"content":{"rendered":"","protected":false},"excerpt":{"rendered":"<p>\u0160veicarijos V\u0117liavos Guminis Pleistras<\/p>\n<p>Matmenys: 56-31 mm<br \/>\nSvoris: 5 g<br \/>\nPristatymo svoris: 5 g<\/p>\n","protected":false},"featured_media":117056,"template":"","meta":{"_acf_changed":false},"product_brand":[],"product_cat":[1236],"product_tag":[],"class_list":{"0":"post-151631","1":"product","2":"type-product","3":"status-publish","4":"has-post-thumbnail","6":"product_cat-pleistrai","8":"first","9":"instock","10":"purchasable","11":"product-type-simple"},"acf":[],"_links":{"self":[{"href":"https:\/\/kingarms.ee\/lt\/wp-json\/wp\/v2\/product\/151631","targetHints":{"allow":["GET"]}}],"collection":[{"href":"https:\/\/kingarms.ee\/lt\/wp-json\/wp\/v2\/product"}],"about":[{"href":"https:\/\/kingarms.ee\/lt\/wp-json\/wp\/v2\/types\/product"}],"wp:featuredmedia":[{"embeddable":true,"href":"https:\/\/kingarms.ee\/lt\/wp-json\/wp\/v2\/media\/117056"}],"wp:attachment":[{"href":"https:\/\/kingarms.ee\/lt\/wp-json\/wp\/v2\/media?parent=151631"}],"wp:term":[{"taxonomy":"product_brand","embeddable":true,"href":"https:\/\/kingarms.ee\/lt\/wp-json\/wp\/v2\/product_brand?post=151631"},{"taxonomy":"product_cat","embeddable":true,"href":"https:\/\/kingarms.ee\/lt\/wp-json\/wp\/v2\/product_cat?post=151631"},{"taxonomy":"product_tag","embeddable":true,"href":"https:\/\/kingarms.ee\/lt\/wp-json\/wp\/v2\/product_tag?post=151631"}],"curies":[{"name":"wp","href":"https:\/\/api.w.org\/{rel}","templated":true}]}}