{"id":151634,"date":"2022-04-18T12:19:51","date_gmt":"2025-06-29T14:42:58","guid":{"rendered":"https:\/\/kingarms.ee\/product\/hm3-didintuvas-holosun\/"},"modified":"2025-06-29T17:42:58","modified_gmt":"2025-06-29T14:42:58","slug":"hm3-didintuvas-holosun","status":"publish","type":"product","link":"https:\/\/kingarms.ee\/lt\/product\/hm3-didintuvas-holosun\/","title":{"rendered":"HM3 didintuvas (Holosun)"},"content":{"rendered":"","protected":false},"excerpt":{"rendered":"<p>\u0160i 3 kart\u0173 padidinimo lupa si\u016blo plat\u0173 matymo lauk\u0105 d\u0117l ai\u0161kaus priekinio objektyvo, apver\u010diamo \u012f \u0161on\u0105 dizaino (kair\u0117s ir de\u0161in\u0117s rankos operatoriams) ir dioptrij\u0173 kompensavimo. Jis ypa\u010d tinka vidutinio nuotolio ir kartu su refleksiniu taikikliu (pvz., j\u0117gos med\u017eiokl\u0117ms).<br \/>\nHm3 aliuminio didintuvas su apver\u010diamu ir tvirtinamu Holosun HM 3 kartus didinamuoju stiklu, 3 kartus, r\u0117mas: sukimo momentas , pagrindas: Picatinny \/ Aud\u0117jas, aki\u0173 reljefas: 70 mm, objektyvo dydis: 22 mm, \u012fskaitant. KD montavimas ir tarpiklis, spalva: Juoda, i\u0161valytas azotas, u\u017etikrinantis puikias vandeniui, r\u016bkui ir sm\u016bgiams atsparias savybes, CNC precizi\u0161kai frezuotas aliuminio korpusas<br \/>\nApver\u010diama \u012f \u0161on\u0105 funkcija, suderinama su absoliu\u010diu ir apatiniu 1\/3 karv\u0117s kokyb\u0117s laikikliu ir tarpikliu IP67 sertifikuota med\u017eiaga: Aliuminis <\/p>\n","protected":false},"featured_media":116990,"template":"","meta":{"_acf_changed":false},"product_brand":[],"product_cat":[1166],"product_tag":[],"class_list":{"0":"post-151634","1":"product","2":"type-product","3":"status-publish","4":"has-post-thumbnail","6":"product_cat-padidinti","8":"first","9":"onbackorder","10":"product-type-simple"},"acf":[],"_links":{"self":[{"href":"https:\/\/kingarms.ee\/lt\/wp-json\/wp\/v2\/product\/151634","targetHints":{"allow":["GET"]}}],"collection":[{"href":"https:\/\/kingarms.ee\/lt\/wp-json\/wp\/v2\/product"}],"about":[{"href":"https:\/\/kingarms.ee\/lt\/wp-json\/wp\/v2\/types\/product"}],"wp:featuredmedia":[{"embeddable":true,"href":"https:\/\/kingarms.ee\/lt\/wp-json\/wp\/v2\/media\/116990"}],"wp:attachment":[{"href":"https:\/\/kingarms.ee\/lt\/wp-json\/wp\/v2\/media?parent=151634"}],"wp:term":[{"taxonomy":"product_brand","embeddable":true,"href":"https:\/\/kingarms.ee\/lt\/wp-json\/wp\/v2\/product_brand?post=151634"},{"taxonomy":"product_cat","embeddable":true,"href":"https:\/\/kingarms.ee\/lt\/wp-json\/wp\/v2\/product_cat?post=151634"},{"taxonomy":"product_tag","embeddable":true,"href":"https:\/\/kingarms.ee\/lt\/wp-json\/wp\/v2\/product_tag?post=151634"}],"curies":[{"name":"wp","href":"https:\/\/api.w.org\/{rel}","templated":true}]}}