{"id":151635,"date":"2022-04-16T17:29:10","date_gmt":"2025-06-29T15:00:56","guid":{"rendered":"https:\/\/kingarms.ee\/product\/ikelimo-stotis-x6-baofeng\/"},"modified":"2025-06-29T18:00:56","modified_gmt":"2025-06-29T15:00:56","slug":"ikelimo-stotis-x6-baofeng","status":"publish","type":"product","link":"https:\/\/kingarms.ee\/lt\/product\/ikelimo-stotis-x6-baofeng\/","title":{"rendered":"\u012ek\u0117limo stotis (x6) \u201eBaofeng\u201c"},"content":{"rendered":"<p><img loading=\"lazy\" decoding=\"async\" class=\"alignnone size-medium wp-image-42363\" src=\"https:\/\/kingarms.ee\/wp-content\/uploads\/2022\/04\/715-100-SIX5R-A_06_1024x-300x300.jpeg\" alt=\"\" width=\"300\" height=\"300\" srcset=\"https:\/\/kingarms.ee\/wp-content\/uploads\/2022\/04\/715-100-SIX5R-A_06_1024x-300x300.jpeg 300w, https:\/\/kingarms.ee\/wp-content\/uploads\/2022\/04\/715-100-SIX5R-A_06_1024x.jpeg 1024w, https:\/\/kingarms.ee\/wp-content\/uploads\/2022\/04\/715-100-SIX5R-A_06_1024x-150x150.jpeg 150w, https:\/\/kingarms.ee\/wp-content\/uploads\/2022\/04\/715-100-SIX5R-A_06_1024x-768x768.jpeg 768w, https:\/\/kingarms.ee\/wp-content\/uploads\/2022\/04\/715-100-SIX5R-A_06_1024x-500x500.jpeg 500w\" sizes=\"auto, (max-width: 300px) 100vw, 300px\" \/><\/p>\n","protected":false},"excerpt":{"rendered":"<p>\u012ek\u0117limo stotis (x6) \u201eBaofeng\u201c<\/p>\n<p>BAOFENG \u0161e\u0161i\u0173 kryp\u010di\u0173 \u012fkroviklis UV-5R serijai<br \/>\nAr pavargote nuo susiv\u0117lusi\u0173 \u012fkrovikli\u0173 ir laid\u0173? \u0160is naujas keli\u0173 \u012frengini\u0173 \u012fkroviklis padeda sutaupyti daugiau vietos ir laiko. \u0160is gra\u017eus \u0161varus \u0161e\u0161i viename \u012fkroviklis leid\u017eia vienu metu \u012fkrauti 6 radijo imtuvus arba tik 6 baterijas.  <\/p>\n<p>Suderinami modeliai<br \/>\nUV-5R \/ UV-5R + Plius \/ UV-5R 8V<br \/>\nUV-5RA \/ UV-5RE \/ UV-5 (UV-5G)<br \/>\nUV-5RHP \/ UV-5RTP<br \/>\nUV-5H3 \/ UV-5RH3<br \/>\nBF-F8HP<\/p>\n","protected":false},"featured_media":116564,"template":"","meta":{"_acf_changed":false},"product_brand":[],"product_cat":[1268],"product_tag":[],"class_list":{"0":"post-151635","1":"product","2":"type-product","3":"status-publish","4":"has-post-thumbnail","6":"product_cat-priedai-lt-2","8":"first","9":"instock","10":"taxable","11":"shipping-taxable","12":"purchasable","13":"product-type-simple"},"acf":[],"_links":{"self":[{"href":"https:\/\/kingarms.ee\/lt\/wp-json\/wp\/v2\/product\/151635","targetHints":{"allow":["GET"]}}],"collection":[{"href":"https:\/\/kingarms.ee\/lt\/wp-json\/wp\/v2\/product"}],"about":[{"href":"https:\/\/kingarms.ee\/lt\/wp-json\/wp\/v2\/types\/product"}],"wp:featuredmedia":[{"embeddable":true,"href":"https:\/\/kingarms.ee\/lt\/wp-json\/wp\/v2\/media\/116564"}],"wp:attachment":[{"href":"https:\/\/kingarms.ee\/lt\/wp-json\/wp\/v2\/media?parent=151635"}],"wp:term":[{"taxonomy":"product_brand","embeddable":true,"href":"https:\/\/kingarms.ee\/lt\/wp-json\/wp\/v2\/product_brand?post=151635"},{"taxonomy":"product_cat","embeddable":true,"href":"https:\/\/kingarms.ee\/lt\/wp-json\/wp\/v2\/product_cat?post=151635"},{"taxonomy":"product_tag","embeddable":true,"href":"https:\/\/kingarms.ee\/lt\/wp-json\/wp\/v2\/product_tag?post=151635"}],"curies":[{"name":"wp","href":"https:\/\/api.w.org\/{rel}","templated":true}]}}