{"id":151637,"date":"2022-02-27T18:25:05","date_gmt":"2025-06-29T15:30:18","guid":{"rendered":"https:\/\/kingarms.ee\/product\/pilnas-metalo-karabinai-a-k\/"},"modified":"2025-06-29T18:30:18","modified_gmt":"2025-06-29T15:30:18","slug":"pilnas-metalo-karabinai-a-k","status":"publish","type":"product","link":"https:\/\/kingarms.ee\/lt\/product\/pilnas-metalo-karabinai-a-k\/","title":{"rendered":"Pilnas metalo karabinai (a &amp; k)"},"content":{"rendered":"<p><img loading=\"lazy\" decoding=\"async\" class=\"alignnone size-medium wp-image-37837\" src=\"https:\/\/kingarms.ee\/wp-content\/uploads\/2022\/02\/1152228411_2-300x200.jpeg\" alt=\"\" width=\"300\" height=\"200\" srcset=\"https:\/\/kingarms.ee\/wp-content\/uploads\/2022\/02\/1152228411_2-300x200.jpeg 300w, https:\/\/kingarms.ee\/wp-content\/uploads\/2022\/02\/1152228411_2-1024x682.jpeg 1024w, https:\/\/kingarms.ee\/wp-content\/uploads\/2022\/02\/1152228411_2-768x512.jpeg 768w, https:\/\/kingarms.ee\/wp-content\/uploads\/2022\/02\/1152228411_2-1536x1024.jpeg 1536w, https:\/\/kingarms.ee\/wp-content\/uploads\/2022\/02\/1152228411_2-500x333.jpeg 500w, https:\/\/kingarms.ee\/wp-content\/uploads\/2022\/02\/1152228411_2-150x100.jpeg 150w, https:\/\/kingarms.ee\/wp-content\/uploads\/2022\/02\/1152228411_2.jpeg 2000w\" sizes=\"auto, (max-width: 300px) 100vw, 300px\" \/><\/p>\n","protected":false},"excerpt":{"rendered":"<p>Pilnas metalo karabinai (a &amp; k)<\/p>\n<p>Pakanka u\u017ed\u0117ti rankas ant \u0161io airsoft \u0161autuvo, kad pajustum\u0117te jo svor\u012f ir patys su\u017einotum\u0117te, kad tai n\u0117ra \u012fprastas \u017eaislas. Tai patvirtina ir ne\u012ftik\u0117tinai tvirta konstrukcija, ir gamyboje naudojamos med\u017eiagos. Be pistoleto rankenos ir pakrovimo rankenos, visa kopija pagaminta i\u0161 metalo &#8211; korpuso, d\u0117klo, b\u0117gi\u0173, i\u0161orinio vamzd\u017eio, kabinos ir kt.  <\/p>\n<p>Techniniai duomenys<\/p>\n<p>Pagaminta i\u0161 metalo + plastiko<\/p>\n<p>Greitis [FPS] ~380<\/p>\n<p>Varomas pavasario<\/p>\n<p>Fotografavimo tipas Vienas<\/p>\n<p>Ilgis [mm] 770-900<\/p>\n<p>Svoris [g] 3110<\/p>\n<p>D\u0117klo t\u016bris [vnt] 20<\/p>\n<p>Hop up yra reguliuojamas<\/p>\n","protected":false},"featured_media":115456,"template":"","meta":{"_acf_changed":false},"product_brand":[],"product_cat":[1140],"product_tag":[],"class_list":{"0":"post-151637","1":"product","2":"type-product","3":"status-publish","4":"has-post-thumbnail","6":"product_cat-sautuvai","8":"first","9":"instock","10":"taxable","11":"shipping-taxable","12":"purchasable","13":"product-type-simple"},"acf":[],"_links":{"self":[{"href":"https:\/\/kingarms.ee\/lt\/wp-json\/wp\/v2\/product\/151637","targetHints":{"allow":["GET"]}}],"collection":[{"href":"https:\/\/kingarms.ee\/lt\/wp-json\/wp\/v2\/product"}],"about":[{"href":"https:\/\/kingarms.ee\/lt\/wp-json\/wp\/v2\/types\/product"}],"wp:featuredmedia":[{"embeddable":true,"href":"https:\/\/kingarms.ee\/lt\/wp-json\/wp\/v2\/media\/115456"}],"wp:attachment":[{"href":"https:\/\/kingarms.ee\/lt\/wp-json\/wp\/v2\/media?parent=151637"}],"wp:term":[{"taxonomy":"product_brand","embeddable":true,"href":"https:\/\/kingarms.ee\/lt\/wp-json\/wp\/v2\/product_brand?post=151637"},{"taxonomy":"product_cat","embeddable":true,"href":"https:\/\/kingarms.ee\/lt\/wp-json\/wp\/v2\/product_cat?post=151637"},{"taxonomy":"product_tag","embeddable":true,"href":"https:\/\/kingarms.ee\/lt\/wp-json\/wp\/v2\/product_tag?post=151637"}],"curies":[{"name":"wp","href":"https:\/\/api.w.org\/{rel}","templated":true}]}}