{"id":151639,"date":"2022-04-16T17:08:08","date_gmt":"2025-06-29T15:31:43","guid":{"rendered":"https:\/\/kingarms.ee\/product\/colt-1911-auksinis-leidimas-auksinis-erelis\/"},"modified":"2025-06-29T18:31:43","modified_gmt":"2025-06-29T15:31:43","slug":"colt-1911-auksinis-leidimas-auksinis-erelis","status":"publish","type":"product","link":"https:\/\/kingarms.ee\/lt\/product\/colt-1911-auksinis-leidimas-auksinis-erelis\/","title":{"rendered":"COLT 1911 Auksinis leidimas (Auksinis erelis)"},"content":{"rendered":"<p><img loading=\"lazy\" decoding=\"async\" class=\"alignnone size-medium wp-image-42331\" src=\"https:\/\/kingarms.ee\/wp-content\/uploads\/2022\/04\/521288b912de70c866c1b2de923300e8-300x225.jpeg\" alt=\"\" width=\"300\" height=\"225\" srcset=\"https:\/\/kingarms.ee\/wp-content\/uploads\/2022\/04\/521288b912de70c866c1b2de923300e8-300x225.jpeg 300w, https:\/\/kingarms.ee\/wp-content\/uploads\/2022\/04\/521288b912de70c866c1b2de923300e8-768x576.jpeg 768w, https:\/\/kingarms.ee\/wp-content\/uploads\/2022\/04\/521288b912de70c866c1b2de923300e8-600x450.jpeg 600w, https:\/\/kingarms.ee\/wp-content\/uploads\/2022\/04\/521288b912de70c866c1b2de923300e8-500x375.jpeg 500w, https:\/\/kingarms.ee\/wp-content\/uploads\/2022\/04\/521288b912de70c866c1b2de923300e8-150x113.jpeg 150w, https:\/\/kingarms.ee\/wp-content\/uploads\/2022\/04\/521288b912de70c866c1b2de923300e8.jpeg 800w\" sizes=\"auto, (max-width: 300px) 100vw, 300px\" \/><\/p>\n","protected":false},"excerpt":{"rendered":"<p>COLT 1911 Auksinis leidimas (Auksinis erelis)<\/p>\n<p>Pistoleto savyb\u0117s:<\/p>\n<p>tvirta metalo konstrukcija<br \/>\nDuj\u0173 sm\u016bgio atgal sistema<br \/>\nlengvas u\u017eraktas su i\u0161pjovomis<br \/>\n25 rutulinis d\u0117klas<br \/>\ndvipus\u0117 apsauga<br \/>\ni\u0161orinis vamzdis su grioveliais<br \/>\nrankena su neslid\u017eia tekst\u016bra<br \/>\nSvoris: 885 g<br \/>\nIlgis: 220mm<br \/>\nSpalva: Juoda \/ raudona<br \/>\n\u0160audymo greitis: ~300 kadr\u0173 per sekund\u0119 \/ s<\/p>\n","protected":false},"featured_media":116552,"template":"","meta":{"_acf_changed":false},"product_brand":[],"product_cat":[1138],"product_tag":[],"class_list":{"0":"post-151639","1":"product","2":"type-product","3":"status-publish","4":"has-post-thumbnail","6":"product_cat-airsoft-pistols","8":"first","9":"onbackorder","10":"taxable","11":"shipping-taxable","12":"product-type-simple"},"acf":[],"_links":{"self":[{"href":"https:\/\/kingarms.ee\/lt\/wp-json\/wp\/v2\/product\/151639","targetHints":{"allow":["GET"]}}],"collection":[{"href":"https:\/\/kingarms.ee\/lt\/wp-json\/wp\/v2\/product"}],"about":[{"href":"https:\/\/kingarms.ee\/lt\/wp-json\/wp\/v2\/types\/product"}],"wp:featuredmedia":[{"embeddable":true,"href":"https:\/\/kingarms.ee\/lt\/wp-json\/wp\/v2\/media\/116552"}],"wp:attachment":[{"href":"https:\/\/kingarms.ee\/lt\/wp-json\/wp\/v2\/media?parent=151639"}],"wp:term":[{"taxonomy":"product_brand","embeddable":true,"href":"https:\/\/kingarms.ee\/lt\/wp-json\/wp\/v2\/product_brand?post=151639"},{"taxonomy":"product_cat","embeddable":true,"href":"https:\/\/kingarms.ee\/lt\/wp-json\/wp\/v2\/product_cat?post=151639"},{"taxonomy":"product_tag","embeddable":true,"href":"https:\/\/kingarms.ee\/lt\/wp-json\/wp\/v2\/product_tag?post=151639"}],"curies":[{"name":"wp","href":"https:\/\/api.w.org\/{rel}","templated":true}]}}