{"id":151641,"date":"2022-02-03T14:49:17","date_gmt":"2025-06-29T15:33:30","guid":{"rendered":"https:\/\/kingarms.ee\/product\/dziovinti-obuoliu-traskuciai-15g\/"},"modified":"2025-06-29T18:33:30","modified_gmt":"2025-06-29T15:33:30","slug":"dziovinti-obuoliu-traskuciai-15g","status":"publish","type":"product","link":"https:\/\/kingarms.ee\/lt\/product\/dziovinti-obuoliu-traskuciai-15g\/","title":{"rendered":"D\u017eiovinti obuoli\u0173 tra\u0161ku\u010diai 15g"},"content":{"rendered":"<p><img loading=\"lazy\" decoding=\"async\" class=\"alignnone size-medium wp-image-36522\" src=\"https:\/\/kingarms.ee\/wp-content\/uploads\/2022\/02\/Apple_chips_white_back-07-16-17-989_adobespark1-281x300.png\" alt=\"\" width=\"281\" height=\"300\" srcset=\"https:\/\/kingarms.ee\/wp-content\/uploads\/2022\/02\/Apple_chips_white_back-07-16-17-989_adobespark1-281x300.png 281w, https:\/\/kingarms.ee\/wp-content\/uploads\/2022\/02\/Apple_chips_white_back-07-16-17-989_adobespark1-150x160.png 150w, https:\/\/kingarms.ee\/wp-content\/uploads\/2022\/02\/Apple_chips_white_back-07-16-17-989_adobespark1-500x535.png 500w, https:\/\/kingarms.ee\/wp-content\/uploads\/2022\/02\/Apple_chips_white_back-07-16-17-989_adobespark1-958x1024.png 958w, https:\/\/kingarms.ee\/wp-content\/uploads\/2022\/02\/Apple_chips_white_back-07-16-17-989_adobespark1-768x821.png 768w, https:\/\/kingarms.ee\/wp-content\/uploads\/2022\/02\/Apple_chips_white_back-07-16-17-989_adobespark1.png 1010w\" sizes=\"auto, (max-width: 281px) 100vw, 281px\" \/><\/p>\n","protected":false},"excerpt":{"rendered":"<ul>\n<li>D\u017eiovinti obuoli\u0173 tra\u0161ku\u010diai 15g<\/li>\n<li>Maloniai tra\u0161k\u016bs obuoli\u0173 tra\u0161ku\u010diai<\/li>\n<li>Gra\u017eus u\u017ekandis u\u017eimtas dien\u0105<\/li>\n<\/ul>\n<p>Skanus tra\u0161k\u0117jimas!<\/p>\n<p>Nereikia prid\u0117ti vandens \u012f \u0161\u012f produkt\u0105!<\/p>\n<p>Energijos vert\u0117 yra 54 kcal.<\/p>\n<p><strong>Geriausias prie\u0161 4 metus<\/strong><\/p>\n","protected":false},"featured_media":115287,"template":"","meta":{"_acf_changed":false},"product_brand":[],"product_cat":[1263,1272],"product_tag":[],"class_list":{"0":"post-151641","1":"product","2":"type-product","3":"status-publish","4":"has-post-thumbnail","6":"product_cat-kelioniu-prekes","7":"product_cat-taktine-maisto-pakuote","9":"first","10":"instock","11":"taxable","12":"shipping-taxable","13":"purchasable","14":"product-type-simple"},"acf":[],"_links":{"self":[{"href":"https:\/\/kingarms.ee\/lt\/wp-json\/wp\/v2\/product\/151641","targetHints":{"allow":["GET"]}}],"collection":[{"href":"https:\/\/kingarms.ee\/lt\/wp-json\/wp\/v2\/product"}],"about":[{"href":"https:\/\/kingarms.ee\/lt\/wp-json\/wp\/v2\/types\/product"}],"wp:featuredmedia":[{"embeddable":true,"href":"https:\/\/kingarms.ee\/lt\/wp-json\/wp\/v2\/media\/115287"}],"wp:attachment":[{"href":"https:\/\/kingarms.ee\/lt\/wp-json\/wp\/v2\/media?parent=151641"}],"wp:term":[{"taxonomy":"product_brand","embeddable":true,"href":"https:\/\/kingarms.ee\/lt\/wp-json\/wp\/v2\/product_brand?post=151641"},{"taxonomy":"product_cat","embeddable":true,"href":"https:\/\/kingarms.ee\/lt\/wp-json\/wp\/v2\/product_cat?post=151641"},{"taxonomy":"product_tag","embeddable":true,"href":"https:\/\/kingarms.ee\/lt\/wp-json\/wp\/v2\/product_tag?post=151641"}],"curies":[{"name":"wp","href":"https:\/\/api.w.org\/{rel}","templated":true}]}}