{"id":151643,"date":"2022-02-03T14:45:41","date_gmt":"2025-06-29T15:34:08","guid":{"rendered":"https:\/\/kingarms.ee\/product\/astri-makaronu-sriuba-70g\/"},"modified":"2025-06-29T18:34:08","modified_gmt":"2025-06-29T15:34:08","slug":"astri-makaronu-sriuba-70g","status":"publish","type":"product","link":"https:\/\/kingarms.ee\/lt\/product\/astri-makaronu-sriuba-70g\/","title":{"rendered":"A\u0161tri makaron\u0173 sriuba 70g"},"content":{"rendered":"<p><img loading=\"lazy\" decoding=\"async\" class=\"alignnone size-medium wp-image-36496\" src=\"https:\/\/kingarms.ee\/wp-content\/uploads\/2022\/02\/Spicy_noodles_soup-300x239.png\" alt=\"\" width=\"300\" height=\"239\" srcset=\"https:\/\/kingarms.ee\/wp-content\/uploads\/2022\/02\/Spicy_noodles_soup-300x239.png 300w, https:\/\/kingarms.ee\/wp-content\/uploads\/2022\/02\/Spicy_noodles_soup-150x120.png 150w, https:\/\/kingarms.ee\/wp-content\/uploads\/2022\/02\/Spicy_noodles_soup-500x399.png 500w, https:\/\/kingarms.ee\/wp-content\/uploads\/2022\/02\/Spicy_noodles_soup-1024x817.png 1024w, https:\/\/kingarms.ee\/wp-content\/uploads\/2022\/02\/Spicy_noodles_soup-768x613.png 768w, https:\/\/kingarms.ee\/wp-content\/uploads\/2022\/02\/Spicy_noodles_soup.png 1354w\" sizes=\"auto, (max-width: 300px) 100vw, 300px\" \/><\/p>\n","protected":false},"excerpt":{"rendered":"<ul>\n<li>A\u0161trioje makaron\u0173 sriuboje yra vi\u0161tienos, pievagrybi\u0173 ir kokos\u0173 pieno<\/li>\n<li>Sriubos a\u0161trum\u0105 galima reguliuoti \u012fpilant atitinkam\u0105 kiek\u012f kar\u0161to vandens<\/li>\n<li><span lang=\"ET\">Nat\u016bralus ir pagaminas estijoJe <\/span><\/li>\n<li><span lang=\"ET\">N\u0117ra Konservant\u0173 ir pried\u0173<\/span><\/li>\n<li><span lang=\"ET\">Vienos porcijos energin\u0117 vert\u0117 yra 346 kcal<\/span><\/li>\n<li>Geriausias iki: 8 met\u0173<\/li>\n<\/ul>\n<p><strong>Koostisosad:<\/strong><\/p>\n<p><strong>Makaronai (20%) (kvietiniai miltai, vanduo, ciber\u017eol\u0117), vi\u0161tienos fil\u0117 (17%), morkos, kokos\u0173 pienas, uampinions, gr\u016bsti pomidorai, pomidorai, prieskoniai, druska. D\u0117l gamybos linijos produkte gali b\u016bti nedidelis kiekis salier\u0173, garsty\u010di\u0173 ir pieno. <\/strong><\/p>\n","protected":false},"featured_media":115275,"template":"","meta":{"_acf_changed":false},"product_brand":[],"product_cat":[1272],"product_tag":[],"class_list":{"0":"post-151643","1":"product","2":"type-product","3":"status-publish","4":"has-post-thumbnail","6":"product_cat-taktine-maisto-pakuote","8":"first","9":"instock","10":"taxable","11":"shipping-taxable","12":"purchasable","13":"product-type-simple"},"acf":[],"_links":{"self":[{"href":"https:\/\/kingarms.ee\/lt\/wp-json\/wp\/v2\/product\/151643","targetHints":{"allow":["GET"]}}],"collection":[{"href":"https:\/\/kingarms.ee\/lt\/wp-json\/wp\/v2\/product"}],"about":[{"href":"https:\/\/kingarms.ee\/lt\/wp-json\/wp\/v2\/types\/product"}],"wp:featuredmedia":[{"embeddable":true,"href":"https:\/\/kingarms.ee\/lt\/wp-json\/wp\/v2\/media\/115275"}],"wp:attachment":[{"href":"https:\/\/kingarms.ee\/lt\/wp-json\/wp\/v2\/media?parent=151643"}],"wp:term":[{"taxonomy":"product_brand","embeddable":true,"href":"https:\/\/kingarms.ee\/lt\/wp-json\/wp\/v2\/product_brand?post=151643"},{"taxonomy":"product_cat","embeddable":true,"href":"https:\/\/kingarms.ee\/lt\/wp-json\/wp\/v2\/product_cat?post=151643"},{"taxonomy":"product_tag","embeddable":true,"href":"https:\/\/kingarms.ee\/lt\/wp-json\/wp\/v2\/product_tag?post=151643"}],"curies":[{"name":"wp","href":"https:\/\/api.w.org\/{rel}","templated":true}]}}