{"id":151644,"date":"2022-02-03T14:43:37","date_gmt":"2025-06-29T15:34:46","guid":{"rendered":"https:\/\/kingarms.ee\/product\/burokeliu-sriuba-su-feta-60g\/"},"modified":"2025-06-29T18:34:46","modified_gmt":"2025-06-29T15:34:46","slug":"burokeliu-sriuba-su-feta-60g","status":"publish","type":"product","link":"https:\/\/kingarms.ee\/lt\/product\/burokeliu-sriuba-su-feta-60g\/","title":{"rendered":"Burok\u0117li\u0173 sriuba su feta 60g"},"content":{"rendered":"<p><img loading=\"lazy\" decoding=\"async\" class=\"alignnone size-medium wp-image-36487\" src=\"https:\/\/kingarms.ee\/wp-content\/uploads\/2022\/02\/Beetroot_feta_soup-300x239.png\" alt=\"\" width=\"300\" height=\"239\" srcset=\"https:\/\/kingarms.ee\/wp-content\/uploads\/2022\/02\/Beetroot_feta_soup-300x239.png 300w, https:\/\/kingarms.ee\/wp-content\/uploads\/2022\/02\/Beetroot_feta_soup-150x120.png 150w, https:\/\/kingarms.ee\/wp-content\/uploads\/2022\/02\/Beetroot_feta_soup-500x399.png 500w, https:\/\/kingarms.ee\/wp-content\/uploads\/2022\/02\/Beetroot_feta_soup-1024x817.png 1024w, https:\/\/kingarms.ee\/wp-content\/uploads\/2022\/02\/Beetroot_feta_soup-768x613.png 768w, https:\/\/kingarms.ee\/wp-content\/uploads\/2022\/02\/Beetroot_feta_soup-1536x1225.png 1536w, https:\/\/kingarms.ee\/wp-content\/uploads\/2022\/02\/Beetroot_feta_soup.png 1798w\" sizes=\"auto, (max-width: 300px) 100vw, 300px\" \/><\/p>\n","protected":false},"excerpt":{"rendered":"<ul>\n<li><span lang=\"ET\">Feta buvo prid\u0117ta prie spalvingos ir sveikos burok\u0117li\u0173 tyr\u0117s sriubos pagal skon\u012f<\/span><\/li>\n<li><span lang=\"ET\">Skani ir kremin\u0117 sriuba yra tikras malonumas tiek augalinio, tiek m\u0117sos maisto m\u0117g\u0117jams<\/span><\/li>\n<li><span lang=\"ET\">Nat\u016bralus ir pagaminas estijoJe <\/span><\/li>\n<li><span lang=\"ET\">N\u0117ra Konservant\u0173 ir pried\u0173<\/span><\/li>\n<li><span lang=\"ET\">Vienos porcijos energin\u0117 vert\u0117 yra 274 kcal<\/span><\/li>\n<\/ul>\n<p><strong>Koostisosad:<\/strong><\/p>\n<p>Burok\u0117liai (35%), bulv\u0117s, <strong>fetos s\u016bris<\/strong> (10%), smulkinti pomidorai, gumbasvog\u016bniai, prieskoniai, druska. <strong>D\u0117l gamybos linijos produkte gali b\u016bti nedidelis salier\u0173 ir garsty\u010di\u0173 kiekis.<\/strong><\/p>\n","protected":false},"featured_media":115271,"template":"","meta":{"_acf_changed":false},"product_brand":[],"product_cat":[1272],"product_tag":[],"class_list":{"0":"post-151644","1":"product","2":"type-product","3":"status-publish","4":"has-post-thumbnail","6":"product_cat-taktine-maisto-pakuote","8":"first","9":"instock","10":"taxable","11":"shipping-taxable","12":"purchasable","13":"product-type-simple"},"acf":[],"_links":{"self":[{"href":"https:\/\/kingarms.ee\/lt\/wp-json\/wp\/v2\/product\/151644","targetHints":{"allow":["GET"]}}],"collection":[{"href":"https:\/\/kingarms.ee\/lt\/wp-json\/wp\/v2\/product"}],"about":[{"href":"https:\/\/kingarms.ee\/lt\/wp-json\/wp\/v2\/types\/product"}],"wp:featuredmedia":[{"embeddable":true,"href":"https:\/\/kingarms.ee\/lt\/wp-json\/wp\/v2\/media\/115271"}],"wp:attachment":[{"href":"https:\/\/kingarms.ee\/lt\/wp-json\/wp\/v2\/media?parent=151644"}],"wp:term":[{"taxonomy":"product_brand","embeddable":true,"href":"https:\/\/kingarms.ee\/lt\/wp-json\/wp\/v2\/product_brand?post=151644"},{"taxonomy":"product_cat","embeddable":true,"href":"https:\/\/kingarms.ee\/lt\/wp-json\/wp\/v2\/product_cat?post=151644"},{"taxonomy":"product_tag","embeddable":true,"href":"https:\/\/kingarms.ee\/lt\/wp-json\/wp\/v2\/product_tag?post=151644"}],"curies":[{"name":"wp","href":"https:\/\/api.w.org\/{rel}","templated":true}]}}