{"id":151646,"date":"2022-02-03T14:41:50","date_gmt":"2025-06-29T15:35:39","guid":{"rendered":"https:\/\/kingarms.ee\/product\/grikiai-su-kalakutiena-110g\/"},"modified":"2025-06-29T18:35:39","modified_gmt":"2025-06-29T15:35:39","slug":"grikiai-su-kalakutiena-110g","status":"publish","type":"product","link":"https:\/\/kingarms.ee\/lt\/product\/grikiai-su-kalakutiena-110g\/","title":{"rendered":"Grikiai su kalakutiena 110g"},"content":{"rendered":"<p><img loading=\"lazy\" decoding=\"async\" class=\"alignnone size-medium wp-image-36473\" src=\"https:\/\/kingarms.ee\/wp-content\/uploads\/2022\/02\/Buckwheat_and_turkey-300x239.png\" alt=\"\" width=\"300\" height=\"239\" srcset=\"https:\/\/kingarms.ee\/wp-content\/uploads\/2022\/02\/Buckwheat_and_turkey-300x239.png 300w, https:\/\/kingarms.ee\/wp-content\/uploads\/2022\/02\/Buckwheat_and_turkey-150x120.png 150w, https:\/\/kingarms.ee\/wp-content\/uploads\/2022\/02\/Buckwheat_and_turkey-500x399.png 500w, https:\/\/kingarms.ee\/wp-content\/uploads\/2022\/02\/Buckwheat_and_turkey-1024x817.png 1024w, https:\/\/kingarms.ee\/wp-content\/uploads\/2022\/02\/Buckwheat_and_turkey-768x613.png 768w, https:\/\/kingarms.ee\/wp-content\/uploads\/2022\/02\/Buckwheat_and_turkey-1536x1225.png 1536w, https:\/\/kingarms.ee\/wp-content\/uploads\/2022\/02\/Buckwheat_and_turkey.png 1798w\" sizes=\"auto, (max-width: 300px) 100vw, 300px\" \/><\/p>\n","protected":false},"excerpt":{"rendered":"<ul>\n<li>Skanus griki\u0173 patiekalas su skaniai kepta kalakutiena<\/li>\n<li>Patiekalas yra be glitimo<\/li>\n<li><span lang=\"ET\">Nat\u016bralus ir pagaminas estijoJe <\/span><\/li>\n<li><span lang=\"ET\">N\u0117ra Konservant\u0173 ir pried\u0173<\/span><\/li>\n<li><span lang=\"ET\">Vienos porcijos energin\u0117 vert\u0117 yra 531 kcal<\/span><\/li>\n<\/ul>\n<p><strong>Sudedam\u0173j\u0173: <\/strong><\/p>\n<p>Grikiai (47%), <strong>grietin\u0117l\u0117<\/strong>, kalakutienos kumpis (10%), morkos, svog\u016bnai, paprikos, kukur\u016bzai, raps\u0173 aliejus, \u010desnakai, prieskoniai, \u017eolel\u0117s, druska. <strong>D\u0117l gamybos linijos produkte gali b\u016bti nedidelis salier\u0173 ir garsty\u010di\u0173 kiekis.<\/strong><\/p>\n","protected":false},"featured_media":115265,"template":"","meta":{"_acf_changed":false},"product_brand":[],"product_cat":[1272],"product_tag":[],"class_list":{"0":"post-151646","1":"product","2":"type-product","3":"status-publish","4":"has-post-thumbnail","6":"product_cat-taktine-maisto-pakuote","8":"first","9":"instock","10":"taxable","11":"shipping-taxable","12":"purchasable","13":"product-type-simple"},"acf":[],"_links":{"self":[{"href":"https:\/\/kingarms.ee\/lt\/wp-json\/wp\/v2\/product\/151646","targetHints":{"allow":["GET"]}}],"collection":[{"href":"https:\/\/kingarms.ee\/lt\/wp-json\/wp\/v2\/product"}],"about":[{"href":"https:\/\/kingarms.ee\/lt\/wp-json\/wp\/v2\/types\/product"}],"wp:featuredmedia":[{"embeddable":true,"href":"https:\/\/kingarms.ee\/lt\/wp-json\/wp\/v2\/media\/115265"}],"wp:attachment":[{"href":"https:\/\/kingarms.ee\/lt\/wp-json\/wp\/v2\/media?parent=151646"}],"wp:term":[{"taxonomy":"product_brand","embeddable":true,"href":"https:\/\/kingarms.ee\/lt\/wp-json\/wp\/v2\/product_brand?post=151646"},{"taxonomy":"product_cat","embeddable":true,"href":"https:\/\/kingarms.ee\/lt\/wp-json\/wp\/v2\/product_cat?post=151646"},{"taxonomy":"product_tag","embeddable":true,"href":"https:\/\/kingarms.ee\/lt\/wp-json\/wp\/v2\/product_tag?post=151646"}],"curies":[{"name":"wp","href":"https:\/\/api.w.org\/{rel}","templated":true}]}}