{"id":151647,"date":"2022-02-03T14:37:52","date_gmt":"2025-06-29T15:36:25","guid":{"rendered":"https:\/\/kingarms.ee\/product\/ryziu-patiekalas-su-vistiena-100g\/"},"modified":"2025-06-29T18:36:25","modified_gmt":"2025-06-29T15:36:25","slug":"ryziu-patiekalas-su-vistiena-100g","status":"publish","type":"product","link":"https:\/\/kingarms.ee\/lt\/product\/ryziu-patiekalas-su-vistiena-100g\/","title":{"rendered":"Ry\u017ei\u0173 patiekalas su vi\u0161tiena 100g"},"content":{"rendered":"<p><img loading=\"lazy\" decoding=\"async\" class=\"alignnone size-medium wp-image-36460\" src=\"https:\/\/kingarms.ee\/wp-content\/uploads\/2022\/02\/Chicken_and_Rice-300x239.png\" alt=\"\" width=\"300\" height=\"239\" srcset=\"https:\/\/kingarms.ee\/wp-content\/uploads\/2022\/02\/Chicken_and_Rice-300x239.png 300w, https:\/\/kingarms.ee\/wp-content\/uploads\/2022\/02\/Chicken_and_Rice-150x120.png 150w, https:\/\/kingarms.ee\/wp-content\/uploads\/2022\/02\/Chicken_and_Rice-500x399.png 500w, https:\/\/kingarms.ee\/wp-content\/uploads\/2022\/02\/Chicken_and_Rice-1024x817.png 1024w, https:\/\/kingarms.ee\/wp-content\/uploads\/2022\/02\/Chicken_and_Rice-768x613.png 768w, https:\/\/kingarms.ee\/wp-content\/uploads\/2022\/02\/Chicken_and_Rice-1536x1225.png 1536w, https:\/\/kingarms.ee\/wp-content\/uploads\/2022\/02\/Chicken_and_Rice.png 1798w\" sizes=\"auto, (max-width: 300px) 100vw, 300px\" \/><\/p>\n","protected":false},"excerpt":{"rendered":"<ul>\n<li>\u0160iek tiek a\u0161trus ry\u017ei\u0173 patiekalas su vi\u0161tiena<\/li>\n<li>Taip pat yra tikro vi\u0161tienos sultinio<\/li>\n<li><span lang=\"ET\">Nat\u016bralus ir pagaminas estijoJe <\/span><\/li>\n<li><span lang=\"ET\">N\u0117ra Konservant\u0173 ir pried\u0173<\/span><\/li>\n<li><span lang=\"ET\">Vienos porcijos energin\u0117 vert\u0117 yra 412 kcal<\/span><\/li>\n<\/ul>\n<p><strong>Sudedam\u0173j\u0173: <\/strong><\/p>\n<div class=\"description\">\n<p>Ry\u017eiai, (35%), vi\u0161tienos fil\u0117 (15%), paprika, pupeli\u0173 ank\u0161tis, svog\u016bnai, pomidorai, raps\u0173 aliejus, \u010desnakai, petra\u017eol\u0117s, druska, Kajano pipirai. <strong>D\u0117l gamybos linijos produkte gali b\u016bti nedidelis kiekis salier\u0173, garsty\u010di\u0173 ir pieno.<\/strong><\/p>\n<\/div>\n","protected":false},"featured_media":115259,"template":"","meta":{"_acf_changed":false},"product_brand":[],"product_cat":[1272],"product_tag":[],"class_list":{"0":"post-151647","1":"product","2":"type-product","3":"status-publish","4":"has-post-thumbnail","6":"product_cat-taktine-maisto-pakuote","8":"first","9":"instock","10":"taxable","11":"shipping-taxable","12":"purchasable","13":"product-type-simple"},"acf":[],"_links":{"self":[{"href":"https:\/\/kingarms.ee\/lt\/wp-json\/wp\/v2\/product\/151647","targetHints":{"allow":["GET"]}}],"collection":[{"href":"https:\/\/kingarms.ee\/lt\/wp-json\/wp\/v2\/product"}],"about":[{"href":"https:\/\/kingarms.ee\/lt\/wp-json\/wp\/v2\/types\/product"}],"wp:featuredmedia":[{"embeddable":true,"href":"https:\/\/kingarms.ee\/lt\/wp-json\/wp\/v2\/media\/115259"}],"wp:attachment":[{"href":"https:\/\/kingarms.ee\/lt\/wp-json\/wp\/v2\/media?parent=151647"}],"wp:term":[{"taxonomy":"product_brand","embeddable":true,"href":"https:\/\/kingarms.ee\/lt\/wp-json\/wp\/v2\/product_brand?post=151647"},{"taxonomy":"product_cat","embeddable":true,"href":"https:\/\/kingarms.ee\/lt\/wp-json\/wp\/v2\/product_cat?post=151647"},{"taxonomy":"product_tag","embeddable":true,"href":"https:\/\/kingarms.ee\/lt\/wp-json\/wp\/v2\/product_tag?post=151647"}],"curies":[{"name":"wp","href":"https:\/\/api.w.org\/{rel}","templated":true}]}}