{"id":151654,"date":"2022-02-03T14:35:01","date_gmt":"2025-06-29T15:37:22","guid":{"rendered":"https:\/\/kingarms.ee\/product\/kremine-darzoviu-pasta-110g\/"},"modified":"2025-06-29T18:37:22","modified_gmt":"2025-06-29T15:37:22","slug":"kremine-darzoviu-pasta-110g","status":"publish","type":"product","link":"https:\/\/kingarms.ee\/lt\/product\/kremine-darzoviu-pasta-110g\/","title":{"rendered":"Kremin\u0117 dar\u017eovi\u0173 pasta 110g"},"content":{"rendered":"<p><img loading=\"lazy\" decoding=\"async\" class=\"alignnone size-medium wp-image-36447\" src=\"https:\/\/kingarms.ee\/wp-content\/uploads\/2022\/02\/Pasta_and_vegetables-300x239.png\" alt=\"\" width=\"300\" height=\"239\" srcset=\"https:\/\/kingarms.ee\/wp-content\/uploads\/2022\/02\/Pasta_and_vegetables-300x239.png 300w, https:\/\/kingarms.ee\/wp-content\/uploads\/2022\/02\/Pasta_and_vegetables-150x120.png 150w, https:\/\/kingarms.ee\/wp-content\/uploads\/2022\/02\/Pasta_and_vegetables-500x399.png 500w, https:\/\/kingarms.ee\/wp-content\/uploads\/2022\/02\/Pasta_and_vegetables-1024x817.png 1024w, https:\/\/kingarms.ee\/wp-content\/uploads\/2022\/02\/Pasta_and_vegetables-768x613.png 768w, https:\/\/kingarms.ee\/wp-content\/uploads\/2022\/02\/Pasta_and_vegetables-1536x1225.png 1536w, https:\/\/kingarms.ee\/wp-content\/uploads\/2022\/02\/Pasta_and_vegetables.png 1798w\" sizes=\"auto, (max-width: 300px) 100vw, 300px\" \/><\/p>\n","protected":false},"excerpt":{"rendered":"<ul>\n<li>Su daugybe dar\u017eovi\u0173<\/li>\n<li>Su nat\u016braliais skoniais<\/li>\n<li>Sveiki ir kaloringi makaronai<\/li>\n<li>Geras m\u0117sos patiekal\u0173 pakeitimas<\/li>\n<li><span lang=\"ET\">Nat\u016bralus ir pagaminas estijoJe <\/span><\/li>\n<li><span lang=\"ET\">N\u0117ra Konservant\u0173 ir pried\u0173<\/span><\/li>\n<li><span lang=\"ET\">Vienos porcijos energin\u0117 vert\u0117 yra 513 kcal<\/span><\/li>\n<\/ul>\n<p><strong>Sudedam\u0173j\u0173: <\/strong><\/p>\n<div class=\"description\">\n<p>Pasta (42%)(<strong>nisujahu<\/strong>, vesi, kurkum), paprika (11%), porgand (11%), sibul (7,3%), oakaun (7,3%), tomat (7,3%), <strong>toorjuust<\/strong>,<strong> r\u00f5\u00f5sk koor<\/strong>, k\u00fc\u00fcslauk, oliivid, basiilik, petersell, sool, v\u00fcrtsid. Tulenevalt tootmisliinist v\u00f5ib <strong>toode sisaldada v\u00e4hesel m\u00e4\u00e4ral sellerit ja sinepit.<\/strong><\/p>\n<\/div>\n","protected":false},"featured_media":115253,"template":"","meta":{"_acf_changed":false},"product_brand":[],"product_cat":[1272],"product_tag":[],"class_list":{"0":"post-151654","1":"product","2":"type-product","3":"status-publish","4":"has-post-thumbnail","6":"product_cat-taktine-maisto-pakuote","8":"first","9":"instock","10":"taxable","11":"shipping-taxable","12":"purchasable","13":"product-type-simple"},"acf":[],"_links":{"self":[{"href":"https:\/\/kingarms.ee\/lt\/wp-json\/wp\/v2\/product\/151654","targetHints":{"allow":["GET"]}}],"collection":[{"href":"https:\/\/kingarms.ee\/lt\/wp-json\/wp\/v2\/product"}],"about":[{"href":"https:\/\/kingarms.ee\/lt\/wp-json\/wp\/v2\/types\/product"}],"wp:featuredmedia":[{"embeddable":true,"href":"https:\/\/kingarms.ee\/lt\/wp-json\/wp\/v2\/media\/115253"}],"wp:attachment":[{"href":"https:\/\/kingarms.ee\/lt\/wp-json\/wp\/v2\/media?parent=151654"}],"wp:term":[{"taxonomy":"product_brand","embeddable":true,"href":"https:\/\/kingarms.ee\/lt\/wp-json\/wp\/v2\/product_brand?post=151654"},{"taxonomy":"product_cat","embeddable":true,"href":"https:\/\/kingarms.ee\/lt\/wp-json\/wp\/v2\/product_cat?post=151654"},{"taxonomy":"product_tag","embeddable":true,"href":"https:\/\/kingarms.ee\/lt\/wp-json\/wp\/v2\/product_tag?post=151654"}],"curies":[{"name":"wp","href":"https:\/\/api.w.org\/{rel}","templated":true}]}}