{"id":151665,"date":"2022-02-03T13:59:41","date_gmt":"2025-06-29T15:42:22","guid":{"rendered":"https:\/\/kingarms.ee\/product\/jautienos-bulviu-troskinys-100g\/"},"modified":"2025-06-29T18:42:22","modified_gmt":"2025-06-29T15:42:22","slug":"jautienos-bulviu-troskinys-100g","status":"publish","type":"product","link":"https:\/\/kingarms.ee\/lt\/product\/jautienos-bulviu-troskinys-100g\/","title":{"rendered":"Jautienos bulvi\u0173 tro\u0161kinys 100g"},"content":{"rendered":"<p><img loading=\"lazy\" decoding=\"async\" class=\"alignnone size-medium wp-image-36317\" src=\"https:\/\/kingarms.ee\/wp-content\/uploads\/2022\/02\/Beef_potato_pot-300x240.png\" alt=\"\" width=\"300\" height=\"240\" srcset=\"https:\/\/kingarms.ee\/wp-content\/uploads\/2022\/02\/Beef_potato_pot-300x240.png 300w, https:\/\/kingarms.ee\/wp-content\/uploads\/2022\/02\/Beef_potato_pot-150x120.png 150w, https:\/\/kingarms.ee\/wp-content\/uploads\/2022\/02\/Beef_potato_pot-500x400.png 500w, https:\/\/kingarms.ee\/wp-content\/uploads\/2022\/02\/Beef_potato_pot-1024x819.png 1024w, https:\/\/kingarms.ee\/wp-content\/uploads\/2022\/02\/Beef_potato_pot-768x614.png 768w, https:\/\/kingarms.ee\/wp-content\/uploads\/2022\/02\/Beef_potato_pot-1536x1229.png 1536w, https:\/\/kingarms.ee\/wp-content\/uploads\/2022\/02\/Beef_potato_pot.png 1920w\" sizes=\"auto, (max-width: 300px) 100vw, 300px\" \/><\/p>\n","protected":false},"excerpt":{"rendered":"<ul>\n<li>\u012ekv\u0117ptas Gulia\u0161o<\/li>\n<li>Prid\u0117ta kmyn\u0173<\/li>\n<li><span lang=\"ET\">Nat\u016bralus ir pagaminas estijoJe <\/span><\/li>\n<li><span lang=\"ET\">N\u0117ra Konservant\u0173 ir pried\u0173<\/span><\/li>\n<li><span lang=\"ET\">Vienos porcijos energin\u0117 vert\u0117 yra 515 kcal<\/span><\/li>\n<\/ul>\n<p><strong>Sudedam\u0173j\u0173: <\/strong><\/p>\n<div class=\"description\">\n<p>Bulv\u0117s (29%), jautiena (17%), morkos, grietin\u0117l\u0117, <strong>svog\u016bnai<\/strong>, pomidorai, paprikos, smulkinti pomidorai, raps\u0173 aliejus, prieskoniai, \u010desnakai, druska. <strong>D\u0117l gamybos linijos produkte gali b\u016bti nedidelis salier\u0173 ir garsty\u010di\u0173 kiekis.<\/strong><\/p>\n<\/div>\n","protected":false},"featured_media":115193,"template":"","meta":{"_acf_changed":false},"product_brand":[],"product_cat":[1272],"product_tag":[],"class_list":{"0":"post-151665","1":"product","2":"type-product","3":"status-publish","4":"has-post-thumbnail","6":"product_cat-taktine-maisto-pakuote","8":"first","9":"instock","10":"taxable","11":"shipping-taxable","12":"purchasable","13":"product-type-simple"},"acf":[],"_links":{"self":[{"href":"https:\/\/kingarms.ee\/lt\/wp-json\/wp\/v2\/product\/151665","targetHints":{"allow":["GET"]}}],"collection":[{"href":"https:\/\/kingarms.ee\/lt\/wp-json\/wp\/v2\/product"}],"about":[{"href":"https:\/\/kingarms.ee\/lt\/wp-json\/wp\/v2\/types\/product"}],"wp:featuredmedia":[{"embeddable":true,"href":"https:\/\/kingarms.ee\/lt\/wp-json\/wp\/v2\/media\/115193"}],"wp:attachment":[{"href":"https:\/\/kingarms.ee\/lt\/wp-json\/wp\/v2\/media?parent=151665"}],"wp:term":[{"taxonomy":"product_brand","embeddable":true,"href":"https:\/\/kingarms.ee\/lt\/wp-json\/wp\/v2\/product_brand?post=151665"},{"taxonomy":"product_cat","embeddable":true,"href":"https:\/\/kingarms.ee\/lt\/wp-json\/wp\/v2\/product_cat?post=151665"},{"taxonomy":"product_tag","embeddable":true,"href":"https:\/\/kingarms.ee\/lt\/wp-json\/wp\/v2\/product_tag?post=151665"}],"curies":[{"name":"wp","href":"https:\/\/api.w.org\/{rel}","templated":true}]}}