{"id":151666,"date":"2022-02-03T14:05:55","date_gmt":"2025-06-29T15:42:23","guid":{"rendered":"https:\/\/kingarms.ee\/product\/makaronu-patiekalas-su-vistiena-115g\/"},"modified":"2025-06-29T18:42:23","modified_gmt":"2025-06-29T15:42:23","slug":"makaronu-patiekalas-su-vistiena-115g","status":"publish","type":"product","link":"https:\/\/kingarms.ee\/lt\/product\/makaronu-patiekalas-su-vistiena-115g\/","title":{"rendered":"Makaron\u0173 patiekalas su vi\u0161tiena 115g"},"content":{"rendered":"<p><img loading=\"lazy\" decoding=\"async\" class=\"alignnone size-medium wp-image-36330\" src=\"https:\/\/kingarms.ee\/wp-content\/uploads\/2022\/02\/Chicken_and_Noodles-300x239.png\" alt=\"\" width=\"300\" height=\"239\" srcset=\"https:\/\/kingarms.ee\/wp-content\/uploads\/2022\/02\/Chicken_and_Noodles-300x239.png 300w, https:\/\/kingarms.ee\/wp-content\/uploads\/2022\/02\/Chicken_and_Noodles-150x120.png 150w, https:\/\/kingarms.ee\/wp-content\/uploads\/2022\/02\/Chicken_and_Noodles-500x399.png 500w, https:\/\/kingarms.ee\/wp-content\/uploads\/2022\/02\/Chicken_and_Noodles-1024x817.png 1024w, https:\/\/kingarms.ee\/wp-content\/uploads\/2022\/02\/Chicken_and_Noodles-768x613.png 768w, https:\/\/kingarms.ee\/wp-content\/uploads\/2022\/02\/Chicken_and_Noodles-1536x1225.png 1536w, https:\/\/kingarms.ee\/wp-content\/uploads\/2022\/02\/Chicken_and_Noodles.png 1798w\" sizes=\"auto, (max-width: 300px) 100vw, 300px\" \/><\/p>\n","protected":false},"excerpt":{"rendered":"<ul>\n<li>Makaronai su kepta vi\u0161tiena<\/li>\n<li>Kokos\u0173 pienas ir \u012fvair\u016bs prieskoniai suteikia malon\u0173 skon\u012f<\/li>\n<li><span lang=\"ET\">Nat\u016bralus ir pagaminas estijoJe <\/span><\/li>\n<li><span lang=\"ET\">N\u0117ra Konservant\u0173 ir pried\u0173<\/span><\/li>\n<li><span lang=\"ET\">Vienos porcijos energin\u0117 vert\u0117 yra 550 kcal<\/span><\/li>\n<\/ul>\n<p><strong>Sudedam\u0173j\u0173: <\/strong><\/p>\n<div class=\"description\">\n<p>Makaronai (45%) <strong>(kvietiniai<\/strong> miltai, vanduo, ciber\u017eol\u0117), vi\u0161tienos fil\u0117 (15%), <strong>morkos,<\/strong> grietin\u0117l\u0117, kokos\u0173 pienas, mung pupeli\u0173 daigai, paprikos, cukriniai \u017eirniai, porai, \u017eirniai, grybai, petra\u017eol\u0117s, druska, prieskoniai. <strong>D\u0117l gamybos linijos produkte gali b\u016bti nedidelis salier\u0173 ir garsty\u010di\u0173 kiekis.<\/strong><\/p>\n<\/div>\n","protected":false},"featured_media":115199,"template":"","meta":{"_acf_changed":false},"product_brand":[],"product_cat":[1272],"product_tag":[],"class_list":{"0":"post-151666","1":"product","2":"type-product","3":"status-publish","4":"has-post-thumbnail","6":"product_cat-taktine-maisto-pakuote","8":"first","9":"onbackorder","10":"taxable","11":"shipping-taxable","12":"product-type-simple"},"acf":[],"_links":{"self":[{"href":"https:\/\/kingarms.ee\/lt\/wp-json\/wp\/v2\/product\/151666","targetHints":{"allow":["GET"]}}],"collection":[{"href":"https:\/\/kingarms.ee\/lt\/wp-json\/wp\/v2\/product"}],"about":[{"href":"https:\/\/kingarms.ee\/lt\/wp-json\/wp\/v2\/types\/product"}],"wp:featuredmedia":[{"embeddable":true,"href":"https:\/\/kingarms.ee\/lt\/wp-json\/wp\/v2\/media\/115199"}],"wp:attachment":[{"href":"https:\/\/kingarms.ee\/lt\/wp-json\/wp\/v2\/media?parent=151666"}],"wp:term":[{"taxonomy":"product_brand","embeddable":true,"href":"https:\/\/kingarms.ee\/lt\/wp-json\/wp\/v2\/product_brand?post=151666"},{"taxonomy":"product_cat","embeddable":true,"href":"https:\/\/kingarms.ee\/lt\/wp-json\/wp\/v2\/product_cat?post=151666"},{"taxonomy":"product_tag","embeddable":true,"href":"https:\/\/kingarms.ee\/lt\/wp-json\/wp\/v2\/product_tag?post=151666"}],"curies":[{"name":"wp","href":"https:\/\/api.w.org\/{rel}","templated":true}]}}