{"id":151668,"date":"2021-12-03T15:14:11","date_gmt":"2025-06-29T15:43:36","guid":{"rendered":"https:\/\/kingarms.ee\/product\/racijos-deklas-amomaks\/"},"modified":"2025-06-29T18:43:36","modified_gmt":"2025-06-29T15:43:36","slug":"racijos-deklas-amomaks","status":"publish","type":"product","link":"https:\/\/kingarms.ee\/lt\/product\/racijos-deklas-amomaks\/","title":{"rendered":"Racijos d\u0117klas (Amomaks)"},"content":{"rendered":"<p><img loading=\"lazy\" decoding=\"async\" class=\"alignnone size-medium wp-image-33362\" src=\"https:\/\/kingarms.ee\/wp-content\/uploads\/2021\/12\/1152230117_1-300x200.jpeg\" alt=\"\" width=\"300\" height=\"200\" srcset=\"https:\/\/kingarms.ee\/wp-content\/uploads\/2021\/12\/1152230117_1-300x200.jpeg 300w, https:\/\/kingarms.ee\/wp-content\/uploads\/2021\/12\/1152230117_1-150x100.jpeg 150w, https:\/\/kingarms.ee\/wp-content\/uploads\/2021\/12\/1152230117_1-500x333.jpeg 500w, https:\/\/kingarms.ee\/wp-content\/uploads\/2021\/12\/1152230117_1-1024x682.jpeg 1024w, https:\/\/kingarms.ee\/wp-content\/uploads\/2021\/12\/1152230117_1-768x512.jpeg 768w, https:\/\/kingarms.ee\/wp-content\/uploads\/2021\/12\/1152230117_1-1536x1024.jpeg 1536w, https:\/\/kingarms.ee\/wp-content\/uploads\/2021\/12\/1152230117_1.jpeg 2000w\" sizes=\"auto, (max-width: 300px) 100vw, 300px\" \/><\/p>\n","protected":false},"excerpt":{"rendered":"<p>Racijos d\u0117klas (Amomaks)<\/p>\n<p>D\u0117klas, pagamintas i\u0161 patvaraus polimero, suteikia tvirt\u0105 apsaug\u0105, u\u017etikrinan\u010di\u0105, kad mygtukai nebeb\u016bt\u0173 nety\u010dia \u012fjungti<\/p>\n<p>D\u0117klo \u012ftempim\u0105 galima lengvai reguliuoti dviem priekiniais var\u017etais be kit\u0173 \u012franki\u0173. Tai u\u017etikrina, kad racija laikysis gra\u017eiai ir tvirtai, ta\u010diau j\u0105 lengva i\u0161traukti viena ranka. <\/p>\n<p>Keli guoli\u0173 b\u016bdai \/ 360 laipsni\u0173 sukimasis<\/p>\n<p>Amomaks radijo kabinoje telpa \u012fvair\u016bs ne\u0161iojimo priedai, \u012fskaitant irkl\u0105 (standartin\u012f), dir\u017eo segtuk\u0105, MOLLE ir nuleid\u017eiam\u0105 p\u0117d\u0173 platform\u0105.<\/p>\n<p>Prijungus prie pavaros, laikiklis palaiko 360 laipsni\u0173 sukim\u0105si.<\/p>\n","protected":false},"featured_media":114352,"template":"","meta":{"_acf_changed":false},"product_brand":[],"product_cat":[1267],"product_tag":[],"class_list":{"0":"post-151668","1":"product","2":"type-product","3":"status-publish","4":"has-post-thumbnail","6":"product_cat-priziuretojai","8":"first","9":"instock","10":"taxable","11":"shipping-taxable","12":"purchasable","13":"product-type-simple"},"acf":[],"_links":{"self":[{"href":"https:\/\/kingarms.ee\/lt\/wp-json\/wp\/v2\/product\/151668","targetHints":{"allow":["GET"]}}],"collection":[{"href":"https:\/\/kingarms.ee\/lt\/wp-json\/wp\/v2\/product"}],"about":[{"href":"https:\/\/kingarms.ee\/lt\/wp-json\/wp\/v2\/types\/product"}],"wp:featuredmedia":[{"embeddable":true,"href":"https:\/\/kingarms.ee\/lt\/wp-json\/wp\/v2\/media\/114352"}],"wp:attachment":[{"href":"https:\/\/kingarms.ee\/lt\/wp-json\/wp\/v2\/media?parent=151668"}],"wp:term":[{"taxonomy":"product_brand","embeddable":true,"href":"https:\/\/kingarms.ee\/lt\/wp-json\/wp\/v2\/product_brand?post=151668"},{"taxonomy":"product_cat","embeddable":true,"href":"https:\/\/kingarms.ee\/lt\/wp-json\/wp\/v2\/product_cat?post=151668"},{"taxonomy":"product_tag","embeddable":true,"href":"https:\/\/kingarms.ee\/lt\/wp-json\/wp\/v2\/product_tag?post=151668"}],"curies":[{"name":"wp","href":"https:\/\/api.w.org\/{rel}","templated":true}]}}