{"id":151669,"date":"2022-04-02T16:13:33","date_gmt":"2025-06-29T15:44:09","guid":{"rendered":"https:\/\/kingarms.ee\/product\/irasu-turetojas-smelio-royal\/"},"modified":"2025-06-29T18:44:09","modified_gmt":"2025-06-29T15:44:09","slug":"irasu-turetojas-smelio-royal","status":"publish","type":"product","link":"https:\/\/kingarms.ee\/lt\/product\/irasu-turetojas-smelio-royal\/","title":{"rendered":"\u012era\u0161\u0173 tur\u0117tojas-sm\u0117lio (ROYAL)"},"content":{"rendered":"<p><img loading=\"lazy\" decoding=\"async\" class=\"alignnone size-medium wp-image-40635\" src=\"https:\/\/kingarms.ee\/wp-content\/uploads\/2022\/04\/royal-tactical-vest-tan-v1026t-300x300.jpeg\" alt=\"\" width=\"300\" height=\"300\" srcset=\"https:\/\/kingarms.ee\/wp-content\/uploads\/2022\/04\/royal-tactical-vest-tan-v1026t-300x300.jpeg 300w, https:\/\/kingarms.ee\/wp-content\/uploads\/2022\/04\/royal-tactical-vest-tan-v1026t-150x150.jpeg 150w, https:\/\/kingarms.ee\/wp-content\/uploads\/2022\/04\/royal-tactical-vest-tan-v1026t-768x768.jpeg 768w, https:\/\/kingarms.ee\/wp-content\/uploads\/2022\/04\/royal-tactical-vest-tan-v1026t-500x500.jpeg 500w, https:\/\/kingarms.ee\/wp-content\/uploads\/2022\/04\/royal-tactical-vest-tan-v1026t.jpeg 1000w\" sizes=\"auto, (max-width: 300px) 100vw, 300px\" \/><\/p>\n","protected":false},"excerpt":{"rendered":"<p>\u012era\u0161\u0173 tur\u0117tojas-sm\u0117lio (ROYAL)<\/p>\n<p>Taktin\u0117 liemen\u0117<\/p>\n<p>Med\u017eiaga CORDURA<\/p>\n<p>Vidinis pamink\u0161tinimas<\/p>\n<p>Molle sistema ant visos liemen\u0117s<\/p>\n<p>1 krep\u0161ys su u\u017etrauktuku ir vidine apgam\u0173 sistema (matmenys 200 mm ir 160 mm)<\/p>\n<p>1 trigubo d\u0117klo ki\u0161en\u0117 su Velcro u\u017esegimu, bendri matmenys 245 mm ir 250 mm<\/p>\n<p>1 Dvigubas d\u0117tuv\u0117s elastinis mai\u0161elis su Velcro u\u017esegimu, bendri matmenys 165 mm ir 250 mm<\/p>\n<p>2 pistoleto krep\u0161ys su Velcro u\u017esegimu (matmenys 50 mm ir 14 mm)<\/p>\n<p>1 velcro U\u017esegimo administravimo krep\u0161ys, pistoleto d\u0117klas ki\u0161enei ir kilpiniam pleistrui (matmenys 175 mm ir 150 mm)<\/p>\n<p>1 ki\u0161en\u0117 RADIJUI su spaustuku (matmenys 80mm ir 190mm)<\/p>\n<p>Reguliuojami pe\u010di\u0173 dir\u017eeliai<\/p>\n<p>Reguliuojamas plotis<\/p>\n<p>Vienas dydis<\/p>\n<p>Spalva Sm\u0117lio<\/p>\n","protected":false},"featured_media":115906,"template":"","meta":{"_acf_changed":false},"product_brand":[],"product_cat":[1235],"product_tag":[],"class_list":{"0":"post-151669","1":"product","2":"type-product","3":"status-publish","4":"has-post-thumbnail","6":"product_cat-liemeneles-ir-dirzai","8":"first","9":"instock","10":"taxable","11":"shipping-taxable","12":"purchasable","13":"product-type-simple"},"acf":[],"_links":{"self":[{"href":"https:\/\/kingarms.ee\/lt\/wp-json\/wp\/v2\/product\/151669","targetHints":{"allow":["GET"]}}],"collection":[{"href":"https:\/\/kingarms.ee\/lt\/wp-json\/wp\/v2\/product"}],"about":[{"href":"https:\/\/kingarms.ee\/lt\/wp-json\/wp\/v2\/types\/product"}],"wp:featuredmedia":[{"embeddable":true,"href":"https:\/\/kingarms.ee\/lt\/wp-json\/wp\/v2\/media\/115906"}],"wp:attachment":[{"href":"https:\/\/kingarms.ee\/lt\/wp-json\/wp\/v2\/media?parent=151669"}],"wp:term":[{"taxonomy":"product_brand","embeddable":true,"href":"https:\/\/kingarms.ee\/lt\/wp-json\/wp\/v2\/product_brand?post=151669"},{"taxonomy":"product_cat","embeddable":true,"href":"https:\/\/kingarms.ee\/lt\/wp-json\/wp\/v2\/product_cat?post=151669"},{"taxonomy":"product_tag","embeddable":true,"href":"https:\/\/kingarms.ee\/lt\/wp-json\/wp\/v2\/product_tag?post=151669"}],"curies":[{"name":"wp","href":"https:\/\/api.w.org\/{rel}","templated":true}]}}