{"id":151671,"date":"2021-12-02T22:12:46","date_gmt":"2025-06-29T15:46:35","guid":{"rendered":"https:\/\/kingarms.ee\/product\/m4-kulkosvaidis-auksinis-erelis\/"},"modified":"2025-06-29T18:46:35","modified_gmt":"2025-06-29T15:46:35","slug":"m4-kulkosvaidis-auksinis-erelis","status":"publish","type":"product","link":"https:\/\/kingarms.ee\/lt\/product\/m4-kulkosvaidis-auksinis-erelis\/","title":{"rendered":"M4 \/ Kulkosvaidis (Auksinis erelis)"},"content":{"rendered":"<p><img loading=\"lazy\" decoding=\"async\" class=\"alignnone size-medium wp-image-33241\" src=\"https:\/\/kingarms.ee\/wp-content\/uploads\/2021\/12\/1152223818_11-300x200.jpeg\" alt=\"\" width=\"300\" height=\"200\" srcset=\"https:\/\/kingarms.ee\/wp-content\/uploads\/2021\/12\/1152223818_11-300x200.jpeg 300w, https:\/\/kingarms.ee\/wp-content\/uploads\/2021\/12\/1152223818_11-150x100.jpeg 150w, https:\/\/kingarms.ee\/wp-content\/uploads\/2021\/12\/1152223818_11-500x333.jpeg 500w, https:\/\/kingarms.ee\/wp-content\/uploads\/2021\/12\/1152223818_11-1024x682.jpeg 1024w, https:\/\/kingarms.ee\/wp-content\/uploads\/2021\/12\/1152223818_11-768x512.jpeg 768w, https:\/\/kingarms.ee\/wp-content\/uploads\/2021\/12\/1152223818_11-1536x1024.jpeg 1536w, https:\/\/kingarms.ee\/wp-content\/uploads\/2021\/12\/1152223818_11.jpeg 2000w\" sizes=\"auto, (max-width: 300px) 100vw, 300px\" \/><\/p>\n","protected":false},"excerpt":{"rendered":"<p>M4 \/ Kulkosvaidis (Auksinis erelis)<\/p>\n<p>6670 kulkosvaid\u017eio kopija i\u0161 gamintojo Golden Eagle<\/p>\n<p>\u0160i kulkosvaid\u017eio kopija beveik visi\u0161kai pagaminta i\u0161 auk\u0161tos kokyb\u0117s metalo ir, kiek ma\u017eiau, polimero.<\/p>\n<p>Vir\u0161utin\u0117 ir apatin\u0117 kopijos korpusas, Silinas su greitai nuimama sistema ir RIS \/ Keymod b\u0117gis buvo pagaminti i\u0161 metalo. Kopijoje yra daugyb\u0117 KD strop\u0173 tvirtinimo ta\u0161k\u0173. <\/p>\n<p>Pistoleto rankenos ir reguliuojamo stiebo gamybai gamintojas naudojo patvar\u0173 polimer\u0105. Kabas turi akumuliatoriaus viet\u0105 ir d\u0117kl\u0105, kurio talpa yra iki 2500 BBs. <\/p>\n<p>Kopijoje yra fiksuoti reguliuojami taikikliai ir RIS \/ Keymod b\u0117giai, leid\u017eiantys montuoti \u012fvairi\u0173 tip\u0173 taktinius priedus.<\/p>\n<p>\u0160ios kopijos \u0161irdis yra standartin\u0117 modifikacijai paruo\u0161ta v2 pavar\u0173 d\u0117\u017e\u0117.<\/p>\n<p>\u012e komplekt\u0105 \u012feina:<\/p>\n<p>&#8211; ginklas<\/p>\n<p>&#8211; 2500bbs t\u016brinis d\u0117klas<\/p>\n<p>&#8211; imitacin\u0117s kulkos<\/p>\n<p>Garantija 3A<\/p>\n","protected":false},"featured_media":114304,"template":"","meta":{"_acf_changed":false},"product_brand":[],"product_cat":[1139],"product_tag":[1318],"class_list":{"0":"post-151671","1":"product","2":"type-product","3":"status-publish","4":"has-post-thumbnail","6":"product_cat-elektro-pneumatiniai-ginklai","7":"product_tag-4blss3ph-lt","9":"first","10":"onbackorder","11":"taxable","12":"shipping-taxable","13":"product-type-simple"},"acf":[],"_links":{"self":[{"href":"https:\/\/kingarms.ee\/lt\/wp-json\/wp\/v2\/product\/151671","targetHints":{"allow":["GET"]}}],"collection":[{"href":"https:\/\/kingarms.ee\/lt\/wp-json\/wp\/v2\/product"}],"about":[{"href":"https:\/\/kingarms.ee\/lt\/wp-json\/wp\/v2\/types\/product"}],"wp:featuredmedia":[{"embeddable":true,"href":"https:\/\/kingarms.ee\/lt\/wp-json\/wp\/v2\/media\/114304"}],"wp:attachment":[{"href":"https:\/\/kingarms.ee\/lt\/wp-json\/wp\/v2\/media?parent=151671"}],"wp:term":[{"taxonomy":"product_brand","embeddable":true,"href":"https:\/\/kingarms.ee\/lt\/wp-json\/wp\/v2\/product_brand?post=151671"},{"taxonomy":"product_cat","embeddable":true,"href":"https:\/\/kingarms.ee\/lt\/wp-json\/wp\/v2\/product_cat?post=151671"},{"taxonomy":"product_tag","embeddable":true,"href":"https:\/\/kingarms.ee\/lt\/wp-json\/wp\/v2\/product_tag?post=151671"}],"curies":[{"name":"wp","href":"https:\/\/api.w.org\/{rel}","templated":true}]}}