{"id":151672,"date":"2021-10-15T16:08:11","date_gmt":"2025-06-29T15:49:11","guid":{"rendered":"https:\/\/kingarms.ee\/product\/revolveris-colt-saa-45-umareksas-2\/"},"modified":"2025-06-29T18:49:11","modified_gmt":"2025-06-29T15:49:11","slug":"revolveris-colt-saa-45-umareksas-2","status":"publish","type":"product","link":"https:\/\/kingarms.ee\/lt\/product\/revolveris-colt-saa-45-umareksas-2\/","title":{"rendered":"REVOLVERIS COLT SAA .45 (Umareksas)"},"content":{"rendered":"<p><img loading=\"lazy\" decoding=\"async\" class=\"alignnone size-full wp-image-148300\" src=\"https:\/\/kingarms.ee\/wp-content\/uploads\/2021\/10\/e840b865d8ae8e2d5493718bf0b8ea36.jpeg\" alt=\"\" width=\"1000\" height=\"750\" srcset=\"https:\/\/kingarms.ee\/wp-content\/uploads\/2021\/10\/e840b865d8ae8e2d5493718bf0b8ea36.jpeg 1000w, https:\/\/kingarms.ee\/wp-content\/uploads\/2021\/10\/e840b865d8ae8e2d5493718bf0b8ea36-300x225.jpeg 300w, https:\/\/kingarms.ee\/wp-content\/uploads\/2021\/10\/e840b865d8ae8e2d5493718bf0b8ea36-768x576.jpeg 768w, https:\/\/kingarms.ee\/wp-content\/uploads\/2021\/10\/e840b865d8ae8e2d5493718bf0b8ea36-500x375.jpeg 500w, https:\/\/kingarms.ee\/wp-content\/uploads\/2021\/10\/e840b865d8ae8e2d5493718bf0b8ea36-150x113.jpeg 150w\" sizes=\"auto, (max-width: 1000px) 100vw, 1000px\" \/><\/p>\n","protected":false},"excerpt":{"rendered":"<p>REVOLVERIS COLT SAA .45 (Umareksas)<\/p>\n<p>Ohurevolver gauti .45 yra kpulse Colt Peacemaker kopija, revolveris per trump\u0105 laik\u0105 i\u0161populiar\u0117jo gerb\u0117j\u0173 tarpe ir ne tik tarp vakarieti\u0161k\u0173. Colt vieno veiksmo Armijos revolveris, Naganas jis oficialiai vadinamas, yra apr\u016bpintas 5,5 colio pistoleto vamzd\u017eiu, \u0161e\u0161iomis pakrovimo rankov\u0117mis realisti\u0161kam \u0161audymui, nikeliuota apdaila ir rankenomis, primenan\u010diomis dramblio kaul\u0105. Tai CO2 cilindru varomas revolveris, \u0161audantis diaboliais (granul\u0117mis).  <\/p>\n<ul>\n<li>Kalibras: 4.5 mm (.177) Diabolo (4,5 mm oro \u0161autuvo kulkos).<\/li>\n<li>Ginkluot\u0117s ilgis: 5,5&#8243;.<\/li>\n<li>Trigeris: j\u016bs.<\/li>\n<li>Kalibras: 4,5 mm (.177) Oro pistoletai (diabolo)<\/li>\n<li>B\u016bgno t\u016bris: 6 kaset\u0117s.<\/li>\n<li>Pradinis greitis: 120 m \/ s.<\/li>\n<li>Ilgis: 275 mm.<\/li>\n<li>Svoris: 867 g.<\/li>\n<\/ul>\n","protected":false},"featured_media":148304,"template":"","meta":{"_acf_changed":false},"product_brand":[],"product_cat":[1142,1143],"product_tag":[],"class_list":{"0":"post-151672","1":"product","2":"type-product","3":"status-publish","4":"has-post-thumbnail","6":"product_cat-oro-ginklai","7":"product_cat-rankinis-ginklas","9":"first","10":"instock","11":"taxable","12":"shipping-taxable","13":"purchasable","14":"product-type-simple"},"acf":[],"_links":{"self":[{"href":"https:\/\/kingarms.ee\/lt\/wp-json\/wp\/v2\/product\/151672","targetHints":{"allow":["GET"]}}],"collection":[{"href":"https:\/\/kingarms.ee\/lt\/wp-json\/wp\/v2\/product"}],"about":[{"href":"https:\/\/kingarms.ee\/lt\/wp-json\/wp\/v2\/types\/product"}],"wp:featuredmedia":[{"embeddable":true,"href":"https:\/\/kingarms.ee\/lt\/wp-json\/wp\/v2\/media\/148304"}],"wp:attachment":[{"href":"https:\/\/kingarms.ee\/lt\/wp-json\/wp\/v2\/media?parent=151672"}],"wp:term":[{"taxonomy":"product_brand","embeddable":true,"href":"https:\/\/kingarms.ee\/lt\/wp-json\/wp\/v2\/product_brand?post=151672"},{"taxonomy":"product_cat","embeddable":true,"href":"https:\/\/kingarms.ee\/lt\/wp-json\/wp\/v2\/product_cat?post=151672"},{"taxonomy":"product_tag","embeddable":true,"href":"https:\/\/kingarms.ee\/lt\/wp-json\/wp\/v2\/product_tag?post=151672"}],"curies":[{"name":"wp","href":"https:\/\/api.w.org\/{rel}","templated":true}]}}