{"id":151673,"date":"2021-10-18T16:34:32","date_gmt":"2025-06-29T15:49:12","guid":{"rendered":"https:\/\/kingarms.ee\/product\/baofeng-uv-5ra-radijo-siustuvas\/"},"modified":"2025-06-29T18:49:12","modified_gmt":"2025-06-29T15:49:12","slug":"baofeng-uv-5ra-radijo-siustuvas","status":"publish","type":"product","link":"https:\/\/kingarms.ee\/lt\/product\/baofeng-uv-5ra-radijo-siustuvas\/","title":{"rendered":"Baofeng UV-5RA radijo si\u0173stuvas"},"content":{"rendered":"<p><img loading=\"lazy\" decoding=\"async\" class=\"alignnone size-medium wp-image-33104\" src=\"https:\/\/kingarms.ee\/wp-content\/uploads\/2021\/10\/1152209760_1-300x200.jpeg\" alt=\"\" width=\"300\" height=\"200\" srcset=\"https:\/\/kingarms.ee\/wp-content\/uploads\/2021\/10\/1152209760_1-300x200.jpeg 300w, https:\/\/kingarms.ee\/wp-content\/uploads\/2021\/10\/1152209760_1-150x100.jpeg 150w, https:\/\/kingarms.ee\/wp-content\/uploads\/2021\/10\/1152209760_1-500x333.jpeg 500w, https:\/\/kingarms.ee\/wp-content\/uploads\/2021\/10\/1152209760_1-768x512.jpeg 768w, https:\/\/kingarms.ee\/wp-content\/uploads\/2021\/10\/1152209760_1.jpeg 800w\" sizes=\"auto, (max-width: 300px) 100vw, 300px\" \/><\/p>\n","protected":false},"excerpt":{"rendered":"<p>Baofeng UV-5RA radijo si\u0173stuvas<\/p>\n<p>Svarbiausios savyb\u0117s:<\/p>\n<p>* I\u0161pl\u0117stas suderinam\u0173 da\u017eni\u0173 diapazonas: 136-174 MHz (RKS \/ teks), 400-520 MHz (RKS \/ teks) ir 76-108 MHz (RKS)<\/p>\n<p>* Si\u0173stuvo galios reguliavimas tarp 5 V \/ 1 V<\/p>\n<p>* DTMF kodavimas<\/p>\n<p>* 104 DCS kodas ir 50 CTCSS kodas<\/p>\n<p>* Iki 99 kanal\u0173 atminties<\/p>\n<p>* Dviej\u0173 juost\u0173 Radijas<\/p>\n<p>* PTT identifikatorius<\/p>\n<p>* TO, CO ir Se nuskaitymo pakartotinio bandymo metodai<\/p>\n<p>* SOS funkcija<\/p>\n<p>* Baterijos taupymo nustatymas<\/p>\n<p>* Ap\u0161viestas LCD ekranas<\/p>\n<p>* Aktyvuota skambu\u010di\u0173 funkcija<\/p>\n<p>* Tony CTCSS (50 grupi\u0173), DCS (105 grup\u0117s) ir 1750 Hz<\/p>\n<p>* Aktyvuota skambu\u010di\u0173 funkcija<\/p>\n<p>* &#8220;Tot&#8221; programuojamas perdavimo laikmatis<\/p>\n<p>* Kanal\u0173 tarp\u0173 reguliavimas diapazone: 2.5 \/ 5 \/ 6.25 \/ 10 \/ 12.5 \/ 25 kH<\/p>\n<p>\u012e komplekt\u0105 \u012feina:<\/p>\n<p>\u2013 radijas<\/p>\n<p>\u2013 antena<\/p>\n<p>\u2013 dir\u017eelis<\/p>\n<p>\u2013 \u012fkroviklis<\/p>\n<p>\u2013 baterija<\/p>\n<p>\u2013 juosmens<\/p>\n<p>\u2013 Vadovas<\/p>\n","protected":false},"featured_media":114294,"template":"","meta":{"_acf_changed":false},"product_brand":[],"product_cat":[1269],"product_tag":[],"class_list":{"0":"post-151673","1":"product","2":"type-product","3":"status-publish","4":"has-post-thumbnail","6":"product_cat-imtuvai","8":"first","9":"onbackorder","10":"taxable","11":"shipping-taxable","12":"product-type-simple"},"acf":[],"_links":{"self":[{"href":"https:\/\/kingarms.ee\/lt\/wp-json\/wp\/v2\/product\/151673","targetHints":{"allow":["GET"]}}],"collection":[{"href":"https:\/\/kingarms.ee\/lt\/wp-json\/wp\/v2\/product"}],"about":[{"href":"https:\/\/kingarms.ee\/lt\/wp-json\/wp\/v2\/types\/product"}],"wp:featuredmedia":[{"embeddable":true,"href":"https:\/\/kingarms.ee\/lt\/wp-json\/wp\/v2\/media\/114294"}],"wp:attachment":[{"href":"https:\/\/kingarms.ee\/lt\/wp-json\/wp\/v2\/media?parent=151673"}],"wp:term":[{"taxonomy":"product_brand","embeddable":true,"href":"https:\/\/kingarms.ee\/lt\/wp-json\/wp\/v2\/product_brand?post=151673"},{"taxonomy":"product_cat","embeddable":true,"href":"https:\/\/kingarms.ee\/lt\/wp-json\/wp\/v2\/product_cat?post=151673"},{"taxonomy":"product_tag","embeddable":true,"href":"https:\/\/kingarms.ee\/lt\/wp-json\/wp\/v2\/product_tag?post=151673"}],"curies":[{"name":"wp","href":"https:\/\/api.w.org\/{rel}","templated":true}]}}