{"id":151676,"date":"2021-04-23T15:58:11","date_gmt":"2025-06-29T15:53:42","guid":{"rendered":"https:\/\/kingarms.ee\/product\/r1-full-auto-crosman\/"},"modified":"2025-06-29T18:53:42","modified_gmt":"2025-06-29T15:53:42","slug":"r1-full-auto-crosman","status":"publish","type":"product","link":"https:\/\/kingarms.ee\/lt\/product\/r1-full-auto-crosman\/","title":{"rendered":"\u201eR1 Full Auto\u201c (\u201eCrosman\u201c)"},"content":{"rendered":"<p><img loading=\"lazy\" decoding=\"async\" class=\"alignnone size-medium wp-image-32105\" src=\"https:\/\/kingarms.ee\/wp-content\/uploads\/2021\/04\/crosman-r1-1-300x225.jpg\" alt=\"\" width=\"300\" height=\"225\" srcset=\"https:\/\/kingarms.ee\/wp-content\/uploads\/2021\/04\/crosman-r1-1-300x225.jpg 300w, https:\/\/kingarms.ee\/wp-content\/uploads\/2021\/04\/crosman-r1-1-150x113.jpg 150w, https:\/\/kingarms.ee\/wp-content\/uploads\/2021\/04\/crosman-r1-1-500x375.jpg 500w, https:\/\/kingarms.ee\/wp-content\/uploads\/2021\/04\/crosman-r1-1-1024x768.jpg 1024w, https:\/\/kingarms.ee\/wp-content\/uploads\/2021\/04\/crosman-r1-1-768x576.jpg 768w, https:\/\/kingarms.ee\/wp-content\/uploads\/2021\/04\/crosman-r1-1-1536x1152.jpg 1536w, https:\/\/kingarms.ee\/wp-content\/uploads\/2021\/04\/crosman-r1-1-600x450.jpg 600w, https:\/\/kingarms.ee\/wp-content\/uploads\/2021\/04\/crosman-r1-1.jpg 1600w\" sizes=\"auto, (max-width: 300px) 100vw, 300px\" \/><\/p>\n","protected":false},"excerpt":{"rendered":"<p>\u201eR1 Full Auto\u201c (\u201eCrosman\u201c)<\/p>\n<p><strong>NAUJAS MODELIS<\/strong><\/p>\n<p>Gamintojas Crosman<\/p>\n<p>Kalibras. 177<\/p>\n<p>Greitis 153m \/ s<\/p>\n<p>BB tipo \u0161audmenys<\/p>\n<p>Veikimas pusiau automatinis \/ visi\u0161kai automatinis<\/p>\n<p>Gaisro re\u017eimai su pavieniais \u0161\u016bviais ir blyksniais<\/p>\n<p>Ginklo svoris 6kg<\/p>\n<p>D\u0117klo T\u016bris 25<\/p>\n<p>Mechanizmas CO2<\/p>\n<p>Gele\u017einkeli\u0173 Aud\u0117jas \/ Picatinny<\/p>\n<p>Saugos knyga yra \u012ftraukta<\/p>\n<p>Joki\u0173 priekini\u0173 taikikli\u0173<\/p>\n<p>N\u0117ra galini\u0173 taikikli\u0173<\/p>\n<p>Kasutage Plinking \/ \u012edomus<\/p>\n<p>Garantija 1 metai neribota<\/p>\n","protected":false},"featured_media":114092,"template":"","meta":{"_acf_changed":false},"product_brand":[],"product_cat":[1142,1144],"product_tag":[],"class_list":{"0":"post-151676","1":"product","2":"type-product","3":"status-publish","4":"has-post-thumbnail","6":"product_cat-oro-ginklai","7":"product_cat-puolimo-sautuvas","9":"first","10":"instock","11":"taxable","12":"shipping-taxable","13":"purchasable","14":"product-type-simple"},"acf":[],"_links":{"self":[{"href":"https:\/\/kingarms.ee\/lt\/wp-json\/wp\/v2\/product\/151676","targetHints":{"allow":["GET"]}}],"collection":[{"href":"https:\/\/kingarms.ee\/lt\/wp-json\/wp\/v2\/product"}],"about":[{"href":"https:\/\/kingarms.ee\/lt\/wp-json\/wp\/v2\/types\/product"}],"wp:featuredmedia":[{"embeddable":true,"href":"https:\/\/kingarms.ee\/lt\/wp-json\/wp\/v2\/media\/114092"}],"wp:attachment":[{"href":"https:\/\/kingarms.ee\/lt\/wp-json\/wp\/v2\/media?parent=151676"}],"wp:term":[{"taxonomy":"product_brand","embeddable":true,"href":"https:\/\/kingarms.ee\/lt\/wp-json\/wp\/v2\/product_brand?post=151676"},{"taxonomy":"product_cat","embeddable":true,"href":"https:\/\/kingarms.ee\/lt\/wp-json\/wp\/v2\/product_cat?post=151676"},{"taxonomy":"product_tag","embeddable":true,"href":"https:\/\/kingarms.ee\/lt\/wp-json\/wp\/v2\/product_tag?post=151676"}],"curies":[{"name":"wp","href":"https:\/\/api.w.org\/{rel}","templated":true}]}}