{"id":151686,"date":"2020-08-18T13:34:57","date_gmt":"2025-06-30T11:56:01","guid":{"rendered":"https:\/\/kingarms.ee\/product\/0-25g-tracer-bb-bio-nimrod\/"},"modified":"2025-06-30T14:56:01","modified_gmt":"2025-06-30T11:56:01","slug":"0-25g-tracer-bb-bio-nimrod","status":"publish","type":"product","link":"https:\/\/kingarms.ee\/lt\/product\/0-25g-tracer-bb-bio-nimrod\/","title":{"rendered":"0.25g Tracer BB (BIO NIMROD)"},"content":{"rendered":"<p><a href=\"https:\/\/kingarms.ee\/wp-content\/uploads\/2020\/08\/pot-de-2000-billes-025g-bio-tracantes-verte-nimrod-p-image-163526-grande-300x200.png\"><img loading=\"lazy\" decoding=\"async\" class=\"alignnone size-medium wp-image-30910\" src=\"https:\/\/kingarms.ee\/wp-content\/uploads\/2020\/08\/pot-de-2000-billes-025g-bio-tracantes-verte-nimrod-p-image-163526-grande-300x200.png\" alt=\"\" width=\"300\" height=\"200\" srcset=\"https:\/\/kingarms.ee\/wp-content\/uploads\/2020\/08\/pot-de-2000-billes-025g-bio-tracantes-verte-nimrod-p-image-163526-grande-300x200.png 300w, https:\/\/kingarms.ee\/wp-content\/uploads\/2020\/08\/pot-de-2000-billes-025g-bio-tracantes-verte-nimrod-p-image-163526-grande-150x100.png 150w, https:\/\/kingarms.ee\/wp-content\/uploads\/2020\/08\/pot-de-2000-billes-025g-bio-tracantes-verte-nimrod-p-image-163526-grande-500x333.png 500w, https:\/\/kingarms.ee\/wp-content\/uploads\/2020\/08\/pot-de-2000-billes-025g-bio-tracantes-verte-nimrod-p-image-163526-grande-768x512.png 768w, https:\/\/kingarms.ee\/wp-content\/uploads\/2020\/08\/pot-de-2000-billes-025g-bio-tracantes-verte-nimrod-p-image-163526-grande.png 800w\" sizes=\"auto, (max-width: 300px) 100vw, 300px\" \/><\/a><\/p>\n","protected":false},"excerpt":{"rendered":"<p>0.25g Tracer BB (BIO NIMROD)<\/p>\n<p>Auk\u0161tos kokyb\u0117s 0,25 g BB TRACER kamuoliukai i\u0161 \u017einomo gamintojo NIMROD. Geriausias pasirinkimas j\u016bs\u0173 airsoft ginkl\u0105! Visus rutulius tikrina gamintojas (skersmuo 5,95 mm +\/- 0,005 mm). Tracer kamuoliai \u0161vyti ore ir padaryti savo airsoft \u017eaidimas dar malonesnis tamsoje \/ prieblandoje. Nor\u0117dami gauti geriausius rezultatus, taip pat naudokite atsekam\u0105j\u012f duslintuv\u0105 arba d\u0117kl\u0105. Rutuli\u0173 spalva yra \u017ealia. Stiklainyje yra 2000 BB kulk\u0173.      <\/p>\n","protected":false},"featured_media":113881,"template":"","meta":{"_acf_changed":false},"product_brand":[],"product_cat":[1188],"product_tag":[],"class_list":{"0":"post-151686","1":"product","2":"type-product","3":"status-publish","4":"has-post-thumbnail","6":"product_cat-airsoft-6-mm","8":"first","9":"onbackorder","10":"taxable","11":"shipping-taxable","12":"product-type-simple"},"acf":[],"_links":{"self":[{"href":"https:\/\/kingarms.ee\/lt\/wp-json\/wp\/v2\/product\/151686","targetHints":{"allow":["GET"]}}],"collection":[{"href":"https:\/\/kingarms.ee\/lt\/wp-json\/wp\/v2\/product"}],"about":[{"href":"https:\/\/kingarms.ee\/lt\/wp-json\/wp\/v2\/types\/product"}],"wp:featuredmedia":[{"embeddable":true,"href":"https:\/\/kingarms.ee\/lt\/wp-json\/wp\/v2\/media\/113881"}],"wp:attachment":[{"href":"https:\/\/kingarms.ee\/lt\/wp-json\/wp\/v2\/media?parent=151686"}],"wp:term":[{"taxonomy":"product_brand","embeddable":true,"href":"https:\/\/kingarms.ee\/lt\/wp-json\/wp\/v2\/product_brand?post=151686"},{"taxonomy":"product_cat","embeddable":true,"href":"https:\/\/kingarms.ee\/lt\/wp-json\/wp\/v2\/product_cat?post=151686"},{"taxonomy":"product_tag","embeddable":true,"href":"https:\/\/kingarms.ee\/lt\/wp-json\/wp\/v2\/product_tag?post=151686"}],"curies":[{"name":"wp","href":"https:\/\/api.w.org\/{rel}","templated":true}]}}