{"id":151688,"date":"2020-07-27T13:11:13","date_gmt":"2025-06-30T11:58:35","guid":{"rendered":"https:\/\/kingarms.ee\/product\/70s-retay\/"},"modified":"2025-06-30T14:58:35","modified_gmt":"2025-06-30T11:58:35","slug":"70s-retay","status":"publish","type":"product","link":"https:\/\/kingarms.ee\/lt\/product\/70s-retay\/","title":{"rendered":"70S (Retay)"},"content":{"rendered":"<p><a href=\"https:\/\/kingarms.ee\/wp-content\/uploads\/2020\/07\/d1dba753-91f0-11e6-8321-001e67ad91cb_d9a1e53e-09ee-459b-bfd7-4212808ad3cc-1-300x99.jpg\"><img loading=\"lazy\" decoding=\"async\" class=\"alignnone size-medium wp-image-30781\" src=\"https:\/\/kingarms.ee\/wp-content\/uploads\/2020\/07\/d1dba753-91f0-11e6-8321-001e67ad91cb_d9a1e53e-09ee-459b-bfd7-4212808ad3cc-1-300x99.jpg\" alt=\"\" width=\"300\" height=\"99\" srcset=\"https:\/\/kingarms.ee\/wp-content\/uploads\/2020\/07\/d1dba753-91f0-11e6-8321-001e67ad91cb_d9a1e53e-09ee-459b-bfd7-4212808ad3cc-1-300x99.jpg 300w, https:\/\/kingarms.ee\/wp-content\/uploads\/2020\/07\/d1dba753-91f0-11e6-8321-001e67ad91cb_d9a1e53e-09ee-459b-bfd7-4212808ad3cc-1-150x50.jpg 150w, https:\/\/kingarms.ee\/wp-content\/uploads\/2020\/07\/d1dba753-91f0-11e6-8321-001e67ad91cb_d9a1e53e-09ee-459b-bfd7-4212808ad3cc-1-500x166.jpg 500w, https:\/\/kingarms.ee\/wp-content\/uploads\/2020\/07\/d1dba753-91f0-11e6-8321-001e67ad91cb_d9a1e53e-09ee-459b-bfd7-4212808ad3cc-1-768x254.jpg 768w, https:\/\/kingarms.ee\/wp-content\/uploads\/2020\/07\/d1dba753-91f0-11e6-8321-001e67ad91cb_d9a1e53e-09ee-459b-bfd7-4212808ad3cc-1.jpg 1024w\" sizes=\"auto, (max-width: 300px) 100vw, 300px\" \/><\/a><\/p>\n","protected":false},"excerpt":{"rendered":"<p>70S (Retay)<\/p>\n<p>Garsiosios Turkijos kompanijos Retay vienkartinis spyruoklinis st\u016bmoklinis \u0161autuvas. Produktas yra-kokyb\u0117, prieinama kaina ir didelis patikimumas! Retay 70s \u0161autuvas skirtas pramoginiam ir sportiniam \u0161audymui.  <\/p>\n<div>\n<table border=\"0\" width=\"447\" cellspacing=\"0\" cellpadding=\"0\">\n<colgroup>\n<col width=\"224\">\n<col width=\"223\"><\/colgroup>\n<tbody>\n<tr>\n<td class=\"xl65\" width=\"224\" height=\"20\">Gamintojas<\/td>\n<td class=\"xl66\" width=\"223\">Retay<\/td>\n<\/tr>\n<tr>\n<td class=\"xl65\" width=\"224\" height=\"20\">Kalibras<\/td>\n<td class=\"xl66\" width=\"223\">4.5 \u043c\u043c<\/td>\n<\/tr>\n<tr>\n<td class=\"xl65\" width=\"224\" height=\"20\">Snukio greitis<\/td>\n<td class=\"xl66\" width=\"223\">120 m\/s<\/td>\n<\/tr>\n<tr>\n<td class=\"xl65\" width=\"224\" height=\"22\">Grup\u0117<br \/>\ntarmi\u0173 grupi\u0173 sistema<\/td>\n<td class=\"xl66\" width=\"223\"><\/td>\n<\/tr>\n<tr>\n<td class=\"xl65\" width=\"224\" height=\"20\">\u0160autuvas<\/td>\n<td class=\"xl66\" width=\"223\"><\/td>\n<\/tr>\n<tr>\n<td class=\"xl65\" width=\"224\" height=\"20\">Vienkartinis \u012fkrovimas<\/td>\n<td class=\"xl66\" width=\"223\"><\/td>\n<\/tr>\n<tr>\n<td class=\"xl65\" width=\"224\" height=\"20\">\u0160audmen\u0173 tipas<\/td>\n<td class=\"xl66\" width=\"223\">kulkos<\/td>\n<\/tr>\n<\/tbody>\n<\/table>\n<\/div>\n","protected":false},"featured_media":133118,"template":"","meta":{"_acf_changed":false},"product_brand":[],"product_cat":[1145],"product_tag":[],"class_list":{"0":"post-151688","1":"product","2":"type-product","3":"status-publish","4":"has-post-thumbnail","6":"product_cat-snaiperio-sautuvai-4-5-mm","8":"first","9":"instock","10":"taxable","11":"shipping-taxable","12":"purchasable","13":"product-type-simple"},"acf":[],"_links":{"self":[{"href":"https:\/\/kingarms.ee\/lt\/wp-json\/wp\/v2\/product\/151688","targetHints":{"allow":["GET"]}}],"collection":[{"href":"https:\/\/kingarms.ee\/lt\/wp-json\/wp\/v2\/product"}],"about":[{"href":"https:\/\/kingarms.ee\/lt\/wp-json\/wp\/v2\/types\/product"}],"wp:featuredmedia":[{"embeddable":true,"href":"https:\/\/kingarms.ee\/lt\/wp-json\/wp\/v2\/media\/133118"}],"wp:attachment":[{"href":"https:\/\/kingarms.ee\/lt\/wp-json\/wp\/v2\/media?parent=151688"}],"wp:term":[{"taxonomy":"product_brand","embeddable":true,"href":"https:\/\/kingarms.ee\/lt\/wp-json\/wp\/v2\/product_brand?post=151688"},{"taxonomy":"product_cat","embeddable":true,"href":"https:\/\/kingarms.ee\/lt\/wp-json\/wp\/v2\/product_cat?post=151688"},{"taxonomy":"product_tag","embeddable":true,"href":"https:\/\/kingarms.ee\/lt\/wp-json\/wp\/v2\/product_tag?post=151688"}],"curies":[{"name":"wp","href":"https:\/\/api.w.org\/{rel}","templated":true}]}}