{"id":151698,"date":"2020-07-22T12:41:04","date_gmt":"2025-06-30T14:08:44","guid":{"rendered":"https:\/\/kingarms.ee\/product\/gpm1911-gg\/"},"modified":"2025-06-30T17:08:44","modified_gmt":"2025-06-30T14:08:44","slug":"gpm1911-gg","status":"publish","type":"product","link":"https:\/\/kingarms.ee\/lt\/product\/gpm1911-gg\/","title":{"rendered":"GPM1911 (G&amp;G)"},"content":{"rendered":"<p><a href=\"https:\/\/kingarms.ee\/wp-content\/uploads\/2020\/07\/110910-01-800x600-500x500-300x300.jpg\"><img loading=\"lazy\" decoding=\"async\" class=\"alignnone size-medium wp-image-30690\" src=\"https:\/\/kingarms.ee\/wp-content\/uploads\/2020\/07\/110910-01-800x600-500x500-300x300.jpg\" alt=\"\" width=\"300\" height=\"300\" srcset=\"https:\/\/kingarms.ee\/wp-content\/uploads\/2020\/07\/110910-01-800x600-500x500-300x300.jpg 300w, https:\/\/kingarms.ee\/wp-content\/uploads\/2020\/07\/110910-01-800x600-500x500-150x150.jpg 150w, https:\/\/kingarms.ee\/wp-content\/uploads\/2020\/07\/110910-01-800x600-500x500.jpg 500w\" sizes=\"auto, (max-width: 300px) 100vw, 300px\" \/><\/a><\/p>\n","protected":false},"excerpt":{"rendered":"<p>GPM1911 (G&amp;G)<\/p>\n<p>\u017denklas: G &amp; amp; G<\/p>\n<p>Hop-Up: Reguliuojamas.<\/p>\n<p>D\u0117klo talpa: 25 kadrai.<\/p>\n<p>Svoris: 1120g.<\/p>\n<p>Med\u017eiaga: visi\u0161kai metalas.<\/p>\n<p>Ilgis: 220 mm.<\/p>\n<p>Auk\u0161tis: 140 mm.<\/p>\n<p>Per\u017ei\u016br\u0117ti ilgis: 116.5 mm.<\/p>\n<p>Fotografavimo re\u017eimas: vienas kadras<\/p>\n<p>Kalibras: 6 mm.<\/p>\n<p>Apimti:<\/p>\n<p>1x GPM-92F.<\/p>\n<p>1 kart\u0105 tepalas.<\/p>\n<p>1 greitas \u012fkroviklis<\/p>\n<p>Naudojimo instrukcijos ir instrukcijos.<\/p>\n","protected":false},"featured_media":113835,"template":"","meta":{"_acf_changed":false},"product_brand":[],"product_cat":[1138],"product_tag":[],"class_list":{"0":"post-151698","1":"product","2":"type-product","3":"status-publish","4":"has-post-thumbnail","6":"product_cat-airsoft-pistols","8":"first","9":"instock","10":"taxable","11":"shipping-taxable","12":"purchasable","13":"product-type-simple"},"acf":[],"_links":{"self":[{"href":"https:\/\/kingarms.ee\/lt\/wp-json\/wp\/v2\/product\/151698","targetHints":{"allow":["GET"]}}],"collection":[{"href":"https:\/\/kingarms.ee\/lt\/wp-json\/wp\/v2\/product"}],"about":[{"href":"https:\/\/kingarms.ee\/lt\/wp-json\/wp\/v2\/types\/product"}],"wp:featuredmedia":[{"embeddable":true,"href":"https:\/\/kingarms.ee\/lt\/wp-json\/wp\/v2\/media\/113835"}],"wp:attachment":[{"href":"https:\/\/kingarms.ee\/lt\/wp-json\/wp\/v2\/media?parent=151698"}],"wp:term":[{"taxonomy":"product_brand","embeddable":true,"href":"https:\/\/kingarms.ee\/lt\/wp-json\/wp\/v2\/product_brand?post=151698"},{"taxonomy":"product_cat","embeddable":true,"href":"https:\/\/kingarms.ee\/lt\/wp-json\/wp\/v2\/product_cat?post=151698"},{"taxonomy":"product_tag","embeddable":true,"href":"https:\/\/kingarms.ee\/lt\/wp-json\/wp\/v2\/product_tag?post=151698"}],"curies":[{"name":"wp","href":"https:\/\/api.w.org\/{rel}","templated":true}]}}