{"id":151701,"date":"2022-10-31T15:13:51","date_gmt":"2025-06-30T14:12:33","guid":{"rendered":"https:\/\/kingarms.ee\/product\/bw-kova-kuprine-65-l\/"},"modified":"2025-06-30T17:12:33","modified_gmt":"2025-06-30T14:12:33","slug":"bw-kova-kuprine-65-l","status":"publish","type":"product","link":"https:\/\/kingarms.ee\/lt\/product\/bw-kova-kuprine-65-l\/","title":{"rendered":"\u201eBW Kova\u201c Kuprin\u0117, 65 l"},"content":{"rendered":"","protected":false},"excerpt":{"rendered":"<p>reguliuojami, pamink\u0161tinti pe\u010di\u0173 dir\u017eeliai<br \/>\nreguliuojamas juosmens dir\u017eelis su u\u017esegimu<br \/>\n1 vir\u0161utin\u0117 ne\u0161iojimo rankena<br \/>\nloop panel ca. 15 po 2,5 cm vir\u0161uje reversas<br \/>\ndangtis su 1 pritvirtinta ki\u0161ene su atvartu ir<br \/>\ndir\u017eelio u\u017esegimas, taip pat 1 priekin\u0117 ki\u0161en\u0117<br \/>\nsu kabliu ir kilpa bei 1 didele ki\u0161ene su u\u017etrauktuku<br \/>\n\u012f nugar\u0105<br \/>\npagrindinis skyrius su atskiriamu<br \/>\napatinis skyrius (virvel\u0117)<br \/>\ni\u0161orinis u\u017etrauktukas, skirtas patekti \u012f apatin\u012f skyri\u0173<br \/>\ndvigubas rai\u0161telis pagrindinio skyriaus vir\u0161uje<br \/>\nplok\u0161\u010dias vidinis \u012fstumiamas skyrius, pvz.<br \/>\nmiego padas<br \/>\naliuminio stabilumo strypas vidin\u0117je vir\u0161utin\u0117je srityje<br \/>\n2 \u0161onin\u0117s ki\u0161en\u0117s su atvartu ir dir\u017eeliu<br \/>\nma\u017ea ki\u0161en\u0117 su kabliu ir kilpa<br \/>\napatin\u0117 priekin\u0117 pus\u0117<br \/>\n\u012fvair\u016bs tvirtinimo dir\u017eeliai, 4 priekiniai u\u017esegimai<br \/>\nTalpa: ca. 65 l<br \/>\nMatmenys: ca. 43-63-21 cm<br \/>\nSvoris: ca. 1,3 kg<br \/>\nMed\u017eiaga: 100% Poliesteris   <\/p>\n","protected":false},"featured_media":125071,"template":"","meta":{"_acf_changed":false},"product_brand":[],"product_cat":[1243,1240],"product_tag":[],"class_list":{"0":"post-151701","1":"product","2":"type-product","3":"status-publish","4":"has-post-thumbnail","6":"product_cat-kuprines","7":"product_cat-maiseliai-krepsiai-ir-dirzeliai","9":"first","10":"instock","11":"purchasable","12":"product-type-simple"},"acf":[],"_links":{"self":[{"href":"https:\/\/kingarms.ee\/lt\/wp-json\/wp\/v2\/product\/151701","targetHints":{"allow":["GET"]}}],"collection":[{"href":"https:\/\/kingarms.ee\/lt\/wp-json\/wp\/v2\/product"}],"about":[{"href":"https:\/\/kingarms.ee\/lt\/wp-json\/wp\/v2\/types\/product"}],"wp:featuredmedia":[{"embeddable":true,"href":"https:\/\/kingarms.ee\/lt\/wp-json\/wp\/v2\/media\/125071"}],"wp:attachment":[{"href":"https:\/\/kingarms.ee\/lt\/wp-json\/wp\/v2\/media?parent=151701"}],"wp:term":[{"taxonomy":"product_brand","embeddable":true,"href":"https:\/\/kingarms.ee\/lt\/wp-json\/wp\/v2\/product_brand?post=151701"},{"taxonomy":"product_cat","embeddable":true,"href":"https:\/\/kingarms.ee\/lt\/wp-json\/wp\/v2\/product_cat?post=151701"},{"taxonomy":"product_tag","embeddable":true,"href":"https:\/\/kingarms.ee\/lt\/wp-json\/wp\/v2\/product_tag?post=151701"}],"curies":[{"name":"wp","href":"https:\/\/api.w.org\/{rel}","templated":true}]}}