{"id":151703,"date":"2020-06-30T13:57:00","date_gmt":"2025-06-30T14:14:13","guid":{"rendered":"https:\/\/kingarms.ee\/product\/mk-175-man-kung\/"},"modified":"2025-06-30T17:14:13","modified_gmt":"2025-06-30T14:14:13","slug":"mk-175-man-kung","status":"publish","type":"product","link":"https:\/\/kingarms.ee\/lt\/product\/mk-175-man-kung\/","title":{"rendered":"MK-175 (Man Kung)"},"content":{"rendered":"<p><a href=\"https:\/\/kingarms.ee\/wp-content\/uploads\/2020\/06\/54c64aeafba8e69e313e8b9202b5507a-300x226.jpg\"><img loading=\"lazy\" decoding=\"async\" class=\"alignnone size-medium wp-image-29448\" src=\"https:\/\/kingarms.ee\/wp-content\/uploads\/2020\/06\/54c64aeafba8e69e313e8b9202b5507a-300x226.jpg\" alt=\"\" width=\"300\" height=\"226\" srcset=\"https:\/\/kingarms.ee\/wp-content\/uploads\/2020\/06\/54c64aeafba8e69e313e8b9202b5507a-300x225.jpg 300w, https:\/\/kingarms.ee\/wp-content\/uploads\/2020\/06\/54c64aeafba8e69e313e8b9202b5507a-150x113.jpg 150w, https:\/\/kingarms.ee\/wp-content\/uploads\/2020\/06\/54c64aeafba8e69e313e8b9202b5507a-500x376.jpg 500w, https:\/\/kingarms.ee\/wp-content\/uploads\/2020\/06\/54c64aeafba8e69e313e8b9202b5507a-768x578.jpg 768w, https:\/\/kingarms.ee\/wp-content\/uploads\/2020\/06\/54c64aeafba8e69e313e8b9202b5507a.jpg 1024w, https:\/\/kingarms.ee\/wp-content\/uploads\/2020\/06\/54c64aeafba8e69e313e8b9202b5507a-600x450.jpg 600w\" sizes=\"auto, (max-width: 300px) 100vw, 300px\" \/><\/a><\/p>\n","protected":false},"excerpt":{"rendered":"<p>MK-175 (Man Kung)<\/p>\n<p>Specifikacija:<\/p>\n<p>Motokroso tipas: rekursinis;<\/p>\n<p>Rankenos tipas: \u0161autuvas;<\/p>\n<p>Ilgis: 87 cm;<\/p>\n<p>Plotis: 67 cm;<\/p>\n<p>\u012etempimo j\u0117ga: 160 svar\u0173 = 72,5 kg;<\/p>\n<p>Str\u0117l\u0117s kreiserinis greitis: 65 m \/ s .;<\/p>\n<p>Kaba med\u017eiaga: plastikas;<\/p>\n<p>Korpuso med\u017eiaga: aliuminis;<\/p>\n<p>Pe\u010di\u0173 med\u017eiaga: Stiklo pluo\u0161tas;<\/p>\n<p>Svoris: 3,8 kg .;<\/p>\n<p>Juoda spalva.<\/p>\n<p>\u012eranga:<\/p>\n<p>Rossi atitinka vyras Kung MK-175;<\/p>\n<p>3 ta\u0161k\u0173 tikslumo reg\u0117jimas;<\/p>\n<p>Surinkimo raktas;<\/p>\n<p>4 rodykl\u0117s;<\/p>\n<p>Valdymas.<\/p>\n","protected":false},"featured_media":113159,"template":"","meta":{"_acf_changed":false},"product_brand":[],"product_cat":[1151,1152],"product_tag":[],"class_list":{"0":"post-151703","1":"product","2":"type-product","3":"status-publish","4":"has-post-thumbnail","6":"product_cat-lankai-ir-skersiniai","7":"product_cat-skersiniai","9":"first","10":"instock","11":"taxable","12":"shipping-taxable","13":"purchasable","14":"product-type-simple"},"acf":[],"_links":{"self":[{"href":"https:\/\/kingarms.ee\/lt\/wp-json\/wp\/v2\/product\/151703","targetHints":{"allow":["GET"]}}],"collection":[{"href":"https:\/\/kingarms.ee\/lt\/wp-json\/wp\/v2\/product"}],"about":[{"href":"https:\/\/kingarms.ee\/lt\/wp-json\/wp\/v2\/types\/product"}],"wp:featuredmedia":[{"embeddable":true,"href":"https:\/\/kingarms.ee\/lt\/wp-json\/wp\/v2\/media\/113159"}],"wp:attachment":[{"href":"https:\/\/kingarms.ee\/lt\/wp-json\/wp\/v2\/media?parent=151703"}],"wp:term":[{"taxonomy":"product_brand","embeddable":true,"href":"https:\/\/kingarms.ee\/lt\/wp-json\/wp\/v2\/product_brand?post=151703"},{"taxonomy":"product_cat","embeddable":true,"href":"https:\/\/kingarms.ee\/lt\/wp-json\/wp\/v2\/product_cat?post=151703"},{"taxonomy":"product_tag","embeddable":true,"href":"https:\/\/kingarms.ee\/lt\/wp-json\/wp\/v2\/product_tag?post=151703"}],"curies":[{"name":"wp","href":"https:\/\/api.w.org\/{rel}","templated":true}]}}