{"id":151704,"date":"2022-10-31T15:13:51","date_gmt":"2025-06-30T14:14:27","guid":{"rendered":"https:\/\/kingarms.ee\/product\/isgyvenimo-peilis-morakniv\/"},"modified":"2025-06-30T17:14:27","modified_gmt":"2025-06-30T14:14:27","slug":"isgyvenimo-peilis-morakniv","status":"publish","type":"product","link":"https:\/\/kingarms.ee\/lt\/product\/isgyvenimo-peilis-morakniv\/","title":{"rendered":"I\u0161gyvenimo peilis Morakniv"},"content":{"rendered":"","protected":false},"excerpt":{"rendered":"<p>I\u0161gyvenimo peilis Morakniv<\/p>\n<p>A\u0161men\u0173 Med\u017eiaga: Anglinis plienas<br \/>\nRankenos med\u017eiaga: TPE-guma<br \/>\nA\u0161men\u0173 ilgis: 109 mm<br \/>\nA\u0161men\u0173 storis: 3,2 mm<br \/>\nPeilio ilgis: 232 mm<br \/>\nGrynasis svoris: 228,5 g<\/p>\n","protected":false},"featured_media":125037,"template":"","meta":{"_acf_changed":false},"product_brand":[],"product_cat":[1261],"product_tag":[],"class_list":{"0":"post-151704","1":"product","2":"type-product","3":"status-publish","4":"has-post-thumbnail","6":"product_cat-keliones-peiliai","8":"first","9":"instock","10":"purchasable","11":"product-type-simple"},"acf":[],"_links":{"self":[{"href":"https:\/\/kingarms.ee\/lt\/wp-json\/wp\/v2\/product\/151704","targetHints":{"allow":["GET"]}}],"collection":[{"href":"https:\/\/kingarms.ee\/lt\/wp-json\/wp\/v2\/product"}],"about":[{"href":"https:\/\/kingarms.ee\/lt\/wp-json\/wp\/v2\/types\/product"}],"wp:featuredmedia":[{"embeddable":true,"href":"https:\/\/kingarms.ee\/lt\/wp-json\/wp\/v2\/media\/125037"}],"wp:attachment":[{"href":"https:\/\/kingarms.ee\/lt\/wp-json\/wp\/v2\/media?parent=151704"}],"wp:term":[{"taxonomy":"product_brand","embeddable":true,"href":"https:\/\/kingarms.ee\/lt\/wp-json\/wp\/v2\/product_brand?post=151704"},{"taxonomy":"product_cat","embeddable":true,"href":"https:\/\/kingarms.ee\/lt\/wp-json\/wp\/v2\/product_cat?post=151704"},{"taxonomy":"product_tag","embeddable":true,"href":"https:\/\/kingarms.ee\/lt\/wp-json\/wp\/v2\/product_tag?post=151704"}],"curies":[{"name":"wp","href":"https:\/\/api.w.org\/{rel}","templated":true}]}}