{"id":151707,"date":"2020-06-01T16:20:00","date_gmt":"2020-06-01T13:20:00","guid":{"rendered":"https:\/\/kingarms.ee\/product\/arp-556-v2s-black-gg\/"},"modified":"2025-06-30T17:16:10","modified_gmt":"2025-06-30T14:16:10","slug":"arp-556-v2s-black-gg","status":"publish","type":"product","link":"https:\/\/kingarms.ee\/lt\/product\/arp-556-v2s-black-gg\/","title":{"rendered":"ARP 556 V2S BLACK G&amp;G"},"content":{"rendered":"<p><a href=\"https:\/\/kingarms.ee\/wp-content\/uploads\/2020\/06\/gg-electric-rifle-arp-556-v2s-black-gg-arp556p-300x300.jpg\"><img loading=\"lazy\" decoding=\"async\" class=\"alignnone size-medium\" src=\"https:\/\/kingarms.ee\/wp-content\/uploads\/2020\/06\/gg-electric-rifle-arp-556-v2s-black-gg-arp556p-300x300.jpg\" alt=\"\" width=\"300\" height=\"300\"><\/a><\/p>\n","protected":false},"excerpt":{"rendered":"<p>ARP 556 V2S BLACK G&amp;G<\/p>\n<p>Elektrinis \u0161autuvas arp556 V2S polimero versija<br \/>\nHi-cap 300 raund\u0173 polimero \u017eurnalas<br \/>\nPolimero korpusas<br \/>\nM-Lok handguard<br \/>\nI\u0161traukiamos atsargos<br \/>\nReguliuojami ir atver\u010diami taikikliai<br \/>\nReguliuojamas \u0161uolis auk\u0161tyn<br \/>\nStandartinis 25000 aps \/ min variklis<br \/>\n8mm guolis<br \/>\nEtu ir mosfet<br \/>\nGaisro re\u017eimas: saugus, pusiau ir visi\u0161kai automatinis (konfig\u016bruojamas 3 raund\u0173 sprogimas)<br \/>\nAkumuliatoriaus skyrius atsarg\u0173 vamzd\u017eio viduje<br \/>\nIlgis: 510mm-600mm<br \/>\nSvoris: 2096g<br \/>\nJuoda spalva<br \/>\nBaterija ir akumuliatoriaus \u012fkroviklis ne\u012fskai\u010diuoti<\/p>\n","protected":false},"featured_media":154889,"template":"","meta":{"_acf_changed":false},"product_brand":[],"product_cat":[1139],"product_tag":[1318],"class_list":{"0":"post-151707","1":"product","2":"type-product","3":"status-publish","4":"has-post-thumbnail","6":"product_cat-elektro-pneumatiniai-ginklai","7":"product_tag-4blss3ph-lt","9":"first","10":"onbackorder","11":"taxable","12":"shipping-taxable","13":"product-type-simple"},"acf":[],"_links":{"self":[{"href":"https:\/\/kingarms.ee\/lt\/wp-json\/wp\/v2\/product\/151707","targetHints":{"allow":["GET"]}}],"collection":[{"href":"https:\/\/kingarms.ee\/lt\/wp-json\/wp\/v2\/product"}],"about":[{"href":"https:\/\/kingarms.ee\/lt\/wp-json\/wp\/v2\/types\/product"}],"wp:featuredmedia":[{"embeddable":true,"href":"https:\/\/kingarms.ee\/lt\/wp-json\/wp\/v2\/media\/154889"}],"wp:attachment":[{"href":"https:\/\/kingarms.ee\/lt\/wp-json\/wp\/v2\/media?parent=151707"}],"wp:term":[{"taxonomy":"product_brand","embeddable":true,"href":"https:\/\/kingarms.ee\/lt\/wp-json\/wp\/v2\/product_brand?post=151707"},{"taxonomy":"product_cat","embeddable":true,"href":"https:\/\/kingarms.ee\/lt\/wp-json\/wp\/v2\/product_cat?post=151707"},{"taxonomy":"product_tag","embeddable":true,"href":"https:\/\/kingarms.ee\/lt\/wp-json\/wp\/v2\/product_tag?post=151707"}],"curies":[{"name":"wp","href":"https:\/\/api.w.org\/{rel}","templated":true}]}}