{"id":151710,"date":"2020-06-01T16:20:00","date_gmt":"2020-06-01T13:20:00","guid":{"rendered":"https:\/\/kingarms.ee\/product\/cm15-kr-balandis-14-5-juoda-g-amp-g\/"},"modified":"2025-06-30T17:16:53","modified_gmt":"2025-06-30T14:16:53","slug":"cm15-kr-balandis-14-5-juoda-g-amp-g","status":"publish","type":"product","link":"https:\/\/kingarms.ee\/lt\/product\/cm15-kr-balandis-14-5-juoda-g-amp-g\/","title":{"rendered":"CM15 KR balandis 14.5 Juoda G &amp; amp; G"},"content":{"rendered":"<p><a href=\"https:\/\/kingarms.ee\/wp-content\/uploads\/2020\/06\/gg-armament-electric-rifle-cm15-kr-apr-145-black-gg-kr15-apr-300x300.jpg\"><img loading=\"lazy\" decoding=\"async\" class=\"alignnone size-medium\" src=\"https:\/\/kingarms.ee\/wp-content\/uploads\/2020\/06\/gg-armament-electric-rifle-cm15-kr-apr-145-black-gg-kr15-apr-300x300.jpg\" alt=\"\" width=\"300\" height=\"300\"><\/a><\/p>\n","protected":false},"excerpt":{"rendered":"<p>CM15 KR balandis 14.5 Juoda G &amp; amp; G<br \/>\nAbs k\u016bnas<br \/>\n14.5 coli\u0173 aliuminio keymod gele\u017einkeli\u0173 sistema<br \/>\n450 raund\u0173 \u017eurnalas<br \/>\nI\u0161traukiamos atsargos<br \/>\nApver\u010diami taikikliai<br \/>\nReguliuojamas \u0161uolis auk\u0161tyn<br \/>\n18000 rpm auk\u0161to sukimo momento ilgos a\u0161ies variklis<br \/>\nIlgis 900mm-990mm<br \/>\nSvoris 2390g<br \/>\nJuoda spalva<br \/>\nBaterija ir akumuliatoriaus \u012fkroviklis ne\u012fskai\u010diuoti<\/p>\n","protected":false},"featured_media":154689,"template":"","meta":{"_acf_changed":false},"product_brand":[],"product_cat":[1139],"product_tag":[1318],"class_list":{"0":"post-151710","1":"product","2":"type-product","3":"status-publish","4":"has-post-thumbnail","6":"product_cat-elektro-pneumatiniai-ginklai","7":"product_tag-4blss3ph-lt","9":"first","10":"onbackorder","11":"taxable","12":"shipping-taxable","13":"product-type-simple"},"acf":[],"_links":{"self":[{"href":"https:\/\/kingarms.ee\/lt\/wp-json\/wp\/v2\/product\/151710","targetHints":{"allow":["GET"]}}],"collection":[{"href":"https:\/\/kingarms.ee\/lt\/wp-json\/wp\/v2\/product"}],"about":[{"href":"https:\/\/kingarms.ee\/lt\/wp-json\/wp\/v2\/types\/product"}],"wp:featuredmedia":[{"embeddable":true,"href":"https:\/\/kingarms.ee\/lt\/wp-json\/wp\/v2\/media\/154689"}],"wp:attachment":[{"href":"https:\/\/kingarms.ee\/lt\/wp-json\/wp\/v2\/media?parent=151710"}],"wp:term":[{"taxonomy":"product_brand","embeddable":true,"href":"https:\/\/kingarms.ee\/lt\/wp-json\/wp\/v2\/product_brand?post=151710"},{"taxonomy":"product_cat","embeddable":true,"href":"https:\/\/kingarms.ee\/lt\/wp-json\/wp\/v2\/product_cat?post=151710"},{"taxonomy":"product_tag","embeddable":true,"href":"https:\/\/kingarms.ee\/lt\/wp-json\/wp\/v2\/product_tag?post=151710"}],"curies":[{"name":"wp","href":"https:\/\/api.w.org\/{rel}","templated":true}]}}