{"id":151711,"date":"2020-06-01T16:20:00","date_gmt":"2025-06-30T14:17:21","guid":{"rendered":"https:\/\/kingarms.ee\/product\/cm15-kr-cqb-8-5-gg\/"},"modified":"2025-06-30T17:17:21","modified_gmt":"2025-06-30T14:17:21","slug":"cm15-kr-cqb-8-5-gg","status":"publish","type":"product","link":"https:\/\/kingarms.ee\/lt\/product\/cm15-kr-cqb-8-5-gg\/","title":{"rendered":"CM15 KR CQB 8.5 G&amp;G"},"content":{"rendered":"<p><a href=\"https:\/\/kingarms.ee\/wp-content\/uploads\/2020\/06\/gg-electric-rifle-cm15-kr-cqb-85-gg-kr15-cqb-300x300.jpg\"><img loading=\"lazy\" decoding=\"async\" class=\"alignnone size-medium\" src=\"https:\/\/kingarms.ee\/wp-content\/uploads\/2020\/06\/gg-electric-rifle-cm15-kr-cqb-85-gg-kr15-cqb-300x300.jpg\" alt=\"\" width=\"300\" height=\"300\"><\/a><\/p>\n","protected":false},"excerpt":{"rendered":"<p>CM15 KR CKB 8.5 g&amp; G<br \/>\nElektrinis \u0161autuvas cm15 kr-CKB 8.5&#8243;<br \/>\nAbs k\u016bnas<br \/>\n450 raund\u0173 \u017eurnalas<br \/>\n8.5 coli\u0173 aliuminio keymod gele\u017einkeli\u0173 sistema<br \/>\nI\u0161traukiamos atsargos<br \/>\nApver\u010diami taikikliai<br \/>\nReguliuojamas hopup<br \/>\n18000 rpm auk\u0161to sukimo momento ilgos a\u0161ies variklis<br \/>\nBaterija ir akumuliatoriaus \u012fkroviklis ne\u012fskai\u010diuoti<br \/>\nIlgis 685-770mm<br \/>\nSvoris 2200g<\/p>\n","protected":false},"featured_media":122625,"template":"","meta":{"_acf_changed":false},"product_brand":[],"product_cat":[1139],"product_tag":[1318],"class_list":{"0":"post-151711","1":"product","2":"type-product","3":"status-publish","4":"has-post-thumbnail","6":"product_cat-elektro-pneumatiniai-ginklai","7":"product_tag-4blss3ph-lt","9":"first","10":"onbackorder","11":"taxable","12":"shipping-taxable","13":"product-type-simple"},"acf":[],"_links":{"self":[{"href":"https:\/\/kingarms.ee\/lt\/wp-json\/wp\/v2\/product\/151711","targetHints":{"allow":["GET"]}}],"collection":[{"href":"https:\/\/kingarms.ee\/lt\/wp-json\/wp\/v2\/product"}],"about":[{"href":"https:\/\/kingarms.ee\/lt\/wp-json\/wp\/v2\/types\/product"}],"wp:featuredmedia":[{"embeddable":true,"href":"https:\/\/kingarms.ee\/lt\/wp-json\/wp\/v2\/media\/122625"}],"wp:attachment":[{"href":"https:\/\/kingarms.ee\/lt\/wp-json\/wp\/v2\/media?parent=151711"}],"wp:term":[{"taxonomy":"product_brand","embeddable":true,"href":"https:\/\/kingarms.ee\/lt\/wp-json\/wp\/v2\/product_brand?post=151711"},{"taxonomy":"product_cat","embeddable":true,"href":"https:\/\/kingarms.ee\/lt\/wp-json\/wp\/v2\/product_cat?post=151711"},{"taxonomy":"product_tag","embeddable":true,"href":"https:\/\/kingarms.ee\/lt\/wp-json\/wp\/v2\/product_tag?post=151711"}],"curies":[{"name":"wp","href":"https:\/\/api.w.org\/{rel}","templated":true}]}}