{"id":151715,"date":"2020-06-01T16:20:00","date_gmt":"2020-06-01T13:20:00","guid":{"rendered":"https:\/\/kingarms.ee\/product\/cm16-mod0-black-gg\/"},"modified":"2025-06-30T17:18:19","modified_gmt":"2025-06-30T14:18:19","slug":"cm16-mod0-black-gg","status":"publish","type":"product","link":"https:\/\/kingarms.ee\/lt\/product\/cm16-mod0-black-gg\/","title":{"rendered":"CM16 MOD0 BLACK G&amp;G"},"content":{"rendered":"<p><a href=\"https:\/\/kingarms.ee\/wp-content\/uploads\/2020\/06\/gg-electric-rifle-cm16-mod0-black-ggmod0-300x300.jpg\"><img loading=\"lazy\" decoding=\"async\" class=\"alignnone size-medium\" src=\"https:\/\/kingarms.ee\/wp-content\/uploads\/2020\/06\/gg-electric-rifle-cm16-mod0-black-ggmod0-300x300.jpg\" alt=\"\" width=\"300\" height=\"300\"><\/a><\/p>\n","protected":false},"excerpt":{"rendered":"<p>CM16 MOD0 Juoda G &amp; amp; G<br \/>\nG &amp; amp;G elektrinis \u0161autuvas cm16 mod 0<br \/>\nKovos ma\u0161inos leidimas<br \/>\nMetalin\u0117s pavar\u0173 d\u0117\u017e\u0117s versija 2, 8mm<br \/>\n\u017durnalas 450 raund\u0173<br \/>\nStatin\u0117s ilgis 330mm<br \/>\nVariklis: 18000 aps. \/ min hi-sukimo momentas, ilga a\u0161is<br \/>\nReguliuojamas priekinis ir galinis vaizdas<br \/>\n\u0160autuvo ilgis 763mm<br \/>\nSvoris 2570g<br \/>\nJuoda spalva<\/p>\n","protected":false},"featured_media":154668,"template":"","meta":{"_acf_changed":false},"product_brand":[],"product_cat":[1139],"product_tag":[1318],"class_list":{"0":"post-151715","1":"product","2":"type-product","3":"status-publish","4":"has-post-thumbnail","6":"product_cat-elektro-pneumatiniai-ginklai","7":"product_tag-4blss3ph-lt","9":"first","10":"onbackorder","11":"taxable","12":"shipping-taxable","13":"product-type-simple"},"acf":[],"_links":{"self":[{"href":"https:\/\/kingarms.ee\/lt\/wp-json\/wp\/v2\/product\/151715","targetHints":{"allow":["GET"]}}],"collection":[{"href":"https:\/\/kingarms.ee\/lt\/wp-json\/wp\/v2\/product"}],"about":[{"href":"https:\/\/kingarms.ee\/lt\/wp-json\/wp\/v2\/types\/product"}],"wp:featuredmedia":[{"embeddable":true,"href":"https:\/\/kingarms.ee\/lt\/wp-json\/wp\/v2\/media\/154668"}],"wp:attachment":[{"href":"https:\/\/kingarms.ee\/lt\/wp-json\/wp\/v2\/media?parent=151715"}],"wp:term":[{"taxonomy":"product_brand","embeddable":true,"href":"https:\/\/kingarms.ee\/lt\/wp-json\/wp\/v2\/product_brand?post=151715"},{"taxonomy":"product_cat","embeddable":true,"href":"https:\/\/kingarms.ee\/lt\/wp-json\/wp\/v2\/product_cat?post=151715"},{"taxonomy":"product_tag","embeddable":true,"href":"https:\/\/kingarms.ee\/lt\/wp-json\/wp\/v2\/product_tag?post=151715"}],"curies":[{"name":"wp","href":"https:\/\/api.w.org\/{rel}","templated":true}]}}