{"id":151719,"date":"2020-06-01T16:20:00","date_gmt":"2020-06-01T13:20:00","guid":{"rendered":"https:\/\/kingarms.ee\/product\/cm16-raider-black-gg\/"},"modified":"2025-06-30T17:19:33","modified_gmt":"2025-06-30T14:19:33","slug":"cm16-raider-black-gg","status":"publish","type":"product","link":"https:\/\/kingarms.ee\/lt\/product\/cm16-raider-black-gg\/","title":{"rendered":"CM16 RAIDER BLACK G&amp;G"},"content":{"rendered":"<p><a href=\"https:\/\/kingarms.ee\/wp-content\/uploads\/2020\/06\/gg-armament-electric-rifle-cm16-raider-black-gg13b-300x300.jpg\"><img loading=\"lazy\" decoding=\"async\" class=\"alignnone size-medium\" src=\"https:\/\/kingarms.ee\/wp-content\/uploads\/2020\/06\/gg-armament-electric-rifle-cm16-raider-black-gg13b-300x300.jpg\" alt=\"\" width=\"300\" height=\"300\"><\/a><\/p>\n","protected":false},"excerpt":{"rendered":"<p>CM16 RAIDER Juoda G &amp; amp; G<br \/>\nNailono pluo\u0161to korpusas ir rainel\u0117<br \/>\n450 raund\u0173 \u017eurnalas<br \/>\nReguliuojami priekiniai ir galiniai taikikliai<br \/>\nReguliuojamas \u0161uolis auk\u0161tyn<br \/>\nDidelio sukimo momento ilgos a\u0161ies 18000 aps. \/ min variklis<br \/>\nIlgis 66mm-750mm<br \/>\nSvoris 2012g<br \/>\nJuoda spalva<br \/>\nBaterija ir akumuliatoriaus \u012fkroviklis ne\u012fskai\u010diuoti<\/p>\n","protected":false},"featured_media":153395,"template":"","meta":{"_acf_changed":false},"product_brand":[],"product_cat":[1139],"product_tag":[1318],"class_list":{"0":"post-151719","1":"product","2":"type-product","3":"status-publish","4":"has-post-thumbnail","6":"product_cat-elektro-pneumatiniai-ginklai","7":"product_tag-4blss3ph-lt","9":"first","10":"onbackorder","11":"taxable","12":"shipping-taxable","13":"product-type-simple"},"acf":[],"_links":{"self":[{"href":"https:\/\/kingarms.ee\/lt\/wp-json\/wp\/v2\/product\/151719","targetHints":{"allow":["GET"]}}],"collection":[{"href":"https:\/\/kingarms.ee\/lt\/wp-json\/wp\/v2\/product"}],"about":[{"href":"https:\/\/kingarms.ee\/lt\/wp-json\/wp\/v2\/types\/product"}],"wp:featuredmedia":[{"embeddable":true,"href":"https:\/\/kingarms.ee\/lt\/wp-json\/wp\/v2\/media\/153395"}],"wp:attachment":[{"href":"https:\/\/kingarms.ee\/lt\/wp-json\/wp\/v2\/media?parent=151719"}],"wp:term":[{"taxonomy":"product_brand","embeddable":true,"href":"https:\/\/kingarms.ee\/lt\/wp-json\/wp\/v2\/product_brand?post=151719"},{"taxonomy":"product_cat","embeddable":true,"href":"https:\/\/kingarms.ee\/lt\/wp-json\/wp\/v2\/product_cat?post=151719"},{"taxonomy":"product_tag","embeddable":true,"href":"https:\/\/kingarms.ee\/lt\/wp-json\/wp\/v2\/product_tag?post=151719"}],"curies":[{"name":"wp","href":"https:\/\/api.w.org\/{rel}","templated":true}]}}