{"id":151721,"date":"2020-06-01T16:20:00","date_gmt":"2020-06-01T13:20:00","guid":{"rendered":"https:\/\/kingarms.ee\/product\/cm16-raider-l-2-0e-black-gg\/"},"modified":"2025-06-30T17:19:59","modified_gmt":"2025-06-30T14:19:59","slug":"cm16-raider-l-2-0e-black-gg","status":"publish","type":"product","link":"https:\/\/kingarms.ee\/lt\/product\/cm16-raider-l-2-0e-black-gg\/","title":{"rendered":"CM16 RAIDER L 2.0E BLACK G&amp;G"},"content":{"rendered":"<p><a href=\"https:\/\/kingarms.ee\/wp-content\/uploads\/2020\/06\/gg-armament-electric-rifle-cm16-raider-l-2-0e-black-gg-cm16rl-300x300.jpg\"><img loading=\"lazy\" decoding=\"async\" class=\"alignnone size-medium\" src=\"https:\/\/kingarms.ee\/wp-content\/uploads\/2020\/06\/gg-armament-electric-rifle-cm16-raider-l-2-0e-black-gg-cm16rl-300x300.jpg\" alt=\"\" width=\"300\" height=\"300\"><\/a><\/p>\n","protected":false},"excerpt":{"rendered":"<p>CM16 RAIDER L 2.0E BLACK G&amp;G<\/p>\n<p>nailono audinio korpusas<br \/>\n450 raund\u0173 hi-cAp \u017eurnalas<br \/>\nAliuminio M-loK HAndGuard<br \/>\ni\u0161traukiamos atsargos<br \/>\napver\u010diami taikikliai<br \/>\nbicurious \u017eurnalas sugauti mygtuk\u0105<br \/>\nReguliuojamas HOpUp<br \/>\nmoSFET ir ETU<br \/>\nGaisro re\u017eimas: saugus, vieno \u0161\u016bvio ir visi\u0161kai automatinis (galima nustatyti iki 3 \u0161ovini\u0173 sprogimo)<br \/>\n18000 RPM auk\u0161to sukimo momento ilgos a\u0161ies variklis<br \/>\nbaterija ir akumuliatoriaus \u012fkroviklis ne\u012fskai\u010diuoti<br \/>\nilgis 750Mm-840MM<br \/>\nsvoris 2300G<br \/>\nJuoda spalva<br \/>\nBaterija ir akumuliatoriaus \u012fkroviklis ne\u012fskai\u010diuoti<\/p>\n","protected":false},"featured_media":153222,"template":"","meta":{"_acf_changed":false},"product_brand":[],"product_cat":[1139],"product_tag":[1318],"class_list":{"0":"post-151721","1":"product","2":"type-product","3":"status-publish","4":"has-post-thumbnail","6":"product_cat-elektro-pneumatiniai-ginklai","7":"product_tag-4blss3ph-lt","9":"first","10":"instock","11":"sale","12":"taxable","13":"shipping-taxable","14":"purchasable","15":"product-type-simple"},"acf":[],"_links":{"self":[{"href":"https:\/\/kingarms.ee\/lt\/wp-json\/wp\/v2\/product\/151721","targetHints":{"allow":["GET"]}}],"collection":[{"href":"https:\/\/kingarms.ee\/lt\/wp-json\/wp\/v2\/product"}],"about":[{"href":"https:\/\/kingarms.ee\/lt\/wp-json\/wp\/v2\/types\/product"}],"wp:featuredmedia":[{"embeddable":true,"href":"https:\/\/kingarms.ee\/lt\/wp-json\/wp\/v2\/media\/153222"}],"wp:attachment":[{"href":"https:\/\/kingarms.ee\/lt\/wp-json\/wp\/v2\/media?parent=151721"}],"wp:term":[{"taxonomy":"product_brand","embeddable":true,"href":"https:\/\/kingarms.ee\/lt\/wp-json\/wp\/v2\/product_brand?post=151721"},{"taxonomy":"product_cat","embeddable":true,"href":"https:\/\/kingarms.ee\/lt\/wp-json\/wp\/v2\/product_cat?post=151721"},{"taxonomy":"product_tag","embeddable":true,"href":"https:\/\/kingarms.ee\/lt\/wp-json\/wp\/v2\/product_tag?post=151721"}],"curies":[{"name":"wp","href":"https:\/\/api.w.org\/{rel}","templated":true}]}}