{"id":151723,"date":"2020-06-01T16:20:00","date_gmt":"2020-06-01T13:20:00","guid":{"rendered":"https:\/\/kingarms.ee\/product\/cm16-raider-l-2-0e-desert-tan-gg\/"},"modified":"2025-06-30T17:21:00","modified_gmt":"2025-06-30T14:21:00","slug":"cm16-raider-l-2-0e-desert-tan-gg","status":"publish","type":"product","link":"https:\/\/kingarms.ee\/lt\/product\/cm16-raider-l-2-0e-desert-tan-gg\/","title":{"rendered":"CM16 RAIDER L 2.0E DESERT TAN G&amp;G"},"content":{"rendered":"<p><a href=\"https:\/\/kingarms.ee\/wp-content\/uploads\/2020\/06\/gg-armament-electric-rifle-cm16-raider-l-2-0e-desert-gg-cm16rlt-300x300.jpg\"><img loading=\"lazy\" decoding=\"async\" class=\"alignnone size-medium\" src=\"https:\/\/kingarms.ee\/wp-content\/uploads\/2020\/06\/gg-armament-electric-rifle-cm16-raider-l-2-0e-desert-gg-cm16rlt-300x300.jpg\" alt=\"\" width=\"300\" height=\"300\"><\/a><\/p>\n","protected":false},"excerpt":{"rendered":"<p>CM16 RAIDER L 2.0E DESERT TAN G&amp;G<\/p>\n<p>Nailono audinio korpusas<br \/>\n450 raund\u0173 hi-cap \u017eurnalas<br \/>\nAliuminio M-lok handguard<br \/>\nI\u0161traukiamos atsargos<br \/>\nApver\u010diami taikikliai<br \/>\nBicurious \u017eurnalas sugauti mygtuk\u0105<br \/>\nReguliuojamas hopup<br \/>\nMosfet ir etu<br \/>\nGaisro re\u017eimas: saugus, vieno \u0161\u016bvio ir visi\u0161kai automatinis (galima nustatyti iki 3 \u0161ovini\u0173 sprogimo)<br \/>\n18000 rpm auk\u0161to sukimo momento ilgos a\u0161ies variklis<br \/>\nBaterija ir akumuliatoriaus \u012fkroviklis ne\u012fskai\u010diuoti<br \/>\nIlgis 750mm-840mm<br \/>\nSvoris 2300g<br \/>\nDykumos \u012fdegio spalva<br \/>\nBaterija ir akumuliatoriaus \u012fkroviklis ne\u012fskai\u010diuoti<\/p>\n","protected":false},"featured_media":154682,"template":"","meta":{"_acf_changed":false},"product_brand":[],"product_cat":[1139],"product_tag":[1318],"class_list":{"0":"post-151723","1":"product","2":"type-product","3":"status-publish","4":"has-post-thumbnail","6":"product_cat-elektro-pneumatiniai-ginklai","7":"product_tag-4blss3ph-lt","9":"first","10":"onbackorder","11":"taxable","12":"shipping-taxable","13":"product-type-simple"},"acf":[],"_links":{"self":[{"href":"https:\/\/kingarms.ee\/lt\/wp-json\/wp\/v2\/product\/151723","targetHints":{"allow":["GET"]}}],"collection":[{"href":"https:\/\/kingarms.ee\/lt\/wp-json\/wp\/v2\/product"}],"about":[{"href":"https:\/\/kingarms.ee\/lt\/wp-json\/wp\/v2\/types\/product"}],"wp:featuredmedia":[{"embeddable":true,"href":"https:\/\/kingarms.ee\/lt\/wp-json\/wp\/v2\/media\/154682"}],"wp:attachment":[{"href":"https:\/\/kingarms.ee\/lt\/wp-json\/wp\/v2\/media?parent=151723"}],"wp:term":[{"taxonomy":"product_brand","embeddable":true,"href":"https:\/\/kingarms.ee\/lt\/wp-json\/wp\/v2\/product_brand?post=151723"},{"taxonomy":"product_cat","embeddable":true,"href":"https:\/\/kingarms.ee\/lt\/wp-json\/wp\/v2\/product_cat?post=151723"},{"taxonomy":"product_tag","embeddable":true,"href":"https:\/\/kingarms.ee\/lt\/wp-json\/wp\/v2\/product_tag?post=151723"}],"curies":[{"name":"wp","href":"https:\/\/api.w.org\/{rel}","templated":true}]}}