{"id":151724,"date":"2020-06-01T16:20:00","date_gmt":"2020-06-01T13:20:00","guid":{"rendered":"https:\/\/kingarms.ee\/product\/cm16-raider-l-black-gg\/"},"modified":"2025-09-15T12:37:46","modified_gmt":"2025-09-15T09:37:46","slug":"cm16-raider-l-black-gg","status":"publish","type":"product","link":"https:\/\/kingarms.ee\/lt\/product\/cm16-raider-l-black-gg\/","title":{"rendered":"CM16 RAIDER L BLACK G&amp;G"},"content":{"rendered":"<p><a href=\"https:\/\/kingarms.ee\/wp-content\/uploads\/2020\/06\/gg-electric-rifle-cm16-raider-l-black-gg09b-300x300.jpg\"><img loading=\"lazy\" decoding=\"async\" class=\"alignnone size-medium\" src=\"https:\/\/kingarms.ee\/wp-content\/uploads\/2020\/06\/gg-electric-rifle-cm16-raider-l-black-gg09b-300x300.jpg\" alt=\"\" width=\"300\" height=\"300\" \/><\/a><\/p>\n","protected":false},"excerpt":{"rendered":"<p>CM16 RAIDER L Juoda G &amp; amp; G<br \/>\nElektrinis \u0161autuvas cm16 raider-l<br \/>\nNailono pluo\u0161to korpusas<br \/>\n450 raund\u0173 \u017eurnalas<br \/>\nAliuminio ratlankiai<br \/>\nReguliuojami taikikliai<br \/>\nReguliuojamas \u0161uolis auk\u0161tyn<br \/>\nI\u0161traukiama krano atsargos<br \/>\nIlgis 780mm-970mm<br \/>\nSvoris 2065g<br \/>\nJuoda spalva<br \/>\nBaterija ir akumuliatoriaus \u012fkroviklis ne\u012fskai\u010diuoti<\/p>\n<p data-pm-slice=\"1 1 []\">Nuotrauka yra iliustracin\u0117 &#8211; tikrieji dyd\u017eiai ir spalva gali \u0161iek tiek skirtis.<\/p>\n","protected":false},"featured_media":154761,"template":"","meta":{"_acf_changed":false},"product_brand":[],"product_cat":[1139],"product_tag":[1318],"class_list":{"0":"post-151724","1":"product","2":"type-product","3":"status-publish","4":"has-post-thumbnail","6":"product_cat-elektro-pneumatiniai-ginklai","7":"product_tag-4blss3ph-lt","9":"first","10":"onbackorder","11":"taxable","12":"shipping-taxable","13":"product-type-simple"},"acf":[],"_links":{"self":[{"href":"https:\/\/kingarms.ee\/lt\/wp-json\/wp\/v2\/product\/151724","targetHints":{"allow":["GET"]}}],"collection":[{"href":"https:\/\/kingarms.ee\/lt\/wp-json\/wp\/v2\/product"}],"about":[{"href":"https:\/\/kingarms.ee\/lt\/wp-json\/wp\/v2\/types\/product"}],"wp:featuredmedia":[{"embeddable":true,"href":"https:\/\/kingarms.ee\/lt\/wp-json\/wp\/v2\/media\/154761"}],"wp:attachment":[{"href":"https:\/\/kingarms.ee\/lt\/wp-json\/wp\/v2\/media?parent=151724"}],"wp:term":[{"taxonomy":"product_brand","embeddable":true,"href":"https:\/\/kingarms.ee\/lt\/wp-json\/wp\/v2\/product_brand?post=151724"},{"taxonomy":"product_cat","embeddable":true,"href":"https:\/\/kingarms.ee\/lt\/wp-json\/wp\/v2\/product_cat?post=151724"},{"taxonomy":"product_tag","embeddable":true,"href":"https:\/\/kingarms.ee\/lt\/wp-json\/wp\/v2\/product_tag?post=151724"}],"curies":[{"name":"wp","href":"https:\/\/api.w.org\/{rel}","templated":true}]}}