{"id":151725,"date":"2020-06-01T16:20:00","date_gmt":"2020-06-01T13:20:00","guid":{"rendered":"https:\/\/kingarms.ee\/product\/cm16-raider-l-desert-gg\/"},"modified":"2025-09-15T12:11:09","modified_gmt":"2025-09-15T09:11:09","slug":"cm16-raider-l-desert-gg","status":"publish","type":"product","link":"https:\/\/kingarms.ee\/lt\/product\/cm16-raider-l-desert-gg\/","title":{"rendered":"CM16 RAIDER L DESERT G&amp;G"},"content":{"rendered":"","protected":false},"excerpt":{"rendered":"<p>CM16 RAIDER L dykuma G &amp; amp; G<br \/>\nElektrinis \u0161autuvas cm16 raider-l dykuma<br \/>\nNailono pluo\u0161to korpusas<br \/>\n450 RDS \u017eurnalas<br \/>\nAliuminio ratlankiai<br \/>\nReguliuojami taikikliai<br \/>\nReguliuojamas hopup<br \/>\nI\u0161traukiama krano atsargos<br \/>\nIlgis 780mm-970mm<br \/>\nSvoris 2065g<br \/>\nBaterija ir akumuliatoriaus \u012fkroviklis ne\u012fskai\u010diuoti<\/p>\n<p>&nbsp;<\/p>\n<p>Nuotrauka yra iliustracin\u0117 \u2014 tikrieji dyd\u017eiai ir spalva gali \u0161iek tiek skirtis.<\/p>\n","protected":false},"featured_media":153373,"template":"","meta":{"_acf_changed":false},"product_brand":[],"product_cat":[1139],"product_tag":[1318],"class_list":{"0":"post-151725","1":"product","2":"type-product","3":"status-publish","4":"has-post-thumbnail","6":"product_cat-elektro-pneumatiniai-ginklai","7":"product_tag-4blss3ph-lt","9":"first","10":"onbackorder","11":"taxable","12":"shipping-taxable","13":"product-type-simple"},"acf":[],"_links":{"self":[{"href":"https:\/\/kingarms.ee\/lt\/wp-json\/wp\/v2\/product\/151725","targetHints":{"allow":["GET"]}}],"collection":[{"href":"https:\/\/kingarms.ee\/lt\/wp-json\/wp\/v2\/product"}],"about":[{"href":"https:\/\/kingarms.ee\/lt\/wp-json\/wp\/v2\/types\/product"}],"wp:featuredmedia":[{"embeddable":true,"href":"https:\/\/kingarms.ee\/lt\/wp-json\/wp\/v2\/media\/153373"}],"wp:attachment":[{"href":"https:\/\/kingarms.ee\/lt\/wp-json\/wp\/v2\/media?parent=151725"}],"wp:term":[{"taxonomy":"product_brand","embeddable":true,"href":"https:\/\/kingarms.ee\/lt\/wp-json\/wp\/v2\/product_brand?post=151725"},{"taxonomy":"product_cat","embeddable":true,"href":"https:\/\/kingarms.ee\/lt\/wp-json\/wp\/v2\/product_cat?post=151725"},{"taxonomy":"product_tag","embeddable":true,"href":"https:\/\/kingarms.ee\/lt\/wp-json\/wp\/v2\/product_tag?post=151725"}],"curies":[{"name":"wp","href":"https:\/\/api.w.org\/{rel}","templated":true}]}}