{"id":151727,"date":"2022-10-26T23:45:44","date_gmt":"2025-06-30T14:21:52","guid":{"rendered":"https:\/\/kingarms.ee\/product\/montavimo-ziedas-vidutinio-profilio-254-mm-vektorine-optika\/"},"modified":"2025-06-30T17:21:52","modified_gmt":"2025-06-30T14:21:52","slug":"montavimo-ziedas-vidutinio-profilio-254-mm-vektorine-optika","status":"publish","type":"product","link":"https:\/\/kingarms.ee\/lt\/product\/montavimo-ziedas-vidutinio-profilio-254-mm-vektorine-optika\/","title":{"rendered":"Montavimo \u017eiedas vidutinio profilio-25,4 mm vektorin\u0117 optika"},"content":{"rendered":"","protected":false},"excerpt":{"rendered":"<p>Montavimo \u017eiedas vidutinio profilio-25,4 mm vektorin\u0117 optika<\/p>\n<p>Vektorin\u0117 Optika taikymo sritis stovai rinkinys. Auk\u0161tas modelis, picatinny baz\u0117. D\u0117l 25,5 mm \/ 1&#8243; skersmens \u0161autuvas taikymo sritis. Cnc pagamintas i\u0161 6061-T6 aliuminio lydinio ir anoduoto matinio juodo.   <\/p>\n","protected":false},"featured_media":125012,"template":"","meta":{"_acf_changed":false},"product_brand":[],"product_cat":[1171],"product_tag":[],"class_list":{"0":"post-151727","1":"product","2":"type-product","3":"status-publish","4":"has-post-thumbnail","6":"product_cat-ziedai","8":"first","9":"instock","10":"purchasable","11":"product-type-simple"},"acf":[],"_links":{"self":[{"href":"https:\/\/kingarms.ee\/lt\/wp-json\/wp\/v2\/product\/151727","targetHints":{"allow":["GET"]}}],"collection":[{"href":"https:\/\/kingarms.ee\/lt\/wp-json\/wp\/v2\/product"}],"about":[{"href":"https:\/\/kingarms.ee\/lt\/wp-json\/wp\/v2\/types\/product"}],"wp:featuredmedia":[{"embeddable":true,"href":"https:\/\/kingarms.ee\/lt\/wp-json\/wp\/v2\/media\/125012"}],"wp:attachment":[{"href":"https:\/\/kingarms.ee\/lt\/wp-json\/wp\/v2\/media?parent=151727"}],"wp:term":[{"taxonomy":"product_brand","embeddable":true,"href":"https:\/\/kingarms.ee\/lt\/wp-json\/wp\/v2\/product_brand?post=151727"},{"taxonomy":"product_cat","embeddable":true,"href":"https:\/\/kingarms.ee\/lt\/wp-json\/wp\/v2\/product_cat?post=151727"},{"taxonomy":"product_tag","embeddable":true,"href":"https:\/\/kingarms.ee\/lt\/wp-json\/wp\/v2\/product_tag?post=151727"}],"curies":[{"name":"wp","href":"https:\/\/api.w.org\/{rel}","templated":true}]}}