{"id":151730,"date":"2022-10-26T23:14:57","date_gmt":"2025-06-30T14:24:15","guid":{"rendered":"https:\/\/kingarms.ee\/product\/taikymo-sritis-kalnas-su-lygiu-25-30mm-vnt\/"},"modified":"2025-06-30T17:24:15","modified_gmt":"2025-06-30T14:24:15","slug":"taikymo-sritis-kalnas-su-lygiu-25-30mm-vnt","status":"publish","type":"product","link":"https:\/\/kingarms.ee\/lt\/product\/taikymo-sritis-kalnas-su-lygiu-25-30mm-vnt\/","title":{"rendered":"Taikymo sritis kalnas su lygiu 25 \/ 30mm [vnt]"},"content":{"rendered":"","protected":false},"excerpt":{"rendered":"<p>Taikymo sritis kalnas su lygiu 25 \/ 30mm [vnt]<\/p>\n<p>\u017diedas su pasukamu guls\u010diuku 25 mm arba 30 mm skersmens teleskopo redukcijos \u017eiedams.<\/p>\n<p>\u0160io surinkimo d\u0117ka galite lengvai pasiekti teising\u0105 laikysen\u0105 ir padidinti skai\u010di\u0173 tiksl\u016bs kadrai.<\/p>\n","protected":false},"featured_media":124984,"template":"","meta":{"_acf_changed":false},"product_brand":[],"product_cat":[1171],"product_tag":[],"class_list":{"0":"post-151730","1":"product","2":"type-product","3":"status-publish","4":"has-post-thumbnail","6":"product_cat-ziedai","8":"first","9":"instock","10":"taxable","11":"shipping-taxable","12":"purchasable","13":"product-type-simple"},"acf":[],"_links":{"self":[{"href":"https:\/\/kingarms.ee\/lt\/wp-json\/wp\/v2\/product\/151730","targetHints":{"allow":["GET"]}}],"collection":[{"href":"https:\/\/kingarms.ee\/lt\/wp-json\/wp\/v2\/product"}],"about":[{"href":"https:\/\/kingarms.ee\/lt\/wp-json\/wp\/v2\/types\/product"}],"wp:featuredmedia":[{"embeddable":true,"href":"https:\/\/kingarms.ee\/lt\/wp-json\/wp\/v2\/media\/124984"}],"wp:attachment":[{"href":"https:\/\/kingarms.ee\/lt\/wp-json\/wp\/v2\/media?parent=151730"}],"wp:term":[{"taxonomy":"product_brand","embeddable":true,"href":"https:\/\/kingarms.ee\/lt\/wp-json\/wp\/v2\/product_brand?post=151730"},{"taxonomy":"product_cat","embeddable":true,"href":"https:\/\/kingarms.ee\/lt\/wp-json\/wp\/v2\/product_cat?post=151730"},{"taxonomy":"product_tag","embeddable":true,"href":"https:\/\/kingarms.ee\/lt\/wp-json\/wp\/v2\/product_tag?post=151730"}],"curies":[{"name":"wp","href":"https:\/\/api.w.org\/{rel}","templated":true}]}}