{"id":151731,"date":"2022-10-24T13:45:19","date_gmt":"2025-06-30T14:25:57","guid":{"rendered":"https:\/\/kingarms.ee\/product\/zurnalas-ram-revolveriui-umareksui\/"},"modified":"2025-06-30T17:25:57","modified_gmt":"2025-06-30T14:25:57","slug":"zurnalas-ram-revolveriui-umareksui","status":"publish","type":"product","link":"https:\/\/kingarms.ee\/lt\/product\/zurnalas-ram-revolveriui-umareksui\/","title":{"rendered":"\u017durnalas RAM revolveriui Umareksui"},"content":{"rendered":"","protected":false},"excerpt":{"rendered":"<p>\u017durnalas RAM revolveriui Umareksui<\/p>\n<p>Atsarginis \u017eurnalas su 6 kulk\u0173 talpa, skirta Ram Umareks T4E HDR 50 revolveriui.<\/p>\n<p>\u017durnalas pagamintas i\u0161 lengvo, patvaraus polimero ir metalo (var\u017eto). \u017durnalas tinka visoms kulkoms, naudojamoms Umareks T4E HDR 50 revolveriui: <\/p>\n<p>gumin\u0117s kulkos<br \/>\ngumin\u0117s-metalin\u0117s kulkos<br \/>\npipir\u0173 kulkos<br \/>\nmilteli\u0173 kulkos<br \/>\ntikslios kulkos<\/p>\n","protected":false},"featured_media":124933,"template":"","meta":{"_acf_changed":false},"product_brand":[],"product_cat":[1147],"product_tag":[],"class_list":{"0":"post-151731","1":"product","2":"type-product","3":"status-publish","4":"has-post-thumbnail","6":"product_cat-t4e-ginklai","8":"first","9":"instock","10":"sale","11":"purchasable","12":"product-type-simple"},"acf":[],"_links":{"self":[{"href":"https:\/\/kingarms.ee\/lt\/wp-json\/wp\/v2\/product\/151731","targetHints":{"allow":["GET"]}}],"collection":[{"href":"https:\/\/kingarms.ee\/lt\/wp-json\/wp\/v2\/product"}],"about":[{"href":"https:\/\/kingarms.ee\/lt\/wp-json\/wp\/v2\/types\/product"}],"wp:featuredmedia":[{"embeddable":true,"href":"https:\/\/kingarms.ee\/lt\/wp-json\/wp\/v2\/media\/124933"}],"wp:attachment":[{"href":"https:\/\/kingarms.ee\/lt\/wp-json\/wp\/v2\/media?parent=151731"}],"wp:term":[{"taxonomy":"product_brand","embeddable":true,"href":"https:\/\/kingarms.ee\/lt\/wp-json\/wp\/v2\/product_brand?post=151731"},{"taxonomy":"product_cat","embeddable":true,"href":"https:\/\/kingarms.ee\/lt\/wp-json\/wp\/v2\/product_cat?post=151731"},{"taxonomy":"product_tag","embeddable":true,"href":"https:\/\/kingarms.ee\/lt\/wp-json\/wp\/v2\/product_tag?post=151731"}],"curies":[{"name":"wp","href":"https:\/\/api.w.org\/{rel}","templated":true}]}}