{"id":151732,"date":"2022-10-24T13:45:19","date_gmt":"2025-06-30T14:28:16","guid":{"rendered":"https:\/\/kingarms.ee\/product\/saules-kilimelis-21-vatu\/"},"modified":"2025-06-30T17:28:16","modified_gmt":"2025-06-30T14:28:16","slug":"saules-kilimelis-21-vatu","status":"publish","type":"product","link":"https:\/\/kingarms.ee\/lt\/product\/saules-kilimelis-21-vatu\/","title":{"rendered":"Saul\u0117s kilim\u0117lis 21 vat\u0173"},"content":{"rendered":"","protected":false},"excerpt":{"rendered":"<p>Saul\u0117s kilim\u0117lis 21 vat\u0173<\/p>\n<p>Energija i\u0161 fotovoltini\u0173 plok\u0161\u010di\u0173 yra paprastas, patogus ir efektyvus sprendimas aktyviems stovyklautojams, kurie daug laiko praleid\u017eia keliaudami, \u017eygiuodami ar lauke, atokiau nuo elektros lizd\u0173.<\/p>\n<p>21 saul\u0117s vandens kilim\u0117lis suteikia tiesiogin\u0119 saul\u0117s energij\u0105 tokiems \u012frenginiams kaip j\u016bs\u0173 i\u0161manusis telefonas, plan\u0161etinis kompiuteris, mp3 grotuvas ar GPS.<\/p>\n<p>D\u0117l 2 \u012fkrovimo prievad\u0173 (USB-C ir USB) vienu metu galime \u012fkrauti 2 \u012frenginius.<\/p>\n<p>Prietaiso plok\u0161t\u0117s yra padengtos nailonu (600D), tod\u0117l jos puikiai apsaugo akumuliatori\u0173 nuo mechanini\u0173 pa\u017eeidim\u0173 ar ne\u0161varum\u0173.<\/p>\n<p>Kilim\u0117l\u012f galima atidaryti ir u\u017edaryti metaliniais skl\u0105s\u010diais.<\/p>\n<p>LCD ekranas rodo saul\u0117s baterijos efektyvum\u0105 ir \u012fkrovimo galios vert\u0119.<\/p>\n","protected":false},"featured_media":124924,"template":"","meta":{"_acf_changed":false},"product_brand":[],"product_cat":[1264],"product_tag":[],"class_list":{"0":"post-151732","1":"product","2":"type-product","3":"status-publish","4":"has-post-thumbnail","6":"product_cat-galios-bankas","8":"first","9":"instock","10":"purchasable","11":"product-type-simple"},"acf":[],"_links":{"self":[{"href":"https:\/\/kingarms.ee\/lt\/wp-json\/wp\/v2\/product\/151732","targetHints":{"allow":["GET"]}}],"collection":[{"href":"https:\/\/kingarms.ee\/lt\/wp-json\/wp\/v2\/product"}],"about":[{"href":"https:\/\/kingarms.ee\/lt\/wp-json\/wp\/v2\/types\/product"}],"wp:featuredmedia":[{"embeddable":true,"href":"https:\/\/kingarms.ee\/lt\/wp-json\/wp\/v2\/media\/124924"}],"wp:attachment":[{"href":"https:\/\/kingarms.ee\/lt\/wp-json\/wp\/v2\/media?parent=151732"}],"wp:term":[{"taxonomy":"product_brand","embeddable":true,"href":"https:\/\/kingarms.ee\/lt\/wp-json\/wp\/v2\/product_brand?post=151732"},{"taxonomy":"product_cat","embeddable":true,"href":"https:\/\/kingarms.ee\/lt\/wp-json\/wp\/v2\/product_cat?post=151732"},{"taxonomy":"product_tag","embeddable":true,"href":"https:\/\/kingarms.ee\/lt\/wp-json\/wp\/v2\/product_tag?post=151732"}],"curies":[{"name":"wp","href":"https:\/\/api.w.org\/{rel}","templated":true}]}}