{"id":151736,"date":"2020-06-01T16:20:00","date_gmt":"2025-06-30T14:31:56","guid":{"rendered":"https:\/\/kingarms.ee\/product\/arp-9-battleship-gray-gg\/"},"modified":"2025-06-30T17:31:56","modified_gmt":"2025-06-30T14:31:56","slug":"arp-9-battleship-gray-gg","status":"publish","type":"product","link":"https:\/\/kingarms.ee\/lt\/product\/arp-9-battleship-gray-gg\/","title":{"rendered":"ARP 9 BATTLESHIP GRAY G&amp;G"},"content":{"rendered":"<p><a href=\"https:\/\/kingarms.ee\/wp-content\/uploads\/2020\/06\/gg-armament-electric-rifle-cm16-arp-9-battleship-gray-gg-arp9g-300x300.jpg\"><img loading=\"lazy\" decoding=\"async\" class=\"alignnone size-medium\" src=\"https:\/\/kingarms.ee\/wp-content\/uploads\/2020\/06\/gg-armament-electric-rifle-cm16-arp-9-battleship-gray-gg-arp9g-300x300.jpg\" alt=\"\" width=\"300\" height=\"300\"><\/a><\/p>\n","protected":false},"excerpt":{"rendered":"<p>ARP 9 \u0161arvuotis pilka G &amp; amp; G<br \/>\nNailono pluo\u0161to korpusas<br \/>\nM-Lok aliuminio rank\u0173 apsauga<br \/>\n300 raund\u0173 hi-cap \u017eurnalas<br \/>\nI\u0161traukiamos atsargos<br \/>\nReguliuojami atver\u010diami taikikliai<br \/>\nReguliuojamas \u0161uolis auk\u0161tyn<br \/>\nMosfet ir etu<br \/>\nGaisro re\u017eimas: saugus, vieno \u0161\u016bvio ir visi\u0161kai automatinis (gali nustatyti 3 raund\u0173 sprogim\u0105)<br \/>\n25000 rpm auk\u0161to sukimo momento ilgos a\u0161ies variklis<br \/>\nIlgis 495mm-585mm<br \/>\nSvoris 2000g<br \/>\nBattleship pilka spalva<br \/>\nBaterija ir akumuliatoriaus \u012fkroviklis ne\u012fskai\u010diuoti<\/p>\n","protected":false},"featured_media":122613,"template":"","meta":{"_acf_changed":false},"product_brand":[],"product_cat":[1139],"product_tag":[1318],"class_list":{"0":"post-151736","1":"product","2":"type-product","3":"status-publish","4":"has-post-thumbnail","6":"product_cat-elektro-pneumatiniai-ginklai","7":"product_tag-4blss3ph-lt","9":"first","10":"onbackorder","11":"taxable","12":"shipping-taxable","13":"product-type-simple"},"acf":[],"_links":{"self":[{"href":"https:\/\/kingarms.ee\/lt\/wp-json\/wp\/v2\/product\/151736","targetHints":{"allow":["GET"]}}],"collection":[{"href":"https:\/\/kingarms.ee\/lt\/wp-json\/wp\/v2\/product"}],"about":[{"href":"https:\/\/kingarms.ee\/lt\/wp-json\/wp\/v2\/types\/product"}],"wp:featuredmedia":[{"embeddable":true,"href":"https:\/\/kingarms.ee\/lt\/wp-json\/wp\/v2\/media\/122613"}],"wp:attachment":[{"href":"https:\/\/kingarms.ee\/lt\/wp-json\/wp\/v2\/media?parent=151736"}],"wp:term":[{"taxonomy":"product_brand","embeddable":true,"href":"https:\/\/kingarms.ee\/lt\/wp-json\/wp\/v2\/product_brand?post=151736"},{"taxonomy":"product_cat","embeddable":true,"href":"https:\/\/kingarms.ee\/lt\/wp-json\/wp\/v2\/product_cat?post=151736"},{"taxonomy":"product_tag","embeddable":true,"href":"https:\/\/kingarms.ee\/lt\/wp-json\/wp\/v2\/product_tag?post=151736"}],"curies":[{"name":"wp","href":"https:\/\/api.w.org\/{rel}","templated":true}]}}